{"id":9864,"date":"2026-03-23T17:41:32","date_gmt":"2026-03-24T00:41:32","guid":{"rendered":"https:\/\/chrismathsdesignstore.com\/?post_type=product&#038;p=9864"},"modified":"2026-03-23T18:47:04","modified_gmt":"2026-03-24T01:47:04","slug":"tote-bag-personalizado-con-logo-o-leyendapara-su-iglesia","status":"publish","type":"product","link":"https:\/\/chrismathsdesignstore.com\/es_es\/producto\/tote-bag-personalizado-con-logo-o-leyendapara-su-iglesia\/","title":{"rendered":"Mini Tote Bag Personalizado con logo o leyenda"},"content":{"rendered":"<h2>Tote Bag Personalizado con logo o leyendapara su iglesia<\/h2>\n<h4><\/h4>\n<p>&nbsp;<\/p>\n<h5><\/h5>\n","protected":false},"excerpt":{"rendered":"<h2>Tote Bag Personalizado con logo o leyenda.<\/h2>\n<h4>PEDIDO MINIMO DE 20 Pa\u00f1uelo a $8.50 por unidad.<\/h4>\n<h5>Tote bag personalizada para iglesias y ministerios, perfecta para eventos, regalos y conferencias.. Personal\u00edzala con tu logo o una leyenda especial y crea un detalle \u00fanico con prop\u00f3sito.<\/h5>\n<h3>Material\/ Medidas<\/h3>\n<h5>Medida: 8,5 in x 8 in \/ 20.32 x 21.59 cm<br \/>\nMaterial: Lona<\/h5>\n<h2 data-section-id=\"10am7zh\" data-start=\"820\" data-end=\"837\">\ud83c\udf81 Opcionales:<\/h2>\n<ul data-start=\"838\" data-end=\"915\">\n<li data-section-id=\"19s6yt9\" data-start=\"838\" data-end=\"882\">\n<h5>Relleno de kit (libreta, lapicero, etc.)<\/h5>\n<\/li>\n<li data-section-id=\"18rbk4i\" data-start=\"883\" data-end=\"915\">\n<h5>Empaque especial para regalo<\/h5>\n<\/li>\n<\/ul>\n","protected":false},"featured_media":9865,"comment_status":"closed","ping_status":"closed","template":"","meta":{"_monsterinsights_skip_tracking":false,"_monsterinsights_sitenote_active":false,"_monsterinsights_sitenote_note":"","_monsterinsights_sitenote_category":0},"product_brand":[],"product_cat":[377],"product_tag":[307,313,310,305,306,312,335,336,303,337,334],"class_list":{"0":"post-9864","1":"product","2":"type-product","3":"status-publish","4":"has-post-thumbnail","6":"product_cat-iglesia","7":"product_tag-dad","8":"product_tag-feliz-dia-del-padre","9":"product_tag-grandad","10":"product_tag-grandfather","11":"product_tag-grandpa","12":"product_tag-happy-fathers-day","13":"product_tag-iglesia","14":"product_tag-ministro","15":"product_tag-papa","16":"product_tag-pastor","17":"product_tag-varon","19":"first","20":"instock","21":"featured","22":"shipping-taxable","23":"purchasable","24":"product-type-simple"},"aioseo_notices":[],"jetpack_sharing_enabled":true,"_links":{"self":[{"href":"https:\/\/chrismathsdesignstore.com\/es_es\/wp-json\/wp\/v2\/product\/9864","targetHints":{"allow":["GET"]}}],"collection":[{"href":"https:\/\/chrismathsdesignstore.com\/es_es\/wp-json\/wp\/v2\/product"}],"about":[{"href":"https:\/\/chrismathsdesignstore.com\/es_es\/wp-json\/wp\/v2\/types\/product"}],"replies":[{"embeddable":true,"href":"https:\/\/chrismathsdesignstore.com\/es_es\/wp-json\/wp\/v2\/comments?post=9864"}],"wp:featuredmedia":[{"embeddable":true,"href":"https:\/\/chrismathsdesignstore.com\/es_es\/wp-json\/wp\/v2\/media\/9865"}],"wp:attachment":[{"href":"https:\/\/chrismathsdesignstore.com\/es_es\/wp-json\/wp\/v2\/media?parent=9864"}],"wp:term":[{"taxonomy":"product_brand","embeddable":true,"href":"https:\/\/chrismathsdesignstore.com\/es_es\/wp-json\/wp\/v2\/product_brand?post=9864"},{"taxonomy":"product_cat","embeddable":true,"href":"https:\/\/chrismathsdesignstore.com\/es_es\/wp-json\/wp\/v2\/product_cat?post=9864"},{"taxonomy":"product_tag","embeddable":true,"href":"https:\/\/chrismathsdesignstore.com\/es_es\/wp-json\/wp\/v2\/product_tag?post=9864"}],"curies":[{"name":"wp","href":"https:\/\/api.w.org\/{rel}","templated":true}]}}