{"id":9499,"date":"2026-02-27T16:54:22","date_gmt":"2026-02-28T00:54:22","guid":{"rendered":"https:\/\/chrismathsdesignstore.com\/?post_type=product&#038;p=9499"},"modified":"2026-02-27T16:59:51","modified_gmt":"2026-02-28T00:59:51","slug":"caja-metalica-de-promesas-para-un-viaje-de-confianza-40-promesas-para-cada-dia","status":"publish","type":"product","link":"https:\/\/chrismathsdesignstore.com\/es_es\/producto\/caja-metalica-de-promesas-para-un-viaje-de-confianza-40-promesas-para-cada-dia\/","title":{"rendered":"Caja Met\u00e1lica de Promesas para un Viaje de Confianza: 40 promesas para cada d\u00eda"},"content":{"rendered":"<h4><\/h4>\n<p>&nbsp;<\/p>\n<h5><\/h5>\n","protected":false},"excerpt":{"rendered":"<h3 data-start=\"101\" data-end=\"185\"><strong data-start=\"101\" data-end=\"185\">Caja Met\u00e1lica de Promesas para un Viaje de Confianza \u2013 40 Promesas para Cada D\u00eda<\/strong><\/h3>\n<h4 data-start=\"187\" data-end=\"453\">Fortalece tu fe y camina con confianza cada d\u00eda con esta hermosa <strong data-start=\"252\" data-end=\"290\">caja met\u00e1lica de promesas b\u00edblicas<\/strong>. Incluye <strong data-start=\"300\" data-end=\"343\">40 tarjetas con vers\u00edculos inspiradores<\/strong>, dise\u00f1adas para recordarte las promesas de Dios y llenar tu coraz\u00f3n de paz, esperanza y seguridad en Su gu\u00eda.<\/h4>\n<h4 data-start=\"455\" data-end=\"801\">La caja met\u00e1lica presenta un <strong data-start=\"484\" data-end=\"523\">dise\u00f1o \u00fanico, elegante y resistente<\/strong>, ideal para conservar las tarjetas, llevarlas contigo o regalar a alguien especial. Cada tarjeta contiene un <strong data-start=\"633\" data-end=\"663\">mensaje b\u00edblico edificante<\/strong> y en el reverso encontrar\u00e1s <strong data-start=\"692\" data-end=\"747\">espacio para escribir una dedicatoria personalizada<\/strong>, convirti\u00e9ndolo en un regalo cristiano significativo.<\/h4>\n<h4 data-start=\"803\" data-end=\"950\">Perfecto para <strong data-start=\"817\" data-end=\"949\">devocionales diarios, momentos de oraci\u00f3n, reflexi\u00f3n espiritual o como regalo cristiano para familiares, amigos o seres queridos<\/strong>.<\/h4>\n<h4 data-start=\"952\" data-end=\"972\"><strong data-start=\"952\" data-end=\"972\">Caracter\u00edsticas:<\/strong><\/h4>\n<h4 data-start=\"974\" data-end=\"1225\">\u2022 Incluye 40 tarjetas con promesas b\u00edblicas<br data-start=\"1017\" data-end=\"1020\" \/>\u2022 Caja met\u00e1lica decorativa y duradera<br data-start=\"1057\" data-end=\"1060\" \/>\u2022 Mensajes de confianza, fe y esperanza<br data-start=\"1099\" data-end=\"1102\" \/>\u2022 Espacio para dedicatoria en cada tarjeta<br data-start=\"1144\" data-end=\"1147\" \/>\u2022 Ideal para devocional diario<br data-start=\"1177\" data-end=\"1180\" \/>\u2022 Regalo cristiano especial y significativo<\/h4>\n<h4 data-start=\"1227\" data-end=\"1324\">Un hermoso recurso espiritual que te acompa\u00f1ar\u00e1 en tu <strong data-start=\"1281\" data-end=\"1324\">viaje diario de fe y confianza en Dios.<\/strong><\/h4>\n","protected":false},"featured_media":9500,"comment_status":"closed","ping_status":"closed","template":"","meta":{"_monsterinsights_skip_tracking":false,"_monsterinsights_sitenote_active":false,"_monsterinsights_sitenote_note":"","_monsterinsights_sitenote_category":0},"product_brand":[],"product_cat":[35,15],"product_tag":[182,152,153,148,285,335,336,281,149,284,147,150,154,334,280],"class_list":{"0":"post-9499","1":"product","2":"type-product","3":"status-publish","4":"has-post-thumbnail","6":"product_cat-regalos","7":"product_cat-sin-categorizar","8":"product_tag-articulos-cristianos","9":"product_tag-birthday","10":"product_tag-cumpleanos","11":"product_tag-dama","12":"product_tag-hija","13":"product_tag-iglesia","14":"product_tag-ministro","15":"product_tag-mother","16":"product_tag-mujer","17":"product_tag-nieta","18":"product_tag-nina","19":"product_tag-novia","20":"product_tag-quinceanera","21":"product_tag-varon","22":"product_tag-woman","24":"first","25":"instock","26":"featured","27":"shipping-taxable","28":"purchasable","29":"product-type-simple"},"aioseo_notices":[],"jetpack_sharing_enabled":true,"_links":{"self":[{"href":"https:\/\/chrismathsdesignstore.com\/es_es\/wp-json\/wp\/v2\/product\/9499","targetHints":{"allow":["GET"]}}],"collection":[{"href":"https:\/\/chrismathsdesignstore.com\/es_es\/wp-json\/wp\/v2\/product"}],"about":[{"href":"https:\/\/chrismathsdesignstore.com\/es_es\/wp-json\/wp\/v2\/types\/product"}],"replies":[{"embeddable":true,"href":"https:\/\/chrismathsdesignstore.com\/es_es\/wp-json\/wp\/v2\/comments?post=9499"}],"wp:featuredmedia":[{"embeddable":true,"href":"https:\/\/chrismathsdesignstore.com\/es_es\/wp-json\/wp\/v2\/media\/9500"}],"wp:attachment":[{"href":"https:\/\/chrismathsdesignstore.com\/es_es\/wp-json\/wp\/v2\/media?parent=9499"}],"wp:term":[{"taxonomy":"product_brand","embeddable":true,"href":"https:\/\/chrismathsdesignstore.com\/es_es\/wp-json\/wp\/v2\/product_brand?post=9499"},{"taxonomy":"product_cat","embeddable":true,"href":"https:\/\/chrismathsdesignstore.com\/es_es\/wp-json\/wp\/v2\/product_cat?post=9499"},{"taxonomy":"product_tag","embeddable":true,"href":"https:\/\/chrismathsdesignstore.com\/es_es\/wp-json\/wp\/v2\/product_tag?post=9499"}],"curies":[{"name":"wp","href":"https:\/\/api.w.org\/{rel}","templated":true}]}}