{"id":8998,"date":"2026-02-23T18:43:10","date_gmt":"2026-02-24T02:43:10","guid":{"rendered":"https:\/\/chrismathsdesignstore.com\/?post_type=product&#038;p=8998"},"modified":"2026-02-23T18:56:10","modified_gmt":"2026-02-24T02:56:10","slug":"t-shirts-personalizadas-de-ninos-para-iglesias","status":"publish","type":"product","link":"https:\/\/chrismathsdesignstore.com\/es_es\/producto\/t-shirts-personalizadas-de-ninos-para-iglesias\/","title":{"rendered":"T-Shirts personalizadas de ni\u00f1os para iglesias"},"content":{"rendered":"","protected":false},"excerpt":{"rendered":"<h2 data-start=\"164\" data-end=\"205\">Camisetas Personalizadas para Iglesias<\/h2>\n<h4 data-start=\"207\" data-end=\"410\">Dise\u00f1a camisetas \u00fanicas para tu iglesia con tu <strong data-start=\"254\" data-end=\"289\">logo, lema o vers\u00edculo especial<\/strong>. Perfectas para eventos, conferencias, grupos de j\u00f3venes, ministerios, campa\u00f1as evangel\u00edsticas o actividades especiales.<\/h4>\n<p data-start=\"412\" data-end=\"637\">Nuestras camisetas ofrecen:<br \/>\n\u2714\ufe0f Excelente calidad y comodidad<br data-start=\"472\" data-end=\"475\" \/>\u2714\ufe0f Impresi\u00f3n profesional y duradera<br data-start=\"510\" data-end=\"513\" \/>\u2714\ufe0f Variedad de colores disponibles bajo pedido<br data-start=\"592\" data-end=\"595\" \/>\u2714\ufe0f Personalizaci\u00f3n con su logo o leyenda<\/p>\n<p data-start=\"639\" data-end=\"708\">\u2728 <strong data-start=\"641\" data-end=\"708\">Precio especial disponible para pedidos m\u00ednimos de 20 unidades.<\/strong><\/p>\n<p data-start=\"710\" data-end=\"847\">Si necesita menos de 20 camisetas, por favor escr\u00edbanos y con gusto le enviaremos los detalles de precios para pedidos de menor cantidad.<\/p>\n<p data-start=\"849\" data-end=\"932\">Estamos aqu\u00ed para ayudarle a representar su iglesia con excelencia y prop\u00f3sito<\/p>\n<h3 data-start=\"782\" data-end=\"809\">\ud83e\udde5 Opciones disponibles<\/h3>\n<p data-start=\"810\" data-end=\"826\"><strong data-start=\"810\" data-end=\"826\">\ud83d\udc55 Camisetas<\/strong><\/p>\n<ul data-start=\"827\" data-end=\"944\">\n<li data-start=\"827\" data-end=\"891\">\n<p data-start=\"829\" data-end=\"891\">Colores lisos: <strong data-start=\"844\" data-end=\"860\">100% algod\u00f3n<\/strong> (suave, ligero y transpirable)<\/p>\n<\/li>\n<li data-start=\"892\" data-end=\"944\">\n<p data-start=\"894\" data-end=\"944\">Colores jaspeados: <strong data-start=\"913\" data-end=\"944\">90% algod\u00f3n \/ 10% poli\u00e9ster<\/strong><\/p>\n<\/li>\n<\/ul>\n<p data-start=\"946\" data-end=\"973\"><strong data-start=\"946\" data-end=\"973\">\ud83e\uddf6 Sudaderas \/ Su\u00e9teres<\/strong><\/p>\n<ul data-start=\"974\" data-end=\"1057\">\n<li data-start=\"974\" data-end=\"1007\">\n<p data-start=\"976\" data-end=\"1007\"><strong data-start=\"976\" data-end=\"1007\">50% algod\u00f3n \/ 50% poli\u00e9ster<\/strong><\/p>\n<\/li>\n<li data-start=\"1008\" data-end=\"1057\">\n<p data-start=\"1010\" data-end=\"1057\">Calientita, c\u00f3moda y perfecta para clima fresco<\/p>\n<\/li>\n<\/ul>\n<h3 data-start=\"1260\" data-end=\"1292\">\ud83c\udfa8 Impresi\u00f3n de alta calidad<\/h3>\n<p data-start=\"1293\" data-end=\"1388\">Impreso con tecnolog\u00eda <strong data-start=\"1316\" data-end=\"1340\">DTF (Direct-to-Film)<\/strong> para colores vibrantes y excelente durabilidad.<\/p>\n<h3 data-start=\"1390\" data-end=\"1424\">\ud83d\udccf Tallas para toda la familia<\/h3>\n<p data-start=\"1425\" data-end=\"1527\">Disponible en tallas <strong data-start=\"1446\" data-end=\"1456\">unisex<\/strong> para adultos y ni\u00f1os.<\/p>\n<h3 data-start=\"1529\" data-end=\"1560\">\ud83e\uddfc Instrucciones de cuidado<\/h3>\n<ul data-start=\"1561\" data-end=\"1721\">\n<li data-start=\"1561\" data-end=\"1623\">\n<p data-start=\"1563\" data-end=\"1623\">Lavar a m\u00e1quina con <strong data-start=\"1583\" data-end=\"1596\">agua fr\u00eda<\/strong> (preferiblemente al rev\u00e9s)<\/p>\n<\/li>\n<li data-start=\"1624\" data-end=\"1639\">\n<p data-start=\"1626\" data-end=\"1639\">No usar cloro<\/p>\n<\/li>\n<li data-start=\"1640\" data-end=\"1721\">\n<p data-start=\"1642\" data-end=\"1721\">Evitar secadora (o usar en baja temperatura) para mantener el dise\u00f1o como nuevo<\/p>\n<\/li>\n<\/ul>\n<p data-start=\"1786\" data-end=\"1821\"><strong data-start=\"1786\" data-end=\"1801\">Materiales:<\/strong> algod\u00f3n, poli\u00e9ster.<\/p>\n<h4><\/h4>\n","protected":false},"featured_media":9175,"comment_status":"closed","ping_status":"closed","template":"","meta":{"_monsterinsights_skip_tracking":false,"_monsterinsights_sitenote_active":false,"_monsterinsights_sitenote_note":"","_monsterinsights_sitenote_category":0},"product_brand":[],"product_cat":[15],"product_tag":[],"class_list":{"0":"post-8998","1":"product","2":"type-product","3":"status-publish","4":"has-post-thumbnail","6":"product_cat-sin-categorizar","8":"first","9":"instock","10":"shipping-taxable","11":"purchasable","12":"product-type-variable","13":"has-default-attributes"},"aioseo_notices":[],"jetpack_sharing_enabled":true,"_links":{"self":[{"href":"https:\/\/chrismathsdesignstore.com\/es_es\/wp-json\/wp\/v2\/product\/8998","targetHints":{"allow":["GET"]}}],"collection":[{"href":"https:\/\/chrismathsdesignstore.com\/es_es\/wp-json\/wp\/v2\/product"}],"about":[{"href":"https:\/\/chrismathsdesignstore.com\/es_es\/wp-json\/wp\/v2\/types\/product"}],"replies":[{"embeddable":true,"href":"https:\/\/chrismathsdesignstore.com\/es_es\/wp-json\/wp\/v2\/comments?post=8998"}],"wp:featuredmedia":[{"embeddable":true,"href":"https:\/\/chrismathsdesignstore.com\/es_es\/wp-json\/wp\/v2\/media\/9175"}],"wp:attachment":[{"href":"https:\/\/chrismathsdesignstore.com\/es_es\/wp-json\/wp\/v2\/media?parent=8998"}],"wp:term":[{"taxonomy":"product_brand","embeddable":true,"href":"https:\/\/chrismathsdesignstore.com\/es_es\/wp-json\/wp\/v2\/product_brand?post=8998"},{"taxonomy":"product_cat","embeddable":true,"href":"https:\/\/chrismathsdesignstore.com\/es_es\/wp-json\/wp\/v2\/product_cat?post=8998"},{"taxonomy":"product_tag","embeddable":true,"href":"https:\/\/chrismathsdesignstore.com\/es_es\/wp-json\/wp\/v2\/product_tag?post=8998"}],"curies":[{"name":"wp","href":"https:\/\/api.w.org\/{rel}","templated":true}]}}