{"id":7793,"date":"2026-02-11T14:52:58","date_gmt":"2026-02-11T22:52:58","guid":{"rendered":"https:\/\/chrismathsdesignstore.com\/?post_type=product&#038;p=7793"},"modified":"2026-03-24T21:50:50","modified_gmt":"2026-03-25T04:50:50","slug":"cita-a-ciegas-con-dios-edicion-pequenos-comienzos","status":"publish","type":"product","link":"https:\/\/chrismathsdesignstore.com\/es_es\/producto\/cita-a-ciegas-con-dios-edicion-pequenos-comienzos\/","title":{"rendered":"Cita a Ciegas con Dios \u2013 Edici\u00f3n \u201cPeque\u00f1os Comienzos\u201d"},"content":{"rendered":"","protected":false},"excerpt":{"rendered":"<h3><strong>\u2728<\/strong><strong> Cita a Ciegas con Dios \u2013 Set de Regalo<\/strong><\/h3>\n<h5>Descubre el maravilloso set <strong>\u201cCita a Ciegas con Dios\u201d<\/strong>, un regalo lleno de fe, prop\u00f3sito y belleza espiritual. Perfecto para quienes aman hacer devocionales, escribir sus oraciones o pasar tiempo \u00edntimo con la Palabra de Dios.<br \/>\nEste set est\u00e1 dise\u00f1ado para inspirar, fortalecer tu relaci\u00f3n con el Se\u00f1or y acompa\u00f1arte en tus momentos de b\u00fasqueda y reflexi\u00f3n.<\/h5>\n<h4><strong>\u00bfQu\u00e9 incluye este hermoso set?<\/strong><\/h4>\n<ul>\n<li>\n<h4>Diario devocional <em data-start=\"494\" data-end=\"559\">(puedes escoger edici\u00f3n espiral o edici\u00f3n con cubierta de piel)<\/em><\/h4>\n<\/li>\n<\/ul>\n<h5>\u00a0Recibir\u00e1 una libreta encuadernado con espiral de tapa dura con una palabra que edificara tu corazon.<\/h5>\n<h5>Tenga en cuenta que el color e idioma que elija solo se aplicar\u00e1 al embalaje exterior de su set. Si bien nos\u00a0 esforzamos por igualar el color de los diarios interiores, algunos pueden incluir estampados como florales, formas, etc. No podemos garantizar una coincidencia exacta. Sin embargo, nos esforzamos por aproximarnos lo m\u00e1s posible.<\/h5>\n<ul>\n<li>\n<h4><strong>Marcap\u00e1ginas inspirador<\/strong><\/h4>\n<h5>Dise\u00f1os hermosos con mensajes que te animar\u00e1n en tu caminar diario.<\/h5>\n<\/li>\n<li>\n<h4><strong>Pegatinas cristianas<\/strong><\/h4>\n<h5>Ideales para decorar tu libreta, tu Biblia o tu diario devocional.<\/h5>\n<\/li>\n<li>\n<h4><strong>Resaltador <\/strong><\/h4>\n<\/li>\n<li>\n<h4><strong>Bol\u00edgrafo<\/strong><\/h4>\n<h5>Para estudiar la Palabra y escribir lo que Dios te hable.<\/h5>\n<\/li>\n<li>\n<h4><strong>Pesta\u00f1as\u00a0 de anotaciones<\/strong><\/h4>\n<\/li>\n<li>\n<h4><strong>sticky notes<\/strong><\/h4>\n<h5>Perfectas para anotar promesas, reflexiones y vers\u00edculos favoritos.<\/h5>\n<\/li>\n<li>\n<h4><strong>Magn\u00e9tico de mujer de la Biblia<\/strong><\/h4>\n<h5>Una pieza preciosa que adornar\u00e1 tu libreta o espacio de estudio.<\/h5>\n<\/li>\n<li>\n<h4>Accesorio para el cabello<\/h4>\n<\/li>\n<li>\n<h4><strong>Infusi\u00f3n bot\u00e1nica<\/strong><\/h4>\n<h5>Para disfrutar un momento de paz mientras haces tu devocional.<\/h5>\n<\/li>\n<\/ul>\n<h4><strong>\u270f\ufe0f<\/strong><strong> Opciones de personalizaci\u00f3n<\/strong><\/h4>\n<h5>Haz que tu <em>Cita a Ciegas con Dios<\/em> sea a\u00fan m\u00e1s especial. Antes de hacer tu pedido escribe tus preferencias en la casilla, no prometemos todos los detalles pero haremos lo posible para crear algo \u00fanico y lleno de amor para ti.<\/h5>\n<h5><strong>\u2764\ufe0f<\/strong><strong> Apoya a un peque\u00f1o negocio cristiano<\/strong><\/h5>\n<h5>Cada compra ayuda a una emprendedora que ama a Dios y sirve con dedicaci\u00f3n. \u00a1Gracias por apoyar este ministerio creativo!<\/h5>\n","protected":false},"featured_media":7794,"comment_status":"closed","ping_status":"closed","template":"","meta":{"_monsterinsights_skip_tracking":false,"_monsterinsights_sitenote_active":false,"_monsterinsights_sitenote_note":"","_monsterinsights_sitenote_category":0},"product_brand":[],"product_cat":[248,33],"product_tag":[],"class_list":{"0":"post-7793","1":"product","2":"type-product","3":"status-publish","4":"has-post-thumbnail","6":"product_cat-navidad","7":"product_cat-libretas","9":"first","10":"instock","11":"featured","12":"shipping-taxable","13":"purchasable","14":"product-type-variable"},"aioseo_notices":[],"jetpack_sharing_enabled":true,"_links":{"self":[{"href":"https:\/\/chrismathsdesignstore.com\/es_es\/wp-json\/wp\/v2\/product\/7793","targetHints":{"allow":["GET"]}}],"collection":[{"href":"https:\/\/chrismathsdesignstore.com\/es_es\/wp-json\/wp\/v2\/product"}],"about":[{"href":"https:\/\/chrismathsdesignstore.com\/es_es\/wp-json\/wp\/v2\/types\/product"}],"replies":[{"embeddable":true,"href":"https:\/\/chrismathsdesignstore.com\/es_es\/wp-json\/wp\/v2\/comments?post=7793"}],"wp:featuredmedia":[{"embeddable":true,"href":"https:\/\/chrismathsdesignstore.com\/es_es\/wp-json\/wp\/v2\/media\/7794"}],"wp:attachment":[{"href":"https:\/\/chrismathsdesignstore.com\/es_es\/wp-json\/wp\/v2\/media?parent=7793"}],"wp:term":[{"taxonomy":"product_brand","embeddable":true,"href":"https:\/\/chrismathsdesignstore.com\/es_es\/wp-json\/wp\/v2\/product_brand?post=7793"},{"taxonomy":"product_cat","embeddable":true,"href":"https:\/\/chrismathsdesignstore.com\/es_es\/wp-json\/wp\/v2\/product_cat?post=7793"},{"taxonomy":"product_tag","embeddable":true,"href":"https:\/\/chrismathsdesignstore.com\/es_es\/wp-json\/wp\/v2\/product_tag?post=7793"}],"curies":[{"name":"wp","href":"https:\/\/api.w.org\/{rel}","templated":true}]}}