{"id":6853,"date":"2026-01-07T18:03:02","date_gmt":"2026-01-08T02:03:02","guid":{"rendered":"https:\/\/chrismathsdesignstore.com\/?post_type=product&#038;p=6853"},"modified":"2026-02-21T22:35:41","modified_gmt":"2026-02-22T06:35:41","slug":"toalla-con-logo-para-iglesias-pedido-min-20-unidades","status":"publish","type":"product","link":"https:\/\/chrismathsdesignstore.com\/es_es\/producto\/toalla-con-logo-para-iglesias-pedido-min-20-unidades\/","title":{"rendered":"Toalla con logo para iglesias Pedido min. 20 unidades"},"content":{"rendered":"<h2>Toalla Personalizado con logo para su iglesia<\/h2>\n<h4><\/h4>\n<p>&nbsp;<\/p>\n<h5><\/h5>\n","protected":false},"excerpt":{"rendered":"<h2>Toalla Personalizado con logo de su iglesia.<\/h2>\n<h4>PEDIDO MINIMO DE 20 Pa\u00f1uelo a $15.00 por unidad.<\/h4>\n<h5>Haz que cada momento especial sea a\u00fan m\u00e1s significativo con nuestra toalla personalizada, dise\u00f1ada para reflejar la fe y la comunidad de tu iglesia. Esta toalla puede ser adornado con el logo de su iglesia, creando un s\u00edmbolo de uni\u00f3n y amor cristiano que perdurar\u00e1 en el coraz\u00f3n de quienes lo lleven.<\/h5>\n<h5>Este regalo es ideal para eventos, reuniones, retiros, o como un regalo especial para miembros, l\u00edderes y pastores.<\/h5>\n<h3><strong>Presentaci\u00f3n:<\/strong><\/h3>\n<h5>Por un costo adicional puede incluir una elegante caja de regalo, lista para ser entregada, lo que la convierte en una opci\u00f3n perfecta para sorprender en cualquier ocasi\u00f3n.<\/h5>\n<h3>Material\/ Medidas<\/h3>\n<h5>Medida: 13 in x 13 in<br \/>\nMaterial: 100% algodon<\/h5>\n<p>&nbsp;<\/p>\n","protected":false},"featured_media":6854,"comment_status":"closed","ping_status":"closed","template":"","meta":{"_monsterinsights_skip_tracking":false,"_monsterinsights_sitenote_active":false,"_monsterinsights_sitenote_note":"","_monsterinsights_sitenote_category":0},"product_brand":[],"product_cat":[15],"product_tag":[307,313,310,305,306,312,335,336,303,337,334],"class_list":{"0":"post-6853","1":"product","2":"type-product","3":"status-publish","4":"has-post-thumbnail","6":"product_cat-sin-categorizar","7":"product_tag-dad","8":"product_tag-feliz-dia-del-padre","9":"product_tag-grandad","10":"product_tag-grandfather","11":"product_tag-grandpa","12":"product_tag-happy-fathers-day","13":"product_tag-iglesia","14":"product_tag-ministro","15":"product_tag-papa","16":"product_tag-pastor","17":"product_tag-varon","19":"first","20":"instock","21":"featured","22":"shipping-taxable","23":"purchasable","24":"product-type-simple"},"aioseo_notices":[],"jetpack_sharing_enabled":true,"_links":{"self":[{"href":"https:\/\/chrismathsdesignstore.com\/es_es\/wp-json\/wp\/v2\/product\/6853","targetHints":{"allow":["GET"]}}],"collection":[{"href":"https:\/\/chrismathsdesignstore.com\/es_es\/wp-json\/wp\/v2\/product"}],"about":[{"href":"https:\/\/chrismathsdesignstore.com\/es_es\/wp-json\/wp\/v2\/types\/product"}],"replies":[{"embeddable":true,"href":"https:\/\/chrismathsdesignstore.com\/es_es\/wp-json\/wp\/v2\/comments?post=6853"}],"wp:featuredmedia":[{"embeddable":true,"href":"https:\/\/chrismathsdesignstore.com\/es_es\/wp-json\/wp\/v2\/media\/6854"}],"wp:attachment":[{"href":"https:\/\/chrismathsdesignstore.com\/es_es\/wp-json\/wp\/v2\/media?parent=6853"}],"wp:term":[{"taxonomy":"product_brand","embeddable":true,"href":"https:\/\/chrismathsdesignstore.com\/es_es\/wp-json\/wp\/v2\/product_brand?post=6853"},{"taxonomy":"product_cat","embeddable":true,"href":"https:\/\/chrismathsdesignstore.com\/es_es\/wp-json\/wp\/v2\/product_cat?post=6853"},{"taxonomy":"product_tag","embeddable":true,"href":"https:\/\/chrismathsdesignstore.com\/es_es\/wp-json\/wp\/v2\/product_tag?post=6853"}],"curies":[{"name":"wp","href":"https:\/\/api.w.org\/{rel}","templated":true}]}}