{"id":6683,"date":"2025-11-05T13:04:23","date_gmt":"2025-11-05T21:04:23","guid":{"rendered":"https:\/\/chrismathsdesignstore.com\/?post_type=product&#038;p=6683"},"modified":"2026-01-07T20:15:49","modified_gmt":"2026-01-08T04:15:49","slug":"llavero-personalizado-con-foto-christmas-season","status":"publish","type":"product","link":"https:\/\/chrismathsdesignstore.com\/es_es\/producto\/llavero-personalizado-con-foto-christmas-season\/","title":{"rendered":"Llavero Personalizado con Foto"},"content":{"rendered":"<h2>Llavero Personalizado con Foto<\/h2>\n<h4><\/h4>\n<p>&nbsp;<\/p>\n<h5><\/h5>\n","protected":false},"excerpt":{"rendered":"<h2>Llavero Personalizado con Foto<\/h2>\n<h4>Celebra cualquier temporada con un detalle lleno de fe y significado.<br data-start=\"235\" data-end=\"238\" \/>Nuestros <strong data-start=\"247\" data-end=\"283\">llaveros personalizados con foto<\/strong> son el regalo perfecto para expresar amor, gratitud y bendici\u00f3n en esta hermosa temporada. Cada pieza est\u00e1 dise\u00f1ada con dedicaci\u00f3n para recordarte que <strong data-start=\"435\" data-end=\"499\">Jes\u00fas es el centro de cada momento y de cada paso que damos.<\/strong><\/h4>\n<h4>Puedes elegir entre tres modelos de llaveros: coraz\u00f3n, cuadrado o redondo.<\/h4>\n<h3>Material\/ Medidas<\/h3>\n<h5>Medida: 2 in\/ 5 cm<\/h5>\n","protected":false},"featured_media":6688,"comment_status":"closed","ping_status":"closed","template":"","meta":{"_monsterinsights_skip_tracking":false,"_monsterinsights_sitenote_active":false,"_monsterinsights_sitenote_note":"","_monsterinsights_sitenote_category":0},"product_brand":[],"product_cat":[31],"product_tag":[307,313,310,305,306,312,303],"class_list":{"0":"post-6683","1":"product","2":"type-product","3":"status-publish","4":"has-post-thumbnail","6":"product_cat-llaveros","7":"product_tag-dad","8":"product_tag-feliz-dia-del-padre","9":"product_tag-grandad","10":"product_tag-grandfather","11":"product_tag-grandpa","12":"product_tag-happy-fathers-day","13":"product_tag-papa","15":"first","16":"instock","17":"featured","18":"shipping-taxable","19":"purchasable","20":"product-type-variable"},"aioseo_notices":[],"jetpack_sharing_enabled":true,"_links":{"self":[{"href":"https:\/\/chrismathsdesignstore.com\/es_es\/wp-json\/wp\/v2\/product\/6683","targetHints":{"allow":["GET"]}}],"collection":[{"href":"https:\/\/chrismathsdesignstore.com\/es_es\/wp-json\/wp\/v2\/product"}],"about":[{"href":"https:\/\/chrismathsdesignstore.com\/es_es\/wp-json\/wp\/v2\/types\/product"}],"replies":[{"embeddable":true,"href":"https:\/\/chrismathsdesignstore.com\/es_es\/wp-json\/wp\/v2\/comments?post=6683"}],"wp:featuredmedia":[{"embeddable":true,"href":"https:\/\/chrismathsdesignstore.com\/es_es\/wp-json\/wp\/v2\/media\/6688"}],"wp:attachment":[{"href":"https:\/\/chrismathsdesignstore.com\/es_es\/wp-json\/wp\/v2\/media?parent=6683"}],"wp:term":[{"taxonomy":"product_brand","embeddable":true,"href":"https:\/\/chrismathsdesignstore.com\/es_es\/wp-json\/wp\/v2\/product_brand?post=6683"},{"taxonomy":"product_cat","embeddable":true,"href":"https:\/\/chrismathsdesignstore.com\/es_es\/wp-json\/wp\/v2\/product_cat?post=6683"},{"taxonomy":"product_tag","embeddable":true,"href":"https:\/\/chrismathsdesignstore.com\/es_es\/wp-json\/wp\/v2\/product_tag?post=6683"}],"curies":[{"name":"wp","href":"https:\/\/api.w.org\/{rel}","templated":true}]}}