{"id":6509,"date":"2025-06-19T14:54:53","date_gmt":"2025-06-19T21:54:53","guid":{"rendered":"https:\/\/chrismathsdesignstore.com\/?post_type=product&#038;p=6509"},"modified":"2025-07-07T13:21:30","modified_gmt":"2025-07-07T20:21:30","slug":"taza-personalizada-con-su-imagen-o-logo","status":"publish","type":"product","link":"https:\/\/chrismathsdesignstore.com\/es_es\/producto\/taza-personalizada-con-su-imagen-o-logo\/","title":{"rendered":"Tazas con su imagen o logo para iglesias Pedido min. 20 unidades"},"content":{"rendered":"<h1>Taza personalizada con su imagen o logo<\/h1>\n<h4><\/h4>\n","protected":false},"excerpt":{"rendered":"<h3><strong>Taza personalizada con su imagen o logo para su iglesia.<\/strong><\/h3>\n<h4>Haz que cada d\u00eda de oraci\u00f3n y reflexi\u00f3n sea especial con esta hermosa taza que puede\u00a0 personalizadar especialmente para su iglesia. Con la opci\u00f3n de incluir su imagen, logo o vers\u00edculo b\u00edblico favorito, esta taza se convierte en un s\u00edmbolo de fe y unidad en la comunidad cristiana. Perfecta para compartir en reuniones, eventos o como un regalo significativo para los miembros de su congregaci\u00f3n pastores y lideres.<\/h4>\n<h5><strong><span style=\"vertical-align: inherit;\"><span style=\"vertical-align: inherit;\">Caracter\u00edsticas:<\/span><\/span><\/strong><\/h5>\n<ul>\n<li>\n<h5><strong>Material:<\/strong>\u00a0Elaborada en cer\u00e1mica de alta calidad, resistente y apta para lavavajillas, garantizando durabilidad y f\u00e1cil mantenimiento.<\/h5>\n<\/li>\n<li>\n<h5><strong>Capacidad:<\/strong> Con 2 opciones de tamano 11 onzas y 15 onzas ideal para disfrutar de tus bebidas fr\u00edas o calientes en cualquier momento del d\u00eda.<\/h5>\n<\/li>\n<li>\n<h5><strong>Personalizaci\u00f3n:<\/strong> Personaliza tu taza con su logo, imagen o versiculo.<\/h5>\n<\/li>\n<li>\n<h5><strong>Presentaci\u00f3n:<\/strong> Incluye una elegante caja de regalo, lista para ser entregada, lo que la convierte en una opci\u00f3n perfecta para sorprender en cualquier ocasi\u00f3n.<\/h5>\n<\/li>\n<li>\n<h5><strong>Regalo Perfecto:<\/strong> Este regalo personalizado es perfecta para compartir en reuniones, eventos o como un regalo significativo para los miembros de su congregaci\u00f3n pastores y lideres.<\/h5>\n<h5><\/h5>\n<\/li>\n<\/ul>\n<h4>Material : Ceramica<br \/>\nCapacidad: 11 oz o 15 oz<br \/>\nCantidad: 1 taza<\/h4>\n<h5><\/h5>\n<h5><\/h5>\n","protected":false},"featured_media":6512,"comment_status":"open","ping_status":"closed","template":"","meta":{"_monsterinsights_skip_tracking":false,"_monsterinsights_sitenote_active":false,"_monsterinsights_sitenote_note":"","_monsterinsights_sitenote_category":0},"product_brand":[],"product_cat":[247],"product_tag":[309,304,153,307,311,308,313,310,305,306,312,302,303,156],"class_list":{"0":"post-6509","1":"product","2":"type-product","3":"status-publish","4":"has-post-thumbnail","6":"product_cat-tazas","7":"product_tag-abuelito","8":"product_tag-abuelo","9":"product_tag-cumpleanos","10":"product_tag-dad","11":"product_tag-dia-del-padre","12":"product_tag-father","13":"product_tag-feliz-dia-del-padre","14":"product_tag-grandad","15":"product_tag-grandfather","16":"product_tag-grandpa","17":"product_tag-happy-fathers-day","18":"product_tag-padre","19":"product_tag-papa","20":"product_tag-regalo","22":"first","23":"instock","24":"featured","25":"shipping-taxable","26":"purchasable","27":"product-type-variable"},"aioseo_notices":[],"jetpack_sharing_enabled":true,"_links":{"self":[{"href":"https:\/\/chrismathsdesignstore.com\/es_es\/wp-json\/wp\/v2\/product\/6509","targetHints":{"allow":["GET"]}}],"collection":[{"href":"https:\/\/chrismathsdesignstore.com\/es_es\/wp-json\/wp\/v2\/product"}],"about":[{"href":"https:\/\/chrismathsdesignstore.com\/es_es\/wp-json\/wp\/v2\/types\/product"}],"replies":[{"embeddable":true,"href":"https:\/\/chrismathsdesignstore.com\/es_es\/wp-json\/wp\/v2\/comments?post=6509"}],"wp:featuredmedia":[{"embeddable":true,"href":"https:\/\/chrismathsdesignstore.com\/es_es\/wp-json\/wp\/v2\/media\/6512"}],"wp:attachment":[{"href":"https:\/\/chrismathsdesignstore.com\/es_es\/wp-json\/wp\/v2\/media?parent=6509"}],"wp:term":[{"taxonomy":"product_brand","embeddable":true,"href":"https:\/\/chrismathsdesignstore.com\/es_es\/wp-json\/wp\/v2\/product_brand?post=6509"},{"taxonomy":"product_cat","embeddable":true,"href":"https:\/\/chrismathsdesignstore.com\/es_es\/wp-json\/wp\/v2\/product_cat?post=6509"},{"taxonomy":"product_tag","embeddable":true,"href":"https:\/\/chrismathsdesignstore.com\/es_es\/wp-json\/wp\/v2\/product_tag?post=6509"}],"curies":[{"name":"wp","href":"https:\/\/api.w.org\/{rel}","templated":true}]}}