{"id":6462,"date":"2025-05-30T11:22:02","date_gmt":"2025-05-30T18:22:02","guid":{"rendered":"https:\/\/chrismathsdesignstore.com\/?post_type=product&#038;p=6462"},"modified":"2026-04-14T19:59:24","modified_gmt":"2026-04-15T02:59:24","slug":"panuelo-yo-he-venido-al-mundo-juan-1633","status":"publish","type":"product","link":"https:\/\/chrismathsdesignstore.com\/es_es\/producto\/panuelo-yo-he-venido-al-mundo-juan-1633\/","title":{"rendered":"Pa\u00f1uelo &#8220;Yo he venido al mundo&#8221; Juan 16:33"},"content":{"rendered":"<h2>Pa\u00f1uelo &#8220;Yo he venido al mundo&#8221; Juan 16:33<\/h2>\n<h4><\/h4>\n<p>&nbsp;<\/p>\n<h5><\/h5>\n","protected":false},"excerpt":{"rendered":"<h2>Pa\u00f1uelo &#8220;Yo he venido al mundo&#8221; Juan 16:33<\/h2>\n<h5>Descubre nuestro elegante pa\u00f1uelo para hombre, confeccionado en 100% algod\u00f3n de alta calidad, ideal para complementar su estilo con sofisticaci\u00f3n y sencillez. Este hermoso accesorio lleva estampado el inspirador vers\u00edculo de Juan 16:33: &#8220;En el mundo tendr\u00e9is aflicci\u00f3n; pero confiad, yo he vencido al mundo.&#8221; Un regalo verdaderamente especial, que refleja fe, esperanza y amor en cada detalle. Perfecto para honrar a ese varon amado, record\u00e1ndole que en medio de las dificultades, la fe en Dios nos fortalece y nos gu\u00eda. Celebra su presencia en tu vida con un obsequio lleno de bendiciones y significado espiritual.<\/h5>\n<h3><strong>Presentaci\u00f3n:<\/strong><\/h3>\n<h5>Incluye una elegante caja de regalo, lista para ser entregada, lo que la convierte en una opci\u00f3n perfecta para sorprender en cualquier ocasi\u00f3n.<\/h5>\n<h3>Material\/ Medidas<\/h3>\n<h5>Medida: 17 in x 17 in<br \/>\nMaterial: 100% algodon<\/h5>\n","protected":false},"featured_media":6540,"comment_status":"closed","ping_status":"closed","template":"","meta":{"_monsterinsights_skip_tracking":false,"_monsterinsights_sitenote_active":false,"_monsterinsights_sitenote_note":"","_monsterinsights_sitenote_category":0},"product_brand":[],"product_cat":[15],"product_tag":[307,313,310,305,306,312,303],"class_list":{"0":"post-6462","1":"product","2":"type-product","3":"status-publish","4":"has-post-thumbnail","6":"product_cat-sin-categorizar","7":"product_tag-dad","8":"product_tag-feliz-dia-del-padre","9":"product_tag-grandad","10":"product_tag-grandfather","11":"product_tag-grandpa","12":"product_tag-happy-fathers-day","13":"product_tag-papa","15":"first","16":"instock","17":"featured","18":"shipping-taxable","19":"purchasable","20":"product-type-simple"},"aioseo_notices":[],"jetpack_sharing_enabled":true,"_links":{"self":[{"href":"https:\/\/chrismathsdesignstore.com\/es_es\/wp-json\/wp\/v2\/product\/6462","targetHints":{"allow":["GET"]}}],"collection":[{"href":"https:\/\/chrismathsdesignstore.com\/es_es\/wp-json\/wp\/v2\/product"}],"about":[{"href":"https:\/\/chrismathsdesignstore.com\/es_es\/wp-json\/wp\/v2\/types\/product"}],"replies":[{"embeddable":true,"href":"https:\/\/chrismathsdesignstore.com\/es_es\/wp-json\/wp\/v2\/comments?post=6462"}],"wp:featuredmedia":[{"embeddable":true,"href":"https:\/\/chrismathsdesignstore.com\/es_es\/wp-json\/wp\/v2\/media\/6540"}],"wp:attachment":[{"href":"https:\/\/chrismathsdesignstore.com\/es_es\/wp-json\/wp\/v2\/media?parent=6462"}],"wp:term":[{"taxonomy":"product_brand","embeddable":true,"href":"https:\/\/chrismathsdesignstore.com\/es_es\/wp-json\/wp\/v2\/product_brand?post=6462"},{"taxonomy":"product_cat","embeddable":true,"href":"https:\/\/chrismathsdesignstore.com\/es_es\/wp-json\/wp\/v2\/product_cat?post=6462"},{"taxonomy":"product_tag","embeddable":true,"href":"https:\/\/chrismathsdesignstore.com\/es_es\/wp-json\/wp\/v2\/product_tag?post=6462"}],"curies":[{"name":"wp","href":"https:\/\/api.w.org\/{rel}","templated":true}]}}