{"id":6457,"date":"2025-05-29T20:32:59","date_gmt":"2025-05-30T03:32:59","guid":{"rendered":"https:\/\/chrismathsdesignstore.com\/?post_type=product&#038;p=6457"},"modified":"2025-07-07T15:37:21","modified_gmt":"2025-07-07T22:37:21","slug":"panuelo-estad-siempre-gozosos-1-tesalonicense-516-18","status":"publish","type":"product","link":"https:\/\/chrismathsdesignstore.com\/es_es\/producto\/panuelo-estad-siempre-gozosos-1-tesalonicense-516-18\/","title":{"rendered":"Pa\u00f1uelo &#8220;Estad siempre gozosos&#8221; 1 Tesalonicense 5:16-18"},"content":{"rendered":"<h2>Pa\u00f1uelo &#8220;Estad siempre gozosos&#8221; 1 Tesalonicense 5:16-18<\/h2>\n<h4><\/h4>\n<p>&nbsp;<\/p>\n<h5><\/h5>\n","protected":false},"excerpt":{"rendered":"<h2>Pa\u00f1uelo &#8220;Estad siempre gozosos&#8221; 1 Tesalonicense 5:16-18<\/h2>\n<h5>\u00a1Descubre nuestro hermoso pa\u00f1uelo para hombre, elaborado con 100% algod\u00f3n de alta calidad, perfecto para complementar cualquier estilo con elegancia y sencillez! Este accesorio lleva en su dise\u00f1o un inspirador vers\u00edculo b\u00edblico de 1 Tesalonicenses 5:16-18: &#8220;Estad siempre gozosos, orad sin cesar, dad gracias en todo, porque esta es la voluntad de Dios para vosotros en Cristo Jes\u00fas.&#8221;<\/h5>\n<h5>Un regalo verdaderamente especial para el D\u00eda del Padre, que expresa amor, fe y gratitud. Cada vez que tu pap\u00e1 use este pa\u00f1uelo, llevar\u00e1 consigo un recordatorio de la presencia de Dios en su vida y la importancia de mantener una actitud de alegr\u00eda y gratitud en todo momento. \u00a1Haz que este d\u00eda sea memorable con un detalle lleno de bendiciones y significado espiritual!<\/h5>\n<h3><strong>Presentaci\u00f3n:<\/strong><\/h3>\n<h5>Incluye una elegante caja de regalo, lista para ser entregada, lo que la convierte en una opci\u00f3n perfecta para sorprender en cualquier ocasi\u00f3n.<\/h5>\n<h3>Material\/ Medidas<\/h3>\n<h5>Medida: 17 in x 17 in<br \/>\nMaterial: 100% algodon<\/h5>\n","protected":false},"featured_media":6543,"comment_status":"open","ping_status":"closed","template":"","meta":{"_monsterinsights_skip_tracking":false,"_monsterinsights_sitenote_active":false,"_monsterinsights_sitenote_note":"","_monsterinsights_sitenote_category":0},"product_brand":[],"product_cat":[15],"product_tag":[307,313,310,305,306,312,303],"class_list":{"0":"post-6457","1":"product","2":"type-product","3":"status-publish","4":"has-post-thumbnail","6":"product_cat-sin-categorizar","7":"product_tag-dad","8":"product_tag-feliz-dia-del-padre","9":"product_tag-grandad","10":"product_tag-grandfather","11":"product_tag-grandpa","12":"product_tag-happy-fathers-day","13":"product_tag-papa","15":"first","16":"instock","17":"featured","18":"shipping-taxable","19":"purchasable","20":"product-type-simple"},"aioseo_notices":[],"jetpack_sharing_enabled":true,"_links":{"self":[{"href":"https:\/\/chrismathsdesignstore.com\/es_es\/wp-json\/wp\/v2\/product\/6457","targetHints":{"allow":["GET"]}}],"collection":[{"href":"https:\/\/chrismathsdesignstore.com\/es_es\/wp-json\/wp\/v2\/product"}],"about":[{"href":"https:\/\/chrismathsdesignstore.com\/es_es\/wp-json\/wp\/v2\/types\/product"}],"replies":[{"embeddable":true,"href":"https:\/\/chrismathsdesignstore.com\/es_es\/wp-json\/wp\/v2\/comments?post=6457"}],"wp:featuredmedia":[{"embeddable":true,"href":"https:\/\/chrismathsdesignstore.com\/es_es\/wp-json\/wp\/v2\/media\/6543"}],"wp:attachment":[{"href":"https:\/\/chrismathsdesignstore.com\/es_es\/wp-json\/wp\/v2\/media?parent=6457"}],"wp:term":[{"taxonomy":"product_brand","embeddable":true,"href":"https:\/\/chrismathsdesignstore.com\/es_es\/wp-json\/wp\/v2\/product_brand?post=6457"},{"taxonomy":"product_cat","embeddable":true,"href":"https:\/\/chrismathsdesignstore.com\/es_es\/wp-json\/wp\/v2\/product_cat?post=6457"},{"taxonomy":"product_tag","embeddable":true,"href":"https:\/\/chrismathsdesignstore.com\/es_es\/wp-json\/wp\/v2\/product_tag?post=6457"}],"curies":[{"name":"wp","href":"https:\/\/api.w.org\/{rel}","templated":true}]}}