{"id":6425,"date":"2025-05-20T22:43:19","date_gmt":"2025-05-21T05:43:19","guid":{"rendered":"https:\/\/chrismathsdesignstore.com\/?post_type=product&#038;p=6425"},"modified":"2026-04-14T19:59:35","modified_gmt":"2026-04-15T02:59:35","slug":"llavero-el-mejor-papa-del-mundo-personalizado-con-nombre","status":"publish","type":"product","link":"https:\/\/chrismathsdesignstore.com\/es_es\/producto\/llavero-el-mejor-papa-del-mundo-personalizado-con-nombre\/","title":{"rendered":"Llavero &#8220;El mejor PAPA del mundo&#8221; Personalizado con Nombre"},"content":{"rendered":"<h2>Llavero &#8220;El mejor PAPA del mundo&#8221; Personalizado con Nombre<\/h2>\n<h4><\/h4>\n<p>&nbsp;<\/p>\n<h5><\/h5>\n","protected":false},"excerpt":{"rendered":"<h2>Llavero &#8220;El mejor PAPA del mundo&#8221; Personalizado con Nombre<\/h2>\n<h4>Celebra la bendici\u00f3n que es tener un padre maravilloso con este hermoso llavero personalizado con su nombre, dise\u00f1ado para honrar su amor y dedicaci\u00f3n. Con la inscripci\u00f3n &#8220;El Mejor PAPA del Mundo&#8221;, este detalle es un recuerdo duradero de cu\u00e1nto lo valoras. Perfecto para demostrarle cu\u00e1nto significa para ti en un d\u00eda tan especial.<\/h4>\n<h4>Este regalo es perfecto para demostrar cu\u00e1nto valoras a ese pap\u00e1 que vive su fe d\u00eda a d\u00eda y que es un pilar en la familia. \u00a1Haz que este D\u00eda del Padre sea memorable con un obsequio que refleje su fe y su amor!<\/h4>\n<h4>Puedes elegir entre tres modelos de llaveros: coraz\u00f3n, cuadrado o redondo.<\/h4>\n<h3>Material\/ Medidas<\/h3>\n<h5>Medida: 2 in\/ 5 cm<\/h5>\n","protected":false},"featured_media":6423,"comment_status":"closed","ping_status":"closed","template":"","meta":{"_monsterinsights_skip_tracking":false,"_monsterinsights_sitenote_active":false,"_monsterinsights_sitenote_note":"","_monsterinsights_sitenote_category":0},"product_brand":[],"product_cat":[31],"product_tag":[307,313,310,305,306,312,303],"class_list":{"0":"post-6425","1":"product","2":"type-product","3":"status-publish","4":"has-post-thumbnail","6":"product_cat-llaveros","7":"product_tag-dad","8":"product_tag-feliz-dia-del-padre","9":"product_tag-grandad","10":"product_tag-grandfather","11":"product_tag-grandpa","12":"product_tag-happy-fathers-day","13":"product_tag-papa","15":"first","16":"instock","17":"featured","18":"shipping-taxable","19":"purchasable","20":"product-type-variable"},"aioseo_notices":[],"jetpack_sharing_enabled":true,"_links":{"self":[{"href":"https:\/\/chrismathsdesignstore.com\/es_es\/wp-json\/wp\/v2\/product\/6425","targetHints":{"allow":["GET"]}}],"collection":[{"href":"https:\/\/chrismathsdesignstore.com\/es_es\/wp-json\/wp\/v2\/product"}],"about":[{"href":"https:\/\/chrismathsdesignstore.com\/es_es\/wp-json\/wp\/v2\/types\/product"}],"replies":[{"embeddable":true,"href":"https:\/\/chrismathsdesignstore.com\/es_es\/wp-json\/wp\/v2\/comments?post=6425"}],"wp:featuredmedia":[{"embeddable":true,"href":"https:\/\/chrismathsdesignstore.com\/es_es\/wp-json\/wp\/v2\/media\/6423"}],"wp:attachment":[{"href":"https:\/\/chrismathsdesignstore.com\/es_es\/wp-json\/wp\/v2\/media?parent=6425"}],"wp:term":[{"taxonomy":"product_brand","embeddable":true,"href":"https:\/\/chrismathsdesignstore.com\/es_es\/wp-json\/wp\/v2\/product_brand?post=6425"},{"taxonomy":"product_cat","embeddable":true,"href":"https:\/\/chrismathsdesignstore.com\/es_es\/wp-json\/wp\/v2\/product_cat?post=6425"},{"taxonomy":"product_tag","embeddable":true,"href":"https:\/\/chrismathsdesignstore.com\/es_es\/wp-json\/wp\/v2\/product_tag?post=6425"}],"curies":[{"name":"wp","href":"https:\/\/api.w.org\/{rel}","templated":true}]}}