{"id":6409,"date":"2025-05-20T21:58:17","date_gmt":"2025-05-21T04:58:17","guid":{"rendered":"https:\/\/chrismathsdesignstore.com\/?post_type=product&#038;p=6409"},"modified":"2026-04-14T19:59:41","modified_gmt":"2026-04-15T02:59:41","slug":"llavero-the-best-dad-in-the-world-personalizado-con-nombre","status":"publish","type":"product","link":"https:\/\/chrismathsdesignstore.com\/es_es\/producto\/llavero-the-best-dad-in-the-world-personalizado-con-nombre\/","title":{"rendered":"Llavero &#8220;The best DAD in the world&#8221; Personalizado con Nombre"},"content":{"rendered":"<h2>Llavero &#8220;The best DAD in the world&#8221; Personalizado con Nombre<\/h2>\n<h4><\/h4>\n<p>&nbsp;<\/p>\n<h5><\/h5>\n","protected":false},"excerpt":{"rendered":"<h2>Llavero &#8220;The best DAD in the world&#8221; Personalizado con Nombre<\/h2>\n<h4>\u00a1Celebra a ese padre tan especial con un toque \u00fanico y lleno de amor! Nuestro llavero personalizado &#8220;The Best DAD in the World&#8221; es el regalo perfecto para honrar su presencia y cari\u00f1o en tu vida. Puedes agregar su nombre para hacerlo a\u00fan m\u00e1s especial y significativo, convirti\u00e9ndolo en un recuerdo duradero que siempre llevar\u00e1 consigo.<\/h4>\n<h4>Este hermoso llavero no solo es un accesorio pr\u00e1ctico, sino tambi\u00e9n una expresi\u00f3n de gratitud y admiraci\u00f3n. Es un regalo ideal para el D\u00eda del Padre, una oportunidad para agradecerle por su amor incondicional, su gu\u00eda y su apoyo constante.<\/h4>\n<h4>Puedes elegir entre tres modelos de llaveros: coraz\u00f3n, cuadrado o redondo.<\/h4>\n<h3>Material\/ Medidas<\/h3>\n<h5>Medida: 2 in\/ 5 cm<\/h5>\n","protected":false},"featured_media":6406,"comment_status":"closed","ping_status":"closed","template":"","meta":{"_monsterinsights_skip_tracking":false,"_monsterinsights_sitenote_active":false,"_monsterinsights_sitenote_note":"","_monsterinsights_sitenote_category":0},"product_brand":[],"product_cat":[31],"product_tag":[307,313,310,305,306,312,303],"class_list":{"0":"post-6409","1":"product","2":"type-product","3":"status-publish","4":"has-post-thumbnail","6":"product_cat-llaveros","7":"product_tag-dad","8":"product_tag-feliz-dia-del-padre","9":"product_tag-grandad","10":"product_tag-grandfather","11":"product_tag-grandpa","12":"product_tag-happy-fathers-day","13":"product_tag-papa","15":"first","16":"instock","17":"featured","18":"shipping-taxable","19":"purchasable","20":"product-type-variable"},"aioseo_notices":[],"jetpack_sharing_enabled":true,"_links":{"self":[{"href":"https:\/\/chrismathsdesignstore.com\/es_es\/wp-json\/wp\/v2\/product\/6409","targetHints":{"allow":["GET"]}}],"collection":[{"href":"https:\/\/chrismathsdesignstore.com\/es_es\/wp-json\/wp\/v2\/product"}],"about":[{"href":"https:\/\/chrismathsdesignstore.com\/es_es\/wp-json\/wp\/v2\/types\/product"}],"replies":[{"embeddable":true,"href":"https:\/\/chrismathsdesignstore.com\/es_es\/wp-json\/wp\/v2\/comments?post=6409"}],"wp:featuredmedia":[{"embeddable":true,"href":"https:\/\/chrismathsdesignstore.com\/es_es\/wp-json\/wp\/v2\/media\/6406"}],"wp:attachment":[{"href":"https:\/\/chrismathsdesignstore.com\/es_es\/wp-json\/wp\/v2\/media?parent=6409"}],"wp:term":[{"taxonomy":"product_brand","embeddable":true,"href":"https:\/\/chrismathsdesignstore.com\/es_es\/wp-json\/wp\/v2\/product_brand?post=6409"},{"taxonomy":"product_cat","embeddable":true,"href":"https:\/\/chrismathsdesignstore.com\/es_es\/wp-json\/wp\/v2\/product_cat?post=6409"},{"taxonomy":"product_tag","embeddable":true,"href":"https:\/\/chrismathsdesignstore.com\/es_es\/wp-json\/wp\/v2\/product_tag?post=6409"}],"curies":[{"name":"wp","href":"https:\/\/api.w.org\/{rel}","templated":true}]}}