{"id":6374,"date":"2025-05-20T17:03:22","date_gmt":"2025-05-21T00:03:22","guid":{"rendered":"https:\/\/chrismathsdesignstore.com\/?post_type=product&#038;p=6374"},"modified":"2026-04-14T20:00:09","modified_gmt":"2026-04-15T03:00:09","slug":"llavero-personalizado-con-tu-dibujo","status":"publish","type":"product","link":"https:\/\/chrismathsdesignstore.com\/es_es\/producto\/llavero-personalizado-con-tu-dibujo\/","title":{"rendered":"Llavero Personalizado con tu dibujo"},"content":{"rendered":"<h2>Llavero Personalizado con tu dibujo<\/h2>\n<h4><\/h4>\n<p>&nbsp;<\/p>\n<h5><\/h5>\n","protected":false},"excerpt":{"rendered":"<h2>Llavero Personalizado con tu dibujo<\/h2>\n<h4>\u00a1Celebra a pap\u00e1 con un toque \u00fanico y lleno de amor! Personaliza este hermoso regalo con tu propio dibujo para crear un detalle verdaderamente especial en el D\u00eda del Padre. Cada trazo ser\u00e1 un reflejo del amor y la gratitud que sientes por esa figura tan importante en tu vida.<\/h4>\n<h4>Que esta creaci\u00f3n sea un recordatorio del amor infinito que Dios tiene por nosotros y de la bendici\u00f3n que es tener un padre que nos gu\u00eda y acompa\u00f1a en nuestro caminar. En este d\u00eda, honra a pap\u00e1 con un regalo hecho con cari\u00f1o y fe, celebrando la bendici\u00f3n de la paternidad y el amor familiar. \u00a1Un regalo personalizado, lleno de significado y bendiciones para el mejor pap\u00e1!<\/h4>\n<h4>Puedes elegir entre tres modelos de llaveros: coraz\u00f3n, cuadrado o redondo.<\/h4>\n<h3>Material\/ Medidas<\/h3>\n<h5>Medida: 2 in\/ 5 cm<\/h5>\n","protected":false},"featured_media":6375,"comment_status":"closed","ping_status":"closed","template":"","meta":{"_monsterinsights_skip_tracking":false,"_monsterinsights_sitenote_active":false,"_monsterinsights_sitenote_note":"","_monsterinsights_sitenote_category":0},"product_brand":[],"product_cat":[31],"product_tag":[307,313,310,305,306,312,303],"class_list":{"0":"post-6374","1":"product","2":"type-product","3":"status-publish","4":"has-post-thumbnail","6":"product_cat-llaveros","7":"product_tag-dad","8":"product_tag-feliz-dia-del-padre","9":"product_tag-grandad","10":"product_tag-grandfather","11":"product_tag-grandpa","12":"product_tag-happy-fathers-day","13":"product_tag-papa","15":"first","16":"instock","17":"featured","18":"shipping-taxable","19":"purchasable","20":"product-type-variable"},"aioseo_notices":[],"jetpack_sharing_enabled":true,"_links":{"self":[{"href":"https:\/\/chrismathsdesignstore.com\/es_es\/wp-json\/wp\/v2\/product\/6374","targetHints":{"allow":["GET"]}}],"collection":[{"href":"https:\/\/chrismathsdesignstore.com\/es_es\/wp-json\/wp\/v2\/product"}],"about":[{"href":"https:\/\/chrismathsdesignstore.com\/es_es\/wp-json\/wp\/v2\/types\/product"}],"replies":[{"embeddable":true,"href":"https:\/\/chrismathsdesignstore.com\/es_es\/wp-json\/wp\/v2\/comments?post=6374"}],"wp:featuredmedia":[{"embeddable":true,"href":"https:\/\/chrismathsdesignstore.com\/es_es\/wp-json\/wp\/v2\/media\/6375"}],"wp:attachment":[{"href":"https:\/\/chrismathsdesignstore.com\/es_es\/wp-json\/wp\/v2\/media?parent=6374"}],"wp:term":[{"taxonomy":"product_brand","embeddable":true,"href":"https:\/\/chrismathsdesignstore.com\/es_es\/wp-json\/wp\/v2\/product_brand?post=6374"},{"taxonomy":"product_cat","embeddable":true,"href":"https:\/\/chrismathsdesignstore.com\/es_es\/wp-json\/wp\/v2\/product_cat?post=6374"},{"taxonomy":"product_tag","embeddable":true,"href":"https:\/\/chrismathsdesignstore.com\/es_es\/wp-json\/wp\/v2\/product_tag?post=6374"}],"curies":[{"name":"wp","href":"https:\/\/api.w.org\/{rel}","templated":true}]}}