{"id":6253,"date":"2025-05-12T13:45:25","date_gmt":"2025-05-12T20:45:25","guid":{"rendered":"https:\/\/chrismathsdesignstore.com\/?post_type=product&#038;p=6253"},"modified":"2025-05-19T17:21:31","modified_gmt":"2025-05-20T00:21:31","slug":"biblia-lila-floral-mi-gran-viaje-para-ninas-compacta-con-cierre-rv1960-imit-piel","status":"publish","type":"product","link":"https:\/\/chrismathsdesignstore.com\/es_es\/producto\/biblia-lila-floral-mi-gran-viaje-para-ninas-compacta-con-cierre-rv1960-imit-piel\/","title":{"rendered":"Biblia Lila floral Mi Gran Viaje para Ni\u00f1as Compacta con Cierre RV1960 imit piel"},"content":{"rendered":"","protected":false},"excerpt":{"rendered":"<h3 class=\"productView-title\">Descripci\u00f3n<\/h3>\n<div>\n<div>\n<h3><strong>Tama\u00f1o de letra: 10 puntos<\/strong><\/h3>\n<\/div>\n<\/div>\n<h5 class=\"productView-table-header\">En esta Biblia, los ni\u00f1os podr\u00e1n disfrutar del texto completo de las Escrituras en la versi\u00f3n Reina Valera de 1960, complementado con hermosas l\u00e1minas a todo color que ilustran las escenas m\u00e1s importantes de la Biblia.<\/h5>\n<div>\n<div>\n<h5>Las ilustraciones incluyen representaciones del tabern\u00e1culo y el templo, los h\u00e9roes de la fe, salmos ilustrados y muchas otras escenas que har\u00e1n que la lectura sea m\u00e1s atractiva y significativa para los peque\u00f1os. Una experiencia visual y espiritual que despertar\u00e1 su inter\u00e9s por la Palabra de Dios.<\/h5>\n<h4>Caracter\u00edsticas de la Biblia:<\/h4>\n<h5>&#8211;\u00a0<strong>Palabras de Jes\u00fas en rojo<\/strong>.<br \/>\n&#8211; M\u00e1s de\u00a0100 l\u00e1minas a todo color con los populares dibujos de la Biblia para todos los ni\u00f1os<br \/>\n&#8211; Plan para leer la Biblia en un a\u00f1o<br \/>\n&#8211; Genealog\u00eda de Jes\u00fas.<br \/>\n&#8211; Tipos de Salmos.<br \/>\n&#8211; Actividades para ni\u00f1os<\/h5>\n<\/div>\n<div data-content-region=\"product_below_description_body\"><\/div>\n<h4 class=\"productView-title\">Informaci\u00f3n adicional<\/h4>\n<div class=\"productView-table\">\n<h5 class=\"productView-table-row\">Ancho: 5.25 (in)<\/h5>\n<h5 class=\"productView-table-header\">Largo: 7.25 (in)<\/h5>\n<h5 class=\"productView-table-header\">Altura\/Grosor: 1.60 (in)<\/h5>\n<h5 class=\"productView-table-header\">Versi\u00f3n de Biblia: Reina-Valera 1960<\/h5>\n<h5 class=\"productView-table-header\">Tipo de tapa: imitation_leather<\/h5>\n<h5 class=\"productView-table-header\">Idioma: spanish<\/h5>\n<h5 class=\"productView-table-header\">Tama\u00f1o de letra: 10 puntos<\/h5>\n<h5 class=\"productView-table-header\">\u00bfBiblia con \u00edndice?: sin \u00edndice<\/h5>\n<h5 class=\"productView-table-header\">\u00bfBiblia con Cierre?: con cierre<\/h5>\n<h5 class=\"productView-table-header\">Palabras de Jes\u00fas: a color<\/h5>\n<h5 class=\"productView-table-header\">Autor: Reina-Valera<\/h5>\n<h5 class=\"productView-table-header\">P\u00e1ginas: 1520<\/h5>\n<h5 class=\"productView-table-header\">Audiencia: Ni\u00f1os<\/h5>\n<\/div>\n<\/div>\n<div><\/div>\n","protected":false},"featured_media":6256,"comment_status":"open","ping_status":"closed","template":"","meta":{"_monsterinsights_skip_tracking":false,"_monsterinsights_sitenote_active":false,"_monsterinsights_sitenote_note":"","_monsterinsights_sitenote_category":0},"product_brand":[],"product_cat":[232],"product_tag":[148,149,147,154,156],"class_list":{"0":"post-6253","1":"product","2":"type-product","3":"status-publish","4":"has-post-thumbnail","6":"product_cat-biblias","7":"product_tag-dama","8":"product_tag-mujer","9":"product_tag-nina","10":"product_tag-quinceanera","11":"product_tag-regalo","13":"first","14":"instock","15":"featured","16":"shipping-taxable","17":"purchasable","18":"product-type-simple"},"aioseo_notices":[],"jetpack_sharing_enabled":true,"_links":{"self":[{"href":"https:\/\/chrismathsdesignstore.com\/es_es\/wp-json\/wp\/v2\/product\/6253","targetHints":{"allow":["GET"]}}],"collection":[{"href":"https:\/\/chrismathsdesignstore.com\/es_es\/wp-json\/wp\/v2\/product"}],"about":[{"href":"https:\/\/chrismathsdesignstore.com\/es_es\/wp-json\/wp\/v2\/types\/product"}],"replies":[{"embeddable":true,"href":"https:\/\/chrismathsdesignstore.com\/es_es\/wp-json\/wp\/v2\/comments?post=6253"}],"wp:featuredmedia":[{"embeddable":true,"href":"https:\/\/chrismathsdesignstore.com\/es_es\/wp-json\/wp\/v2\/media\/6256"}],"wp:attachment":[{"href":"https:\/\/chrismathsdesignstore.com\/es_es\/wp-json\/wp\/v2\/media?parent=6253"}],"wp:term":[{"taxonomy":"product_brand","embeddable":true,"href":"https:\/\/chrismathsdesignstore.com\/es_es\/wp-json\/wp\/v2\/product_brand?post=6253"},{"taxonomy":"product_cat","embeddable":true,"href":"https:\/\/chrismathsdesignstore.com\/es_es\/wp-json\/wp\/v2\/product_cat?post=6253"},{"taxonomy":"product_tag","embeddable":true,"href":"https:\/\/chrismathsdesignstore.com\/es_es\/wp-json\/wp\/v2\/product_tag?post=6253"}],"curies":[{"name":"wp","href":"https:\/\/api.w.org\/{rel}","templated":true}]}}