{"id":6165,"date":"2025-04-03T19:24:33","date_gmt":"2025-04-04T02:24:33","guid":{"rendered":"https:\/\/chrismathsdesignstore.com\/?post_type=product&#038;p=6165"},"modified":"2025-04-03T19:29:25","modified_gmt":"2025-04-04T02:29:25","slug":"tote-bag-bajo-su-gracia","status":"publish","type":"product","link":"https:\/\/chrismathsdesignstore.com\/es_es\/producto\/tote-bag-bajo-su-gracia\/","title":{"rendered":"Tote Bag &#8220;Bajo su Gracia&#8221;"},"content":{"rendered":"","protected":false},"excerpt":{"rendered":"<h5>Esta hermosa Tote Bag &#8220;Bajo su Gracia&#8221;, un accesorio que combina estilo y fe. Esta hermosa bolsa de tela, dise\u00f1ada pensando en la mujer moderna y creyente, es perfecta para llevar tus pertenencias diarias mientras compartes un mensaje de esperanza y amor.<\/h5>\n<h5>Hecha de materiales resistentes y duraderos, la Tote Bag presenta un dise\u00f1o elegante con la frase inspiradora &#8220;Bajo su Gracia&#8221; impresa en un tipo de letra atractivo y significativo. Cada vez que la uses, recordar\u00e1s la inmensa gracia que nos brinda Dios y la importancia de vivir en su luz.<\/h5>\n<h5>Con un amplio espacio interior, es ideal para llevar libros, la Biblia, tus compras o cualquier cosa que necesites en tu d\u00eda a d\u00eda. Sus asas c\u00f3modas permiten llevarla con facilidad, ya sea en la mano o al hombro.<\/h5>\n<h5>Esta Tote Bag no solo es un accesorio pr\u00e1ctico, sino tambi\u00e9n una declaraci\u00f3n de fe. Perfecta para regalar o para disfrutar en tu vida cotidiana, es una manera de llevar contigo el mensaje de la gracia divina y de inspirar a otros a hacer lo mismo.<\/h5>\n<h5>Lleva contigo la esencia de la gracia y la belleza de tu fe con la Tote Bag &#8220;Bajo su Gracia&#8221;. \u00a1Hazla parte de tu vida y comparte la luz del amor de Dios donde quiera que vayas!<\/h5>\n<h6>Material\/ Medidas<\/h6>\n<h6>Material : 100% algod\u00f3n.<br \/>\nColor: Natural<br \/>\ntamano: 16 in x 21 in.<br \/>\nAsas: 15 in.<\/h6>\n","protected":false},"featured_media":6166,"comment_status":"open","ping_status":"closed","template":"","meta":{"_monsterinsights_skip_tracking":false,"_monsterinsights_sitenote_active":false,"_monsterinsights_sitenote_note":"","_monsterinsights_sitenote_category":0},"product_brand":[],"product_cat":[28],"product_tag":[283,182,152,153,148,279,282,285,281,149,284,147,150,154,156,159,151,280],"class_list":{"0":"post-6165","1":"product","2":"type-product","3":"status-publish","4":"has-post-thumbnail","6":"product_cat-tote-bag","7":"product_tag-abuena","8":"product_tag-articulos-cristianos","9":"product_tag-birthday","10":"product_tag-cumpleanos","11":"product_tag-dama","12":"product_tag-girls","13":"product_tag-granmother","14":"product_tag-hija","15":"product_tag-mother","16":"product_tag-mujer","17":"product_tag-nieta","18":"product_tag-nina","19":"product_tag-novia","20":"product_tag-quinceanera","21":"product_tag-regalo","22":"product_tag-set-de-regalo","23":"product_tag-wedding","24":"product_tag-woman","26":"first","27":"instock","28":"shipping-taxable","29":"purchasable","30":"product-type-simple"},"aioseo_notices":[],"jetpack_sharing_enabled":true,"_links":{"self":[{"href":"https:\/\/chrismathsdesignstore.com\/es_es\/wp-json\/wp\/v2\/product\/6165","targetHints":{"allow":["GET"]}}],"collection":[{"href":"https:\/\/chrismathsdesignstore.com\/es_es\/wp-json\/wp\/v2\/product"}],"about":[{"href":"https:\/\/chrismathsdesignstore.com\/es_es\/wp-json\/wp\/v2\/types\/product"}],"replies":[{"embeddable":true,"href":"https:\/\/chrismathsdesignstore.com\/es_es\/wp-json\/wp\/v2\/comments?post=6165"}],"wp:featuredmedia":[{"embeddable":true,"href":"https:\/\/chrismathsdesignstore.com\/es_es\/wp-json\/wp\/v2\/media\/6166"}],"wp:attachment":[{"href":"https:\/\/chrismathsdesignstore.com\/es_es\/wp-json\/wp\/v2\/media?parent=6165"}],"wp:term":[{"taxonomy":"product_brand","embeddable":true,"href":"https:\/\/chrismathsdesignstore.com\/es_es\/wp-json\/wp\/v2\/product_brand?post=6165"},{"taxonomy":"product_cat","embeddable":true,"href":"https:\/\/chrismathsdesignstore.com\/es_es\/wp-json\/wp\/v2\/product_cat?post=6165"},{"taxonomy":"product_tag","embeddable":true,"href":"https:\/\/chrismathsdesignstore.com\/es_es\/wp-json\/wp\/v2\/product_tag?post=6165"}],"curies":[{"name":"wp","href":"https:\/\/api.w.org\/{rel}","templated":true}]}}