{"id":6151,"date":"2025-04-03T18:09:32","date_gmt":"2025-04-04T01:09:32","guid":{"rendered":"https:\/\/chrismathsdesignstore.com\/?post_type=product&#038;p=6151"},"modified":"2026-02-18T13:46:44","modified_gmt":"2026-02-18T21:46:44","slug":"vaso-de-vidrio-16-oz-ser-humildes-nos-hace-ser-bondadosos-con-los-demas-efesios-42","status":"publish","type":"product","link":"https:\/\/chrismathsdesignstore.com\/es_es\/producto\/vaso-de-vidrio-16-oz-ser-humildes-nos-hace-ser-bondadosos-con-los-demas-efesios-42\/","title":{"rendered":"Vaso de Vidrio 16 oz &#8220;Ser humildes nos hace ser bondadosos con los demas&#8221; Efesios 4:2"},"content":{"rendered":"","protected":false},"excerpt":{"rendered":"<h4>Este vaso cuenta con un hermoso dise\u00f1o con dos vers\u00edculos inspiradores, record\u00e1ndonos cada d\u00eda la sabidur\u00eda y la luz que nos brinda la Palabra de Dios.<\/h4>\n<h5>El primer vers\u00edculo, &#8220;Cuando tengo miedo, pongo mi confianza en ti&#8221; (Salmo 56:3), nos invita a reflexionar sobre la fe y la confianza en el Se\u00f1or en momentos de temor. Este pasaje nos recuerda que, a pesar de las dificultades y los miedos que podamos enfrentar, siempre podemos encontrar consuelo y seguridad en Dios.<\/h5>\n<h5>El segundo vers\u00edculo, &#8220;Ser humildes nos hace bondadosos con los dem\u00e1s&#8221; (Efesios 4:2), nos ense\u00f1a sobre la importancia de la humildad y la bondad en nuestras interacciones con los dem\u00e1s. Este llamado a la humildad nos anima a cultivar relaciones basadas en el amor y la comprensi\u00f3n, promoviendo un ambiente de armon\u00eda y apoyo mutuo.<\/h5>\n<h5>Con estos vers\u00edculos, este vaso no solo es un objeto decorativo, sino tambi\u00e9n un recordatorio diario de los valores cristianos que nos gu\u00edan en nuestra vida cotidiana.<\/h5>\n<h5>Juntos, estos vers\u00edculos transforman este vaso en un recordatorio diario de la fortaleza, la fe y la gu\u00eda divina que nos acompa\u00f1a en nuestro andar.<\/h5>\n<h5>Este elegante vaso de vidrio no es solo un accesorio funcional, sino tambi\u00e9n una expresi\u00f3n de fe y belleza que acompa\u00f1a cada momento de tu d\u00eda. Con su capacidad de 16 onzas, este vaso se adapta perfectamente a cualquier bebida, desde agua fresca hasta tus smoothies favoritos. La tapa de bamb\u00fa y la pajilla de vidrio a\u00f1aden un toque eco-amigable y sofisticado.<\/h5>\n<h5>Las im\u00e1genes se aplican sobre el vidrio mediante un proceso de transferencia UVDTF de alta calidad, garantizando que se mantendr\u00e1n vibrantes y permanentes. Resistente al agua y dise\u00f1ado para soportar el uso diario y el lavado, este vaso es ideal para quienes buscan disfrutar de sus bebidas con gracia y un toque de fe en cada sorbo. Que cada bebida sea una bendici\u00f3n y una oportunidad para recordar la grandeza del amor de Dios en nuestras vidas. \u00a1Disfruta de un momento de renovaci\u00f3n y esperanza, llevando contigo la inspiraci\u00f3n divina!<\/h5>\n<h4>INSTRUCCIONES DE CUIDADO:<\/h4>\n<h5>-Evitar el calor extremo<br \/>\n-No apto para microondas<br \/>\n-No apto para lavavajillas<br \/>\n-No remojar<br \/>\n*LAVADO A MANO SOLAMENTE*<\/h5>\n","protected":false},"featured_media":6152,"comment_status":"closed","ping_status":"closed","template":"","meta":{"_monsterinsights_skip_tracking":false,"_monsterinsights_sitenote_active":false,"_monsterinsights_sitenote_note":"","_monsterinsights_sitenote_category":0},"product_brand":[],"product_cat":[30],"product_tag":[283,182,152,153,148,279,282,285,281,149,284,147,150,154,156,280],"class_list":{"0":"post-6151","1":"product","2":"type-product","3":"status-publish","4":"has-post-thumbnail","6":"product_cat-vasos","7":"product_tag-abuena","8":"product_tag-articulos-cristianos","9":"product_tag-birthday","10":"product_tag-cumpleanos","11":"product_tag-dama","12":"product_tag-girls","13":"product_tag-granmother","14":"product_tag-hija","15":"product_tag-mother","16":"product_tag-mujer","17":"product_tag-nieta","18":"product_tag-nina","19":"product_tag-novia","20":"product_tag-quinceanera","21":"product_tag-regalo","22":"product_tag-woman","24":"first","25":"instock","26":"shipping-taxable","27":"purchasable","28":"product-type-simple"},"aioseo_notices":[],"jetpack_sharing_enabled":true,"_links":{"self":[{"href":"https:\/\/chrismathsdesignstore.com\/es_es\/wp-json\/wp\/v2\/product\/6151","targetHints":{"allow":["GET"]}}],"collection":[{"href":"https:\/\/chrismathsdesignstore.com\/es_es\/wp-json\/wp\/v2\/product"}],"about":[{"href":"https:\/\/chrismathsdesignstore.com\/es_es\/wp-json\/wp\/v2\/types\/product"}],"replies":[{"embeddable":true,"href":"https:\/\/chrismathsdesignstore.com\/es_es\/wp-json\/wp\/v2\/comments?post=6151"}],"wp:featuredmedia":[{"embeddable":true,"href":"https:\/\/chrismathsdesignstore.com\/es_es\/wp-json\/wp\/v2\/media\/6152"}],"wp:attachment":[{"href":"https:\/\/chrismathsdesignstore.com\/es_es\/wp-json\/wp\/v2\/media?parent=6151"}],"wp:term":[{"taxonomy":"product_brand","embeddable":true,"href":"https:\/\/chrismathsdesignstore.com\/es_es\/wp-json\/wp\/v2\/product_brand?post=6151"},{"taxonomy":"product_cat","embeddable":true,"href":"https:\/\/chrismathsdesignstore.com\/es_es\/wp-json\/wp\/v2\/product_cat?post=6151"},{"taxonomy":"product_tag","embeddable":true,"href":"https:\/\/chrismathsdesignstore.com\/es_es\/wp-json\/wp\/v2\/product_tag?post=6151"}],"curies":[{"name":"wp","href":"https:\/\/api.w.org\/{rel}","templated":true}]}}