{"id":6131,"date":"2025-04-02T16:28:38","date_gmt":"2025-04-02T23:28:38","guid":{"rendered":"https:\/\/chrismathsdesignstore.com\/?post_type=product&#038;p=6131"},"modified":"2026-02-18T13:47:39","modified_gmt":"2026-02-18T21:47:39","slug":"vaso-de-vidrio-16-oz-el-senor-es-mi-luz-y-mi-salvacion-a-quien-temere-salmo-271","status":"publish","type":"product","link":"https:\/\/chrismathsdesignstore.com\/es_es\/producto\/vaso-de-vidrio-16-oz-el-senor-es-mi-luz-y-mi-salvacion-a-quien-temere-salmo-271\/","title":{"rendered":"Vaso de Vidrio 16 oz &#8220;El Se\u00f1or es mi luz y mi salvaci\u00f3n a quien temer\u00e9&#8217; Salmo 27:1"},"content":{"rendered":"<h5>Con un dise\u00f1o \u00fanico, este vaso presenta un hermoso vers\u00edculo inspirador que nos recuerda diariamente la Palabra de Dios que dice: \u00a0&#8220;El Se\u00f1or es mi luz y mi salvaci\u00f3n; \u00bfa qui\u00e9n temer\u00e9?&#8221; (Salmo 27:1). Este pasaje nos invita a reflexionar sobre la protecci\u00f3n y la gu\u00eda que encontramos en nuestra fe.<\/h5>\n<h5>Este elegante vaso de vidrio no es solo un accesorio funcional, sino tambi\u00e9n una expresi\u00f3n de fe y belleza que acompa\u00f1a cada momento de tu d\u00eda. Con su capacidad de 16 onzas, este vaso se adapta perfectamente a cualquier bebida, desde agua fresca hasta tus smoothies favoritos. La tapa de bamb\u00fa y la pajilla de vidrio a\u00f1aden un toque eco-amigable y sofisticado.<\/h5>\n<h5>Las im\u00e1genes se aplican sobre el vidrio mediante un proceso de transferencia UVDTF de alta calidad, garantizando que se mantendr\u00e1n vibrantes y permanentes. Resistente al agua y dise\u00f1ado para soportar el uso diario y el lavado, este vaso es ideal para quienes buscan disfrutar de sus bebidas con gracia y un toque de fe en cada sorbo. Que cada bebida sea una bendici\u00f3n y una oportunidad para recordar la grandeza del amor de Dios en nuestras vidas. \u00a1Disfruta de un momento de renovaci\u00f3n y esperanza, llevando contigo la inspiraci\u00f3n divina!<\/h5>\n<h5>INSTRUCCIONES DE CUIDADO:<\/h5>\n<h5>-Evitar el calor extremo<\/h5>\n<h5>-No apto para microondas<\/h5>\n<h5>-No apto para lavavajillas<\/h5>\n<h5>-No remojar<\/h5>\n<h5>*LAVADO A MANO SOLAMENTE*<\/h5>\n","protected":false},"excerpt":{"rendered":"<h5>Clama a mi yo yo te respondere. Jeremias 3:33 Vaso de Vidrio 16 oz<\/h5>\n","protected":false},"featured_media":6132,"comment_status":"closed","ping_status":"closed","template":"","meta":{"_monsterinsights_skip_tracking":false,"_monsterinsights_sitenote_active":false,"_monsterinsights_sitenote_note":"","_monsterinsights_sitenote_category":0},"product_brand":[],"product_cat":[30],"product_tag":[],"class_list":{"0":"post-6131","1":"product","2":"type-product","3":"status-publish","4":"has-post-thumbnail","6":"product_cat-vasos","8":"first","9":"instock","10":"featured","11":"shipping-taxable","12":"purchasable","13":"product-type-simple"},"aioseo_notices":[],"jetpack_sharing_enabled":true,"_links":{"self":[{"href":"https:\/\/chrismathsdesignstore.com\/es_es\/wp-json\/wp\/v2\/product\/6131","targetHints":{"allow":["GET"]}}],"collection":[{"href":"https:\/\/chrismathsdesignstore.com\/es_es\/wp-json\/wp\/v2\/product"}],"about":[{"href":"https:\/\/chrismathsdesignstore.com\/es_es\/wp-json\/wp\/v2\/types\/product"}],"replies":[{"embeddable":true,"href":"https:\/\/chrismathsdesignstore.com\/es_es\/wp-json\/wp\/v2\/comments?post=6131"}],"wp:featuredmedia":[{"embeddable":true,"href":"https:\/\/chrismathsdesignstore.com\/es_es\/wp-json\/wp\/v2\/media\/6132"}],"wp:attachment":[{"href":"https:\/\/chrismathsdesignstore.com\/es_es\/wp-json\/wp\/v2\/media?parent=6131"}],"wp:term":[{"taxonomy":"product_brand","embeddable":true,"href":"https:\/\/chrismathsdesignstore.com\/es_es\/wp-json\/wp\/v2\/product_brand?post=6131"},{"taxonomy":"product_cat","embeddable":true,"href":"https:\/\/chrismathsdesignstore.com\/es_es\/wp-json\/wp\/v2\/product_cat?post=6131"},{"taxonomy":"product_tag","embeddable":true,"href":"https:\/\/chrismathsdesignstore.com\/es_es\/wp-json\/wp\/v2\/product_tag?post=6131"}],"curies":[{"name":"wp","href":"https:\/\/api.w.org\/{rel}","templated":true}]}}