{"id":4841,"date":"2024-11-21T11:05:07","date_gmt":"2024-11-21T19:05:07","guid":{"rendered":"https:\/\/chrismathsdesignstore.com\/?post_type=product&#038;p=4841"},"modified":"2026-02-18T13:49:03","modified_gmt":"2026-02-18T21:49:03","slug":"vaso-de-vidrio-16-oz-todo-obra-para-el-bien","status":"publish","type":"product","link":"https:\/\/chrismathsdesignstore.com\/es_es\/producto\/vaso-de-vidrio-16-oz-todo-obra-para-el-bien\/","title":{"rendered":"Vaso de Vidrio 16 oz &#8220;Todo obra para el bien&#8221; 8:22"},"content":{"rendered":"","protected":false},"excerpt":{"rendered":"<h4>Vaso 16 oz Romanos 8:22 Todo obra para el bien, Josue 1:9 y vers\u00edculos para la mujer.<\/h4>\n<h5>Este elegante vaso de vidrio no es solo un accesorio funcional, sino tambi\u00e9n una expresi\u00f3n de fe y belleza que acompa\u00f1a cada momento de tu d\u00eda. Con su capacidad de 16 onzas, este vaso se adapta perfectamente a cualquier bebida, desde agua fresca hasta tus smoothies favoritos. La tapa de bamb\u00fa y la pajilla de vidrio a\u00f1aden un toque eco-amigable y sofisticado.<\/h5>\n<h5>Con un dise\u00f1o \u00fanico, este vaso presenta vers\u00edculos inspiradores que sirven como recordatorios diarios de la Palabra de Dios. Romanos 8:28 nos invita a confiar en que todo tiene un prop\u00f3sito divino, mientras que Josu\u00e9 1:9 nos fortalece para afrontar los desaf\u00edos con valent\u00eda. Adem\u00e1s, la colecci\u00f3n de vers\u00edculos dedicados a la mujer celebra la fortaleza, la gracia y la belleza inherentes en cada una de nosotras.<\/h5>\n<h5>Las im\u00e1genes se aplican sobre el vidrio mediante un proceso de transferencia UVDTF de alta calidad, garantizando que se mantendr\u00e1n vibrantes y permanentes. Resistente al agua y dise\u00f1ado para soportar el uso diario y el lavado, este vaso es ideal para quienes buscan disfrutar de sus bebidas con gracia y un toque de fe en cada sorbo. Que cada bebida sea una bendici\u00f3n y una oportunidad para recordar la grandeza del amor de Dios en nuestras vidas. \u00a1Disfruta de un momento de renovaci\u00f3n y esperanza, llevando contigo la inspiraci\u00f3n divina!<\/h5>\n<h5><\/h5>\n<h5>INSTRUCCIONES DE CUIDADO:<\/h5>\n<h5>-Evitar el calor extremo<\/h5>\n<h5>-No apto para microondas<\/h5>\n<h5>-No apto para lavavajillas<\/h5>\n<h5>-No remojar<\/h5>\n<h5>*LAVADO A MANO SOLAMENTE*<\/h5>\n","protected":false},"featured_media":6138,"comment_status":"closed","ping_status":"closed","template":"","meta":{"_monsterinsights_skip_tracking":false,"_monsterinsights_sitenote_active":false,"_monsterinsights_sitenote_note":"","_monsterinsights_sitenote_category":0},"product_brand":[],"product_cat":[30],"product_tag":[],"class_list":{"0":"post-4841","1":"product","2":"type-product","3":"status-publish","4":"has-post-thumbnail","6":"product_cat-vasos","8":"first","9":"instock","10":"featured","11":"shipping-taxable","12":"purchasable","13":"product-type-simple"},"aioseo_notices":[],"jetpack_sharing_enabled":true,"_links":{"self":[{"href":"https:\/\/chrismathsdesignstore.com\/es_es\/wp-json\/wp\/v2\/product\/4841","targetHints":{"allow":["GET"]}}],"collection":[{"href":"https:\/\/chrismathsdesignstore.com\/es_es\/wp-json\/wp\/v2\/product"}],"about":[{"href":"https:\/\/chrismathsdesignstore.com\/es_es\/wp-json\/wp\/v2\/types\/product"}],"replies":[{"embeddable":true,"href":"https:\/\/chrismathsdesignstore.com\/es_es\/wp-json\/wp\/v2\/comments?post=4841"}],"wp:featuredmedia":[{"embeddable":true,"href":"https:\/\/chrismathsdesignstore.com\/es_es\/wp-json\/wp\/v2\/media\/6138"}],"wp:attachment":[{"href":"https:\/\/chrismathsdesignstore.com\/es_es\/wp-json\/wp\/v2\/media?parent=4841"}],"wp:term":[{"taxonomy":"product_brand","embeddable":true,"href":"https:\/\/chrismathsdesignstore.com\/es_es\/wp-json\/wp\/v2\/product_brand?post=4841"},{"taxonomy":"product_cat","embeddable":true,"href":"https:\/\/chrismathsdesignstore.com\/es_es\/wp-json\/wp\/v2\/product_cat?post=4841"},{"taxonomy":"product_tag","embeddable":true,"href":"https:\/\/chrismathsdesignstore.com\/es_es\/wp-json\/wp\/v2\/product_tag?post=4841"}],"curies":[{"name":"wp","href":"https:\/\/api.w.org\/{rel}","templated":true}]}}