{"id":3526,"date":"2023-11-16T15:30:20","date_gmt":"2023-11-16T23:30:20","guid":{"rendered":"https:\/\/chrismathsdesignstore.com\/?post_type=product&#038;p=3526"},"modified":"2025-01-24T15:53:00","modified_gmt":"2025-01-24T23:53:00","slug":"bolso-de-jute-inspiracion-jesus","status":"publish","type":"product","link":"https:\/\/chrismathsdesignstore.com\/es_es\/producto\/bolso-de-jute-inspiracion-jesus\/","title":{"rendered":"Bolso de Jute Inspiraci\u00f3n Jes\u00fas"},"content":{"rendered":"<h5>Bolso de Jute Inspiraci\u00f3n ALL MY HOPE IS IN JESUS<\/h5>\n","protected":false},"excerpt":{"rendered":"<h5>Bolso de Jute Inspiraci\u00f3n ALL MY HOPE IS IN JESUS<\/h5>\n","protected":false},"featured_media":3527,"comment_status":"open","ping_status":"closed","template":"","meta":{"_monsterinsights_skip_tracking":false,"_monsterinsights_sitenote_active":false,"_monsterinsights_sitenote_note":"","_monsterinsights_sitenote_category":0},"product_brand":[],"product_cat":[27],"product_tag":[182,152,153,148,149,147,154,156],"class_list":{"0":"post-3526","1":"product","2":"type-product","3":"status-publish","4":"has-post-thumbnail","6":"product_cat-bolsos","7":"product_tag-articulos-cristianos","8":"product_tag-birthday","9":"product_tag-cumpleanos","10":"product_tag-dama","11":"product_tag-mujer","12":"product_tag-nina","13":"product_tag-quinceanera","14":"product_tag-regalo","16":"first","17":"instock","18":"shipping-taxable","19":"purchasable","20":"product-type-simple"},"aioseo_notices":[],"jetpack_sharing_enabled":true,"_links":{"self":[{"href":"https:\/\/chrismathsdesignstore.com\/es_es\/wp-json\/wp\/v2\/product\/3526","targetHints":{"allow":["GET"]}}],"collection":[{"href":"https:\/\/chrismathsdesignstore.com\/es_es\/wp-json\/wp\/v2\/product"}],"about":[{"href":"https:\/\/chrismathsdesignstore.com\/es_es\/wp-json\/wp\/v2\/types\/product"}],"replies":[{"embeddable":true,"href":"https:\/\/chrismathsdesignstore.com\/es_es\/wp-json\/wp\/v2\/comments?post=3526"}],"wp:featuredmedia":[{"embeddable":true,"href":"https:\/\/chrismathsdesignstore.com\/es_es\/wp-json\/wp\/v2\/media\/3527"}],"wp:attachment":[{"href":"https:\/\/chrismathsdesignstore.com\/es_es\/wp-json\/wp\/v2\/media?parent=3526"}],"wp:term":[{"taxonomy":"product_brand","embeddable":true,"href":"https:\/\/chrismathsdesignstore.com\/es_es\/wp-json\/wp\/v2\/product_brand?post=3526"},{"taxonomy":"product_cat","embeddable":true,"href":"https:\/\/chrismathsdesignstore.com\/es_es\/wp-json\/wp\/v2\/product_cat?post=3526"},{"taxonomy":"product_tag","embeddable":true,"href":"https:\/\/chrismathsdesignstore.com\/es_es\/wp-json\/wp\/v2\/product_tag?post=3526"}],"curies":[{"name":"wp","href":"https:\/\/api.w.org\/{rel}","templated":true}]}}