{"id":3360,"date":"2023-11-09T15:30:30","date_gmt":"2023-11-09T23:30:30","guid":{"rendered":"https:\/\/chrismathsdesignstore.com\/?post_type=product&#038;p=3360"},"modified":"2025-01-24T16:08:29","modified_gmt":"2025-01-25T00:08:29","slug":"tote-bag-mensajes-cristianos-inspiracion-mi-esperanza-esta-en-jesus","status":"publish","type":"product","link":"https:\/\/chrismathsdesignstore.com\/es_es\/producto\/tote-bag-mensajes-cristianos-inspiracion-mi-esperanza-esta-en-jesus\/","title":{"rendered":"Tote Bag Inspiraci\u00f3n Mi esperanza esta en Jes\u00fas"},"content":{"rendered":"<p>Tote Bag Mensajes Cristianos Inspiraci\u00f3n Mi esperanza esta en Jes\u00fas<\/p>\n<p>Material\/ Medidas<\/p>\n<p>Material : 100% algod\u00f3n.<br \/>\nColor: Natural<br \/>\ntamano: 16 in x 21 in.<br \/>\nAsas: 15 in.<\/p>\n","protected":false},"excerpt":{"rendered":"<p>Tote Bag Mensajes Cristianos Inspiraci\u00f3n Mi esperanza esta en Jes\u00fas<\/p>\n","protected":false},"featured_media":3327,"comment_status":"open","ping_status":"closed","template":"","meta":{"_monsterinsights_skip_tracking":false,"_monsterinsights_sitenote_active":false,"_monsterinsights_sitenote_note":"","_monsterinsights_sitenote_category":0},"product_brand":[],"product_cat":[15],"product_tag":[152,153,149,154],"class_list":{"0":"post-3360","1":"product","2":"type-product","3":"status-publish","4":"has-post-thumbnail","6":"product_cat-sin-categorizar","7":"product_tag-birthday","8":"product_tag-cumpleanos","9":"product_tag-mujer","10":"product_tag-quinceanera","12":"first","13":"instock","14":"shipping-taxable","15":"purchasable","16":"product-type-simple"},"aioseo_notices":[],"jetpack_sharing_enabled":true,"_links":{"self":[{"href":"https:\/\/chrismathsdesignstore.com\/es_es\/wp-json\/wp\/v2\/product\/3360","targetHints":{"allow":["GET"]}}],"collection":[{"href":"https:\/\/chrismathsdesignstore.com\/es_es\/wp-json\/wp\/v2\/product"}],"about":[{"href":"https:\/\/chrismathsdesignstore.com\/es_es\/wp-json\/wp\/v2\/types\/product"}],"replies":[{"embeddable":true,"href":"https:\/\/chrismathsdesignstore.com\/es_es\/wp-json\/wp\/v2\/comments?post=3360"}],"wp:featuredmedia":[{"embeddable":true,"href":"https:\/\/chrismathsdesignstore.com\/es_es\/wp-json\/wp\/v2\/media\/3327"}],"wp:attachment":[{"href":"https:\/\/chrismathsdesignstore.com\/es_es\/wp-json\/wp\/v2\/media?parent=3360"}],"wp:term":[{"taxonomy":"product_brand","embeddable":true,"href":"https:\/\/chrismathsdesignstore.com\/es_es\/wp-json\/wp\/v2\/product_brand?post=3360"},{"taxonomy":"product_cat","embeddable":true,"href":"https:\/\/chrismathsdesignstore.com\/es_es\/wp-json\/wp\/v2\/product_cat?post=3360"},{"taxonomy":"product_tag","embeddable":true,"href":"https:\/\/chrismathsdesignstore.com\/es_es\/wp-json\/wp\/v2\/product_tag?post=3360"}],"curies":[{"name":"wp","href":"https:\/\/api.w.org\/{rel}","templated":true}]}}