{"id":11180,"date":"2026-05-15T13:34:11","date_gmt":"2026-05-15T20:34:11","guid":{"rendered":"https:\/\/chrismathsdesignstore.com\/?post_type=product&#038;p=11180"},"modified":"2026-05-15T13:37:44","modified_gmt":"2026-05-15T20:37:44","slug":"tumbler-para-hombre-dios-es-mi-fuerza-salmos-287-personalizado","status":"publish","type":"product","link":"https:\/\/chrismathsdesignstore.com\/es_es\/producto\/tumbler-para-hombre-dios-es-mi-fuerza-salmos-287-personalizado\/","title":{"rendered":"Tumbler para Hombre \u201cDios es mi Fuerza\u201d  Salmos 28:7 Personalizado"},"content":{"rendered":"","protected":false},"excerpt":{"rendered":"<h2>Tumbler para Hombre \u201cDios es mi Fuerza\u201d Salmos 28:7 Personalizado<\/h2>\n<div class=\"qMYqUG_convSearchResultHighlightRoot\">\n<div class=\"\" data-turn-id-container=\"request-WEB:de5be98c-43b1-4e36-8482-b7a1cd192842-21\" data-is-intersecting=\"true\">\n<div class=\"relative w-full overflow-visible\">\n<section class=\"text-token-text-primary w-full focus:outline-none has-data-writing-block:pointer-events-none [&amp;:has([data-writing-block])&gt;*]:pointer-events-auto R6Vx5W_threadScrollVars scroll-mb-[calc(var(--scroll-root-safe-area-inset-bottom,0px)+var(--thread-response-height))] scroll-mt-[calc(var(--header-height)+min(200px,max(70px,20svh)))]\" dir=\"auto\" data-turn-id=\"request-WEB:de5be98c-43b1-4e36-8482-b7a1cd192842-21\" data-turn-id-container=\"request-WEB:de5be98c-43b1-4e36-8482-b7a1cd192842-21\" data-testid=\"conversation-turn-48\" data-scroll-anchor=\"false\" data-turn=\"assistant\">\n<div class=\"text-base my-auto mx-auto pb-10 [--thread-content-margin:var(--thread-content-margin-xs,calc(var(--spacing)*4))] @w-sm\/main:[--thread-content-margin:var(--thread-content-margin-sm,calc(var(--spacing)*6))] @w-lg\/main:[--thread-content-margin:var(--thread-content-margin-lg,calc(var(--spacing)*16))] px-(--thread-content-margin)\">\n<div class=\"[--thread-content-max-width:40rem] @w-lg\/main:[--thread-content-max-width:48rem] mx-auto max-w-(--thread-content-max-width) flex-1 group\/turn-messages focus-visible:outline-hidden relative flex w-full min-w-0 flex-col agent-turn\">\n<div class=\"flex max-w-full flex-col gap-4 grow\">\n<div class=\"min-h-8 text-message relative flex w-full flex-col items-end gap-2 text-start break-words whitespace-normal outline-none keyboard-focused:focus-ring [.text-message+&amp;]:mt-1\" dir=\"auto\" tabindex=\"0\" data-message-author-role=\"assistant\" data-message-id=\"7784c61a-a7a1-449c-a70f-480e2e9a7330\" data-message-model-slug=\"gpt-5-5\" data-turn-start-message=\"true\">\n<div class=\"flex w-full flex-col gap-1 empty:hidden\">\n<div class=\"markdown prose dark:prose-invert wrap-break-word w-full light markdown-new-styling\">\n<h4 data-start=\"111\" data-end=\"341\">Fortalece tu d\u00eda con este poderoso <strong data-start=\"165\" data-end=\"214\">skinny tumbler cristiano de 20 oz para hombre<\/strong>, inspirado en el vers\u00edculo <strong data-start=\"242\" data-end=\"257\">Salmos 28:7<\/strong>: <em data-start=\"259\" data-end=\"338\">\u201cJehov\u00e1 es mi fortaleza y mi escudo; en \u00c9l confi\u00f3 mi coraz\u00f3n, y fui ayudado.\u201d<\/em> \ud83d\ude4f<\/h4>\n<h4 data-start=\"343\" data-end=\"623\">Con un impactante dise\u00f1o masculino que combina un majestuoso le\u00f3n, la cruz y tonos oscuros con detalles dorados, este tumbler representa <strong data-start=\"480\" data-end=\"520\">fuerza, valent\u00eda y confianza en Dios<\/strong>. Adem\u00e1s, puedes <strong data-start=\"537\" data-end=\"566\">personalizarlo con nombre<\/strong>, convirti\u00e9ndolo en un regalo \u00fanico y lleno de prop\u00f3sito.<\/h4>\n<h4 data-start=\"625\" data-end=\"765\">Perfecto para hombres de fe que desean llevar un mensaje de fortaleza espiritual a donde vayan, mientras disfrutan de sus bebidas favoritas.<\/h4>\n<h3 data-start=\"767\" data-end=\"1097\"><strong data-start=\"770\" data-end=\"790\">Caracter\u00edsticas:<\/p>\n<p><\/strong>\u2022 <strong data-start=\"795\" data-end=\"817\">Capacidad de 20 oz<\/strong><br data-start=\"817\" data-end=\"820\" \/>\u2022 Personalizable con nombre<br data-start=\"847\" data-end=\"850\" \/>\u2022 Dise\u00f1o cristiano exclusivo para hombre<br data-start=\"890\" data-end=\"893\" \/>\u2022 Ideal para bebidas fr\u00edas y calientes<br data-start=\"931\" data-end=\"934\" \/>\u2022 Incluye tapa y popote met\u00e1lico<br data-start=\"966\" data-end=\"969\" \/>\u2022 Inspirado en <strong data-start=\"984\" data-end=\"999\">Salmos 28:7<\/strong><br data-start=\"999\" data-end=\"1002\" \/>\u2022 Regalo ideal para <strong data-start=\"1022\" data-end=\"1097\">D\u00eda del Padre, cumplea\u00f1os, pastores, l\u00edderes de iglesia y hombres de fe<\/strong><\/h3>\n<h4 data-start=\"1099\" data-end=\"1193\">Un regalo con prop\u00f3sito que recuerda cada d\u00eda que <strong data-start=\"1151\" data-end=\"1187\">Dios es nuestra fuerza y refugio<\/strong>.<\/h4>\n<\/div>\n<\/div>\n<\/div>\n<\/div>\n<\/div>\n<\/div>\n<\/section>\n<\/div>\n<\/div>\n<\/div>\n","protected":false},"featured_media":11181,"comment_status":"closed","ping_status":"closed","template":"","meta":{"_monsterinsights_skip_tracking":false,"_monsterinsights_sitenote_active":false,"_monsterinsights_sitenote_note":"","_monsterinsights_sitenote_category":0},"product_brand":[],"product_cat":[35],"product_tag":[283,182,152,153,148,279,282,285,149,284,147,154,156,280],"class_list":{"0":"post-11180","1":"product","2":"type-product","3":"status-publish","4":"has-post-thumbnail","6":"product_cat-regalos","7":"product_tag-abuena","8":"product_tag-articulos-cristianos","9":"product_tag-birthday","10":"product_tag-cumpleanos","11":"product_tag-dama","12":"product_tag-girls","13":"product_tag-granmother","14":"product_tag-hija","15":"product_tag-mujer","16":"product_tag-nieta","17":"product_tag-nina","18":"product_tag-quinceanera","19":"product_tag-regalo","20":"product_tag-woman","22":"first","23":"instock","24":"featured","25":"shipping-taxable","26":"purchasable","27":"product-type-simple"},"aioseo_notices":[],"jetpack_sharing_enabled":true,"_links":{"self":[{"href":"https:\/\/chrismathsdesignstore.com\/es_es\/wp-json\/wp\/v2\/product\/11180","targetHints":{"allow":["GET"]}}],"collection":[{"href":"https:\/\/chrismathsdesignstore.com\/es_es\/wp-json\/wp\/v2\/product"}],"about":[{"href":"https:\/\/chrismathsdesignstore.com\/es_es\/wp-json\/wp\/v2\/types\/product"}],"replies":[{"embeddable":true,"href":"https:\/\/chrismathsdesignstore.com\/es_es\/wp-json\/wp\/v2\/comments?post=11180"}],"wp:featuredmedia":[{"embeddable":true,"href":"https:\/\/chrismathsdesignstore.com\/es_es\/wp-json\/wp\/v2\/media\/11181"}],"wp:attachment":[{"href":"https:\/\/chrismathsdesignstore.com\/es_es\/wp-json\/wp\/v2\/media?parent=11180"}],"wp:term":[{"taxonomy":"product_brand","embeddable":true,"href":"https:\/\/chrismathsdesignstore.com\/es_es\/wp-json\/wp\/v2\/product_brand?post=11180"},{"taxonomy":"product_cat","embeddable":true,"href":"https:\/\/chrismathsdesignstore.com\/es_es\/wp-json\/wp\/v2\/product_cat?post=11180"},{"taxonomy":"product_tag","embeddable":true,"href":"https:\/\/chrismathsdesignstore.com\/es_es\/wp-json\/wp\/v2\/product_tag?post=11180"}],"curies":[{"name":"wp","href":"https:\/\/api.w.org\/{rel}","templated":true}]}}