{"id":11157,"date":"2026-05-15T08:05:38","date_gmt":"2026-05-15T15:05:38","guid":{"rendered":"https:\/\/chrismathsdesignstore.com\/?post_type=product&#038;p=11157"},"modified":"2026-05-15T08:42:04","modified_gmt":"2026-05-15T15:42:04","slug":"libro-devocional-365-dias-de-oracion-para-hombres","status":"publish","type":"product","link":"https:\/\/chrismathsdesignstore.com\/es_es\/producto\/libro-devocional-365-dias-de-oracion-para-hombres\/","title":{"rendered":"Libro  Devocional 365 D\u00edas de Oraci\u00f3n para Hombres"},"content":{"rendered":"","protected":false},"excerpt":{"rendered":"<h2>Libro Devocional 365 D\u00edas de Oraci\u00f3n para Hombres<\/h2>\n<h4 data-start=\"120\" data-end=\"421\">Un regalo con prop\u00f3sito para fortalecer la fe de pap\u00e1 cada d\u00eda. \u2728 Este hermoso devocional <strong data-start=\"210\" data-end=\"248\">\u201c365 D\u00edas de Oraci\u00f3n para Hombres\u201d<\/strong>, con elegante acabado en <strong data-start=\"274\" data-end=\"292\">imitaci\u00f3n piel<\/strong>, est\u00e1 dise\u00f1ado para acompa\u00f1ar su caminar con Dios, brind\u00e1ndole inspiraci\u00f3n, reflexi\u00f3n y momentos de oraci\u00f3n durante todo el a\u00f1o.<\/h4>\n<h4 data-start=\"423\" data-end=\"679\">Su dise\u00f1o elegante y masculino lo convierte en un regalo especial para el <strong data-start=\"497\" data-end=\"514\">D\u00eda del Padre<\/strong>, cumplea\u00f1os o cualquier ocasi\u00f3n significativa. Ideal para padres, esposos, abuelos, hijos o l\u00edderes espirituales que desean crecer m\u00e1s cerca del coraz\u00f3n de Dios.<\/h4>\n<ul>\n<li data-start=\"681\" data-end=\"860\">\n<h5><strong data-start=\"684\" data-end=\"758\">Incluye 365 reflexiones y oraciones para fortalecer la fe diariamente.<\/strong><\/h5>\n<\/li>\n<li data-start=\"681\" data-end=\"860\">\n<h5><strong data-start=\"764\" data-end=\"803\">Acabado elegante en imitaci\u00f3n piel.<\/strong><\/h5>\n<\/li>\n<li data-start=\"681\" data-end=\"860\">\n<h5><strong data-start=\"809\" data-end=\"860\" data-is-last-node=\"\">Un regalo con prop\u00f3sito que bendice el coraz\u00f3n.<\/strong><\/h5>\n<\/li>\n<\/ul>\n<h2>Detalles del producto<\/h2>\n<div id=\"detailBullets_feature_div\">\n<ul class=\"a-unordered-list a-nostyle a-vertical a-spacing-none detail-bullet-list\">\n<li>\n<h4><span class=\"a-list-item\"><span class=\"a-text-bold\">Idioma \u200f : \u200e\u00a0<\/span>Espa\u00f1ol<\/span><\/h4>\n<\/li>\n<li>\n<h4><span class=\"a-list-item\"><span class=\"a-text-bold\">N\u00famero de p\u00e1ginas \u200f : \u200e\u00a0<\/span>384 p\u00e1ginas<\/span><\/h4>\n<\/li>\n<li>\n<h4><span class=\"a-list-item\"><span class=\"a-text-bold\">Dimensiones \u200f : \u200e\u00a0<\/span>4.5 x 0.75 x 6.5 pulgadas<\/span><\/h4>\n<\/li>\n<\/ul>\n<\/div>\n","protected":false},"featured_media":11158,"comment_status":"closed","ping_status":"closed","template":"","meta":{"_monsterinsights_skip_tracking":false,"_monsterinsights_sitenote_active":false,"_monsterinsights_sitenote_note":"","_monsterinsights_sitenote_category":0},"product_brand":[],"product_cat":[35],"product_tag":[283,182,152,153,148,279,282,285,149,284,147,154,156,280],"class_list":{"0":"post-11157","1":"product","2":"type-product","3":"status-publish","4":"has-post-thumbnail","6":"product_cat-regalos","7":"product_tag-abuena","8":"product_tag-articulos-cristianos","9":"product_tag-birthday","10":"product_tag-cumpleanos","11":"product_tag-dama","12":"product_tag-girls","13":"product_tag-granmother","14":"product_tag-hija","15":"product_tag-mujer","16":"product_tag-nieta","17":"product_tag-nina","18":"product_tag-quinceanera","19":"product_tag-regalo","20":"product_tag-woman","22":"first","23":"instock","24":"featured","25":"shipping-taxable","26":"purchasable","27":"product-type-simple"},"aioseo_notices":[],"jetpack_sharing_enabled":true,"_links":{"self":[{"href":"https:\/\/chrismathsdesignstore.com\/es_es\/wp-json\/wp\/v2\/product\/11157","targetHints":{"allow":["GET"]}}],"collection":[{"href":"https:\/\/chrismathsdesignstore.com\/es_es\/wp-json\/wp\/v2\/product"}],"about":[{"href":"https:\/\/chrismathsdesignstore.com\/es_es\/wp-json\/wp\/v2\/types\/product"}],"replies":[{"embeddable":true,"href":"https:\/\/chrismathsdesignstore.com\/es_es\/wp-json\/wp\/v2\/comments?post=11157"}],"wp:featuredmedia":[{"embeddable":true,"href":"https:\/\/chrismathsdesignstore.com\/es_es\/wp-json\/wp\/v2\/media\/11158"}],"wp:attachment":[{"href":"https:\/\/chrismathsdesignstore.com\/es_es\/wp-json\/wp\/v2\/media?parent=11157"}],"wp:term":[{"taxonomy":"product_brand","embeddable":true,"href":"https:\/\/chrismathsdesignstore.com\/es_es\/wp-json\/wp\/v2\/product_brand?post=11157"},{"taxonomy":"product_cat","embeddable":true,"href":"https:\/\/chrismathsdesignstore.com\/es_es\/wp-json\/wp\/v2\/product_cat?post=11157"},{"taxonomy":"product_tag","embeddable":true,"href":"https:\/\/chrismathsdesignstore.com\/es_es\/wp-json\/wp\/v2\/product_tag?post=11157"}],"curies":[{"name":"wp","href":"https:\/\/api.w.org\/{rel}","templated":true}]}}