{"id":10760,"date":"2026-05-12T18:55:16","date_gmt":"2026-05-13T01:55:16","guid":{"rendered":"https:\/\/chrismathsdesignstore.com\/?post_type=product&#038;p=10760"},"modified":"2026-05-12T19:05:34","modified_gmt":"2026-05-13T02:05:34","slug":"taza-para-papa-personalizada-con-nombre","status":"publish","type":"product","link":"https:\/\/chrismathsdesignstore.com\/es_es\/producto\/taza-para-papa-personalizada-con-nombre\/","title":{"rendered":"Taza \u201cPara Pap\u00e1\u201d personalizada con nombre"},"content":{"rendered":"<p>&nbsp;<\/p>\n<h5><\/h5>\n","protected":false},"excerpt":{"rendered":"<h1>Taza \u201cPara Pap\u00e1\u201d personalizada con nombre<\/h1>\n<h4 data-start=\"160\" data-end=\"362\">Un detalle especial lleno de amor y significado para celebrar al mejor pap\u00e1. Personal\u00edzala con su nombre y reg\u00e1lale un recuerdo que siempre llevar\u00e1 en su coraz\u00f3n.<\/h4>\n<h4 data-start=\"936\" data-end=\"994\">Cada sorbo ser\u00e1 un recordatorio del amor que le rodea \ud83e\udd0d<\/h4>\n<h4 data-start=\"996\" data-end=\"1071\">\ud83d\udc9d <strong data-start=\"999\" data-end=\"1069\">Un detalle especial que bendice el coraz\u00f3n de Pap\u00e1 todos los d\u00edas<\/strong><\/h4>\n<h4><strong>Caracter\u00edsticas:<\/strong><\/h4>\n<ul>\n<li>\n<h4><strong>Material:<\/strong>\u00a0Elaborada en cer\u00e1mica de alta calidad, resistente y apta para lavavajillas, garantizando durabilidad y f\u00e1cil mantenimiento.<\/h4>\n<\/li>\n<li>\n<h4><strong>Capacidad:<\/strong> Con un volumen de 11 o. y 15 oz.\u00a0 es ideal para disfrutar de tus bebidas fr\u00edas o calientes en cualquier momento del d\u00eda.<\/h4>\n<\/li>\n<li>\n<h4><strong>Personalizaci\u00f3n:<\/strong> Personaliza tu taza con nombre, aportando un toque \u00fanico y especial que la har\u00e1 inolvidable.<\/h4>\n<\/li>\n<li>\n<h4><strong>Presentaci\u00f3n:<\/strong> Puedes inlcuir una elegante caja de regalo, lista para ser entregada, lo que la convierte en una opci\u00f3n perfecta para sorprender en cualquier ocasi\u00f3n.<\/h4>\n<\/li>\n<li>\n<h4><strong>Regalo Perfecto:<\/strong> Este regalo personalizado no solo encantar\u00e1 a tus amigos y familiares, sino que tambi\u00e9n es ideal para cumplea\u00f1os, aniversarios, intercambios de regalos o simplemente como un capricho para ti mismo. \u00a1Haz que cada sorbo sea especial!<\/h4>\n<\/li>\n<\/ul>\n<h3>Material\/ Medidas<\/h3>\n<h4>Material : Ceramica<br \/>\nCapacidad: 11 oz y 15 oz<br \/>\nCantidad: 1 taza<\/h4>\n","protected":false},"featured_media":10763,"comment_status":"closed","ping_status":"closed","template":"","meta":{"_monsterinsights_skip_tracking":false,"_monsterinsights_sitenote_active":false,"_monsterinsights_sitenote_note":"","_monsterinsights_sitenote_category":0},"product_brand":[],"product_cat":[247],"product_tag":[153,148,149,147,154],"class_list":{"0":"post-10760","1":"product","2":"type-product","3":"status-publish","4":"has-post-thumbnail","6":"product_cat-tazas","7":"product_tag-cumpleanos","8":"product_tag-dama","9":"product_tag-mujer","10":"product_tag-nina","11":"product_tag-quinceanera","13":"first","14":"instock","15":"featured","16":"shipping-taxable","17":"purchasable","18":"product-type-variable"},"aioseo_notices":[],"jetpack_sharing_enabled":true,"_links":{"self":[{"href":"https:\/\/chrismathsdesignstore.com\/es_es\/wp-json\/wp\/v2\/product\/10760","targetHints":{"allow":["GET"]}}],"collection":[{"href":"https:\/\/chrismathsdesignstore.com\/es_es\/wp-json\/wp\/v2\/product"}],"about":[{"href":"https:\/\/chrismathsdesignstore.com\/es_es\/wp-json\/wp\/v2\/types\/product"}],"replies":[{"embeddable":true,"href":"https:\/\/chrismathsdesignstore.com\/es_es\/wp-json\/wp\/v2\/comments?post=10760"}],"wp:featuredmedia":[{"embeddable":true,"href":"https:\/\/chrismathsdesignstore.com\/es_es\/wp-json\/wp\/v2\/media\/10763"}],"wp:attachment":[{"href":"https:\/\/chrismathsdesignstore.com\/es_es\/wp-json\/wp\/v2\/media?parent=10760"}],"wp:term":[{"taxonomy":"product_brand","embeddable":true,"href":"https:\/\/chrismathsdesignstore.com\/es_es\/wp-json\/wp\/v2\/product_brand?post=10760"},{"taxonomy":"product_cat","embeddable":true,"href":"https:\/\/chrismathsdesignstore.com\/es_es\/wp-json\/wp\/v2\/product_cat?post=10760"},{"taxonomy":"product_tag","embeddable":true,"href":"https:\/\/chrismathsdesignstore.com\/es_es\/wp-json\/wp\/v2\/product_tag?post=10760"}],"curies":[{"name":"wp","href":"https:\/\/api.w.org\/{rel}","templated":true}]}}