{"id":10693,"date":"2026-04-14T18:35:08","date_gmt":"2026-04-15T01:35:08","guid":{"rendered":"https:\/\/chrismathsdesignstore.com\/?post_type=product&#038;p=10693"},"modified":"2026-04-14T18:55:24","modified_gmt":"2026-04-15T01:55:24","slug":"taza-feliz-dia-mama-personalizada-con-foto","status":"publish","type":"product","link":"https:\/\/chrismathsdesignstore.com\/es_es\/producto\/taza-feliz-dia-mama-personalizada-con-foto\/","title":{"rendered":"Taza \u201cFeliz D\u00eda Mam\u00e1\u201d personalizada con foto"},"content":{"rendered":"<p>&nbsp;<\/p>\n<h5><\/h5>\n","protected":false},"excerpt":{"rendered":"<h1>Taza \u201cFeliz D\u00eda Mam\u00e1\u201d personalizada con foto<\/h1>\n<h4 data-start=\"134\" data-end=\"315\">Sorprende a mam\u00e1 con un regalo \u00fanico y lleno de amor.\u00a0 Esta hermosa taza \u201cFeliz D\u00eda Mam\u00e1\u201d personalizada con foto es el detalle perfecto para celebrar su d\u00eda de una manera especial.<\/h4>\n<h4 data-start=\"317\" data-end=\"514\">Incluye el hermoso vers\u00edculo b\u00edblico\u00a0<br data-start=\"356\" data-end=\"359\" \/><em data-start=\"359\" data-end=\"431\">\u201cSus hijos se levantan y la llaman bienaventurada.\u201d \u2013 Proverbios 31:28<\/em><br data-start=\"431\" data-end=\"434\" \/>Un mensaje lleno de amor y bendici\u00f3n que har\u00e1 este regalo a\u00fan m\u00e1s significativo.<\/h4>\n<h4 data-start=\"516\" data-end=\"690\">Agrega tu foto favorita\u00a0 y crea un recuerdo inolvidable que la acompa\u00f1ar\u00e1 cada ma\u00f1ana. Su dise\u00f1o delicado con corazones en tonos suaves transmite ternura, amor y elegancia.<\/h4>\n<p data-start=\"936\" data-end=\"994\">Cada sorbo ser\u00e1 un recordatorio del amor que la rodea \ud83e\udd0d<\/p>\n<p data-start=\"996\" data-end=\"1071\">\ud83d\udc9d <strong data-start=\"999\" data-end=\"1069\">Un detalle especial que bendice el coraz\u00f3n de mam\u00e1 todos los d\u00edas.<\/strong><\/p>\n<h4>Haz de este D\u00eda de las Madres un momento inolvidable con un detalle que hable del amor incondicional que compartes con los tuyos. \u00a1Personaliza la tuya y celebra la belleza de la maternidad!<\/h4>\n<h4><strong>Caracter\u00edsticas:<\/strong><\/h4>\n<ul>\n<li>\n<h4><strong>Material:<\/strong>\u00a0Elaborada en cer\u00e1mica de alta calidad, resistente y apta para lavavajillas, garantizando durabilidad y f\u00e1cil mantenimiento.<\/h4>\n<\/li>\n<li>\n<h4><strong>Capacidad:<\/strong> Con un volumen de 11 o. y 15 oz.\u00a0 es ideal para disfrutar de tus bebidas fr\u00edas o calientes en cualquier momento del d\u00eda.<\/h4>\n<\/li>\n<li>\n<h4><strong>Personalizaci\u00f3n:<\/strong> Personaliza tu taza a\u00f1adiendotu foto favorita, aportando un toque \u00fanico y especial que la har\u00e1 inolvidable.<\/h4>\n<\/li>\n<li>\n<h4><strong>Presentaci\u00f3n:<\/strong> Puedes inlcuir una elegante caja de regalo, lista para ser entregada, lo que la convierte en una opci\u00f3n perfecta para sorprender en cualquier ocasi\u00f3n.<\/h4>\n<\/li>\n<li>\n<h4><strong>Regalo Perfecto:<\/strong> Este regalo personalizado no solo encantar\u00e1 a tus amigos y familiares, sino que tambi\u00e9n es ideal para cumplea\u00f1os, aniversarios, intercambios de regalos o simplemente como un capricho para ti mismo. \u00a1Haz que cada sorbo sea especial!<\/h4>\n<\/li>\n<\/ul>\n<h3>Material\/ Medidas<\/h3>\n<h4>Material : Ceramica<br \/>\nCapacidad: 11 oz y 15 oz<br \/>\nCantidad: 1 taza<\/h4>\n","protected":false},"featured_media":10698,"comment_status":"closed","ping_status":"closed","template":"","meta":{"_monsterinsights_skip_tracking":false,"_monsterinsights_sitenote_active":false,"_monsterinsights_sitenote_note":"","_monsterinsights_sitenote_category":0},"product_brand":[],"product_cat":[247],"product_tag":[153,148,149,147,154],"class_list":{"0":"post-10693","1":"product","2":"type-product","3":"status-publish","4":"has-post-thumbnail","6":"product_cat-tazas","7":"product_tag-cumpleanos","8":"product_tag-dama","9":"product_tag-mujer","10":"product_tag-nina","11":"product_tag-quinceanera","13":"first","14":"instock","15":"featured","16":"shipping-taxable","17":"purchasable","18":"product-type-variable"},"aioseo_notices":[],"jetpack_sharing_enabled":true,"_links":{"self":[{"href":"https:\/\/chrismathsdesignstore.com\/es_es\/wp-json\/wp\/v2\/product\/10693","targetHints":{"allow":["GET"]}}],"collection":[{"href":"https:\/\/chrismathsdesignstore.com\/es_es\/wp-json\/wp\/v2\/product"}],"about":[{"href":"https:\/\/chrismathsdesignstore.com\/es_es\/wp-json\/wp\/v2\/types\/product"}],"replies":[{"embeddable":true,"href":"https:\/\/chrismathsdesignstore.com\/es_es\/wp-json\/wp\/v2\/comments?post=10693"}],"wp:featuredmedia":[{"embeddable":true,"href":"https:\/\/chrismathsdesignstore.com\/es_es\/wp-json\/wp\/v2\/media\/10698"}],"wp:attachment":[{"href":"https:\/\/chrismathsdesignstore.com\/es_es\/wp-json\/wp\/v2\/media?parent=10693"}],"wp:term":[{"taxonomy":"product_brand","embeddable":true,"href":"https:\/\/chrismathsdesignstore.com\/es_es\/wp-json\/wp\/v2\/product_brand?post=10693"},{"taxonomy":"product_cat","embeddable":true,"href":"https:\/\/chrismathsdesignstore.com\/es_es\/wp-json\/wp\/v2\/product_cat?post=10693"},{"taxonomy":"product_tag","embeddable":true,"href":"https:\/\/chrismathsdesignstore.com\/es_es\/wp-json\/wp\/v2\/product_tag?post=10693"}],"curies":[{"name":"wp","href":"https:\/\/api.w.org\/{rel}","templated":true}]}}