{"id":10630,"date":"2026-04-02T19:15:52","date_gmt":"2026-04-03T02:15:52","guid":{"rendered":"https:\/\/chrismathsdesignstore.com\/?post_type=product&#038;p=10630"},"modified":"2026-04-02T20:05:12","modified_gmt":"2026-04-03T03:05:12","slug":"taza-eres-la-mejor","status":"publish","type":"product","link":"https:\/\/chrismathsdesignstore.com\/es_es\/producto\/taza-eres-la-mejor\/","title":{"rendered":"Taza Eres la Mejor- Feliz dia Mama Coraz\u00f3n"},"content":{"rendered":"<p>&nbsp;<\/p>\n<h5><\/h5>\n","protected":false},"excerpt":{"rendered":"<h1>Taza Eres la Mejor- Feliz dia Mama Coraz\u00f3n<\/h1>\n<h4 data-start=\"122\" data-end=\"281\">Celebra a mam\u00e1 con un detalle lleno de amor y significado \ud83d\udc95 Esta hermosa taza personalizada es el regalo perfecto para recordarle cada d\u00eda lo especial que es.<\/h4>\n<h4 data-start=\"283\" data-end=\"496\">Personal\u00edzala con tu foto favorita y crea un dise\u00f1o \u00fanico que capture esos momentos inolvidables. Su delicado estilo en tonos suaves y detalles de coraz\u00f3n la convierten en una pieza elegante y llena de ternura.<\/h4>\n<h4 data-start=\"498\" data-end=\"719\">\u2728 Disponible en <strong data-start=\"514\" data-end=\"534\">espa\u00f1ol o ingl\u00e9s<\/strong><br data-start=\"534\" data-end=\"537\" \/>\u2728 Elige el tama\u00f1o perfecto: <strong data-start=\"565\" data-end=\"582\">11 oz o 15 oz<\/strong><br data-start=\"582\" data-end=\"585\" \/>\u2728 Personalizaci\u00f3n con foto incluida<br data-start=\"620\" data-end=\"623\" \/>\u2728 Dise\u00f1o delicado, femenino y lleno de amor<br data-start=\"666\" data-end=\"669\" \/>\u2728 Ideal para uso diario o como recuerdo especial<\/h4>\n<h4>Haz de este D\u00eda de las Madres un momento inolvidable con un detalle que hable del amor incondicional que compartes con los tuyos. \u00a1Personaliza la tuya y celebra la belleza de la maternidad!<\/h4>\n<h4><strong>Caracter\u00edsticas:<\/strong><\/h4>\n<ul>\n<li>\n<h4><strong>Material:<\/strong>\u00a0Elaborada en cer\u00e1mica de alta calidad, resistente y apta para lavavajillas, garantizando durabilidad y f\u00e1cil mantenimiento.<\/h4>\n<\/li>\n<li>\n<h4><strong>Capacidad:<\/strong> Con un volumen de 11 o. y 15 oz.\u00a0 es ideal para disfrutar de tus bebidas fr\u00edas o calientes en cualquier momento del d\u00eda.<\/h4>\n<\/li>\n<li>\n<h4><strong>Personalizaci\u00f3n:<\/strong> Personaliza tu taza a\u00f1adiendotu foto favorita, aportando un toque \u00fanico y especial que la har\u00e1 inolvidable.<\/h4>\n<\/li>\n<li>\n<h4><strong>Presentaci\u00f3n:<\/strong> Puedes inlcuir una elegante caja de regalo, lista para ser entregada, lo que la convierte en una opci\u00f3n perfecta para sorprender en cualquier ocasi\u00f3n.<\/h4>\n<\/li>\n<li>\n<h4><strong>Regalo Perfecto:<\/strong> Este regalo personalizado no solo encantar\u00e1 a tus amigos y familiares, sino que tambi\u00e9n es ideal para cumplea\u00f1os, aniversarios, intercambios de regalos o simplemente como un capricho para ti mismo. \u00a1Haz que cada sorbo sea especial!<\/h4>\n<\/li>\n<\/ul>\n<h3><\/h3>\n<h3>Material\/ Medidas<\/h3>\n<h4>Material : Ceramica<br \/>\nCapacidad: 11 oz y 15 oz<br \/>\nCantidad: 1 taza<\/h4>\n","protected":false},"featured_media":10635,"comment_status":"closed","ping_status":"closed","template":"","meta":{"_monsterinsights_skip_tracking":false,"_monsterinsights_sitenote_active":false,"_monsterinsights_sitenote_note":"","_monsterinsights_sitenote_category":0},"product_brand":[],"product_cat":[247],"product_tag":[153,148,149,147,154],"class_list":{"0":"post-10630","1":"product","2":"type-product","3":"status-publish","4":"has-post-thumbnail","6":"product_cat-tazas","7":"product_tag-cumpleanos","8":"product_tag-dama","9":"product_tag-mujer","10":"product_tag-nina","11":"product_tag-quinceanera","13":"first","14":"instock","15":"featured","16":"shipping-taxable","17":"purchasable","18":"product-type-variable"},"aioseo_notices":[],"jetpack_sharing_enabled":true,"_links":{"self":[{"href":"https:\/\/chrismathsdesignstore.com\/es_es\/wp-json\/wp\/v2\/product\/10630","targetHints":{"allow":["GET"]}}],"collection":[{"href":"https:\/\/chrismathsdesignstore.com\/es_es\/wp-json\/wp\/v2\/product"}],"about":[{"href":"https:\/\/chrismathsdesignstore.com\/es_es\/wp-json\/wp\/v2\/types\/product"}],"replies":[{"embeddable":true,"href":"https:\/\/chrismathsdesignstore.com\/es_es\/wp-json\/wp\/v2\/comments?post=10630"}],"wp:featuredmedia":[{"embeddable":true,"href":"https:\/\/chrismathsdesignstore.com\/es_es\/wp-json\/wp\/v2\/media\/10635"}],"wp:attachment":[{"href":"https:\/\/chrismathsdesignstore.com\/es_es\/wp-json\/wp\/v2\/media?parent=10630"}],"wp:term":[{"taxonomy":"product_brand","embeddable":true,"href":"https:\/\/chrismathsdesignstore.com\/es_es\/wp-json\/wp\/v2\/product_brand?post=10630"},{"taxonomy":"product_cat","embeddable":true,"href":"https:\/\/chrismathsdesignstore.com\/es_es\/wp-json\/wp\/v2\/product_cat?post=10630"},{"taxonomy":"product_tag","embeddable":true,"href":"https:\/\/chrismathsdesignstore.com\/es_es\/wp-json\/wp\/v2\/product_tag?post=10630"}],"curies":[{"name":"wp","href":"https:\/\/api.w.org\/{rel}","templated":true}]}}