{"id":10071,"date":"2026-03-24T21:51:12","date_gmt":"2026-03-25T04:51:12","guid":{"rendered":"https:\/\/chrismathsdesignstore.com\/?post_type=product&#038;p=10071"},"modified":"2026-03-25T18:49:14","modified_gmt":"2026-03-26T01:49:14","slug":"cita-a-ciegas-con-dios-edicion-pequenos-pasos-de-fe-para-ninos","status":"publish","type":"product","link":"https:\/\/chrismathsdesignstore.com\/es_es\/producto\/cita-a-ciegas-con-dios-edicion-pequenos-pasos-de-fe-para-ninos\/","title":{"rendered":"Cita a Ciegas con Dios \u2013 Edici\u00f3n: \u201cPeque\u00f1os Pasos de Fe\u201d (Para ni\u00f1os)"},"content":{"rendered":"","protected":false},"excerpt":{"rendered":"<h3 data-start=\"67\" data-end=\"146\"><strong data-start=\"69\" data-end=\"142\">Cita a Ciegas con Dios \u2013 Edici\u00f3n: \u201cPeque\u00f1os Pasos de Fe\u201d (Para ni\u00f1os)<\/strong> \u2728<\/h3>\n<h4 data-start=\"148\" data-end=\"374\">Un kit dise\u00f1ado especialmente para ni\u00f1os, pensado para acercarlos a Dios de una manera divertida, dulce y significativa. Perfecto para ense\u00f1arles a tener su propio tiempo con Dios mientras aprenden, crean y fortalecen su fe.<\/h4>\n<h5>Incluye:<\/h5>\n<ul>\n<li data-start=\"376\" data-end=\"639\">\n<h5>Libro devocional para ni\u00f1os con ense\u00f1anzas sencillas y llenas de amor<\/h5>\n<\/li>\n<li data-start=\"376\" data-end=\"639\">\n<h5>Pegatinas cristianas infantiles<\/h5>\n<\/li>\n<li data-start=\"376\" data-end=\"639\">\n<h5>Marcap\u00e1ginas con mensaje b\u00edblico<\/h5>\n<\/li>\n<li data-start=\"376\" data-end=\"639\">\n<h5>Lapicero<\/h5>\n<\/li>\n<li data-start=\"376\" data-end=\"639\">\n<h5>Regalo especial sorpresa<\/h5>\n<\/li>\n<li data-start=\"376\" data-end=\"639\">\n<h5>Embalaje personalizado y listo para regalar<\/h5>\n<\/li>\n<\/ul>\n<h6 data-start=\"641\" data-end=\"772\">Un detalle perfecto para cumplea\u00f1os, regalos de iglesia o momentos especiales donde deseas sembrar fe en el coraz\u00f3n de un ni\u00f1o \ud83d\udc9b<\/h6>\n<h6 data-start=\"774\" data-end=\"851\">\u2728 <strong data-start=\"776\" data-end=\"849\">Porque los peque\u00f1os tambi\u00e9n pueden tener grandes encuentros con Dios.<\/strong><\/h6>\n","protected":false},"featured_media":10097,"comment_status":"closed","ping_status":"closed","template":"","meta":{"_monsterinsights_skip_tracking":false,"_monsterinsights_sitenote_active":false,"_monsterinsights_sitenote_note":"","_monsterinsights_sitenote_category":0},"product_brand":[],"product_cat":[35],"product_tag":[],"class_list":{"0":"post-10071","1":"product","2":"type-product","3":"status-publish","4":"has-post-thumbnail","6":"product_cat-regalos","8":"first","9":"instock","10":"featured","11":"shipping-taxable","12":"purchasable","13":"product-type-variable"},"aioseo_notices":[],"jetpack_sharing_enabled":true,"_links":{"self":[{"href":"https:\/\/chrismathsdesignstore.com\/es_es\/wp-json\/wp\/v2\/product\/10071","targetHints":{"allow":["GET"]}}],"collection":[{"href":"https:\/\/chrismathsdesignstore.com\/es_es\/wp-json\/wp\/v2\/product"}],"about":[{"href":"https:\/\/chrismathsdesignstore.com\/es_es\/wp-json\/wp\/v2\/types\/product"}],"replies":[{"embeddable":true,"href":"https:\/\/chrismathsdesignstore.com\/es_es\/wp-json\/wp\/v2\/comments?post=10071"}],"wp:featuredmedia":[{"embeddable":true,"href":"https:\/\/chrismathsdesignstore.com\/es_es\/wp-json\/wp\/v2\/media\/10097"}],"wp:attachment":[{"href":"https:\/\/chrismathsdesignstore.com\/es_es\/wp-json\/wp\/v2\/media?parent=10071"}],"wp:term":[{"taxonomy":"product_brand","embeddable":true,"href":"https:\/\/chrismathsdesignstore.com\/es_es\/wp-json\/wp\/v2\/product_brand?post=10071"},{"taxonomy":"product_cat","embeddable":true,"href":"https:\/\/chrismathsdesignstore.com\/es_es\/wp-json\/wp\/v2\/product_cat?post=10071"},{"taxonomy":"product_tag","embeddable":true,"href":"https:\/\/chrismathsdesignstore.com\/es_es\/wp-json\/wp\/v2\/product_tag?post=10071"}],"curies":[{"name":"wp","href":"https:\/\/api.w.org\/{rel}","templated":true}]}}