{"id":4290,"date":"2024-11-06T10:50:42","date_gmt":"2024-11-06T18:50:42","guid":{"rendered":"https:\/\/chrismathsdesignstore.com\/about-us-3\/"},"modified":"2026-01-10T16:26:46","modified_gmt":"2026-01-11T00:26:46","slug":"about-us-3-2","status":"publish","type":"page","link":"https:\/\/chrismathsdesignstore.com\/es_es\/about-us-3-2\/","title":{"rendered":"Sobre Nosotros"},"content":{"rendered":"\t\t<div data-elementor-type=\"wp-page\" data-elementor-id=\"4290\" class=\"elementor elementor-4290\" data-elementor-post-type=\"page\">\n\t\t\t\t\t\t<section class=\"elementor-section elementor-top-section elementor-element elementor-element-6007c75a elementor-section-boxed elementor-section-height-default elementor-section-height-default\" data-id=\"6007c75a\" data-element_type=\"section\" data-settings=\"{&quot;background_background&quot;:&quot;classic&quot;,&quot;shape_divider_bottom&quot;:&quot;mountains&quot;}\">\n\t\t\t\t\t<div class=\"elementor-shape elementor-shape-bottom\" aria-hidden=\"true\" data-negative=\"false\">\n\t\t\t<svg xmlns=\"http:\/\/www.w3.org\/2000\/svg\" viewBox=\"0 0 1000 100\" preserveAspectRatio=\"none\">\n\t<path class=\"elementor-shape-fill\" opacity=\"0.33\" d=\"M473,67.3c-203.9,88.3-263.1-34-320.3,0C66,119.1,0,59.7,0,59.7V0h1000v59.7 c0,0-62.1,26.1-94.9,29.3c-32.8,3.3-62.8-12.3-75.8-22.1C806,49.6,745.3,8.7,694.9,4.7S492.4,59,473,67.3z\"\/>\n\t<path class=\"elementor-shape-fill\" opacity=\"0.66\" d=\"M734,67.3c-45.5,0-77.2-23.2-129.1-39.1c-28.6-8.7-150.3-10.1-254,39.1 s-91.7-34.4-149.2,0C115.7,118.3,0,39.8,0,39.8V0h1000v36.5c0,0-28.2-18.5-92.1-18.5C810.2,18.1,775.7,67.3,734,67.3z\"\/>\n\t<path class=\"elementor-shape-fill\" d=\"M766.1,28.9c-200-57.5-266,65.5-395.1,19.5C242,1.8,242,5.4,184.8,20.6C128,35.8,132.3,44.9,89.9,52.5C28.6,63.7,0,0,0,0 h1000c0,0-9.9,40.9-83.6,48.1S829.6,47,766.1,28.9z\"\/>\n<\/svg>\t\t<\/div>\n\t\t\t\t\t<div class=\"elementor-container elementor-column-gap-default\">\n\t\t\t\t\t<div class=\"elementor-column elementor-col-100 elementor-top-column elementor-element elementor-element-4c920b1f\" data-id=\"4c920b1f\" data-element_type=\"column\">\n\t\t\t<div class=\"elementor-widget-wrap elementor-element-populated\">\n\t\t\t\t\t\t<div class=\"elementor-element elementor-element-755f5022 elementor-widget elementor-widget-image\" data-id=\"755f5022\" data-element_type=\"widget\" data-widget_type=\"image.default\">\n\t\t\t\t<div class=\"elementor-widget-container\">\n\t\t\t\t\t\t\t\t\t\t\t\t\t\t\t<img fetchpriority=\"high\" decoding=\"async\" width=\"550\" height=\"115\" src=\"https:\/\/chrismathsdesignstore.com\/wp-content\/uploads\/2024\/11\/AUIENES-SOMOS-1.png\" class=\"attachment-large size-large wp-image-4549\" alt=\"\" srcset=\"https:\/\/chrismathsdesignstore.com\/wp-content\/uploads\/2024\/11\/AUIENES-SOMOS-1.png 550w, https:\/\/chrismathsdesignstore.com\/wp-content\/uploads\/2024\/11\/AUIENES-SOMOS-1-300x63.png 300w\" sizes=\"(max-width: 550px) 100vw, 550px\" \/>\t\t\t\t\t\t\t\t\t\t\t\t\t\t\t<\/div>\n\t\t\t\t<\/div>\n\t\t\t\t\t<\/div>\n\t\t<\/div>\n\t\t\t\t\t<\/div>\n\t\t<\/section>\n\t\t\t\t<section class=\"elementor-section elementor-top-section elementor-element elementor-element-76865ae5 elementor-section-boxed elementor-section-height-default elementor-section-height-default\" data-id=\"76865ae5\" data-element_type=\"section\">\n\t\t\t\t\t\t<div class=\"elementor-container elementor-column-gap-default\">\n\t\t\t\t\t<div class=\"elementor-column elementor-col-50 elementor-top-column elementor-element elementor-element-3581ec17\" data-id=\"3581ec17\" data-element_type=\"column\">\n\t\t\t<div class=\"elementor-widget-wrap elementor-element-populated\">\n\t\t\t\t\t\t<div class=\"elementor-element elementor-element-52e2da1f elementor-widget elementor-widget-heading\" data-id=\"52e2da1f\" data-element_type=\"widget\" data-widget_type=\"heading.default\">\n\t\t\t\t<div class=\"elementor-widget-container\">\n\t\t\t\t\t<h2 class=\"elementor-heading-title elementor-size-default\">\u00a1Bienvenidos a Chrismath's!<\/h2>\t\t\t\t<\/div>\n\t\t\t\t<\/div>\n\t\t\t\t<div class=\"elementor-element elementor-element-b11a580 elementor-widget elementor-widget-text-editor\" data-id=\"b11a580\" data-element_type=\"widget\" data-widget_type=\"text-editor.default\">\n\t\t\t\t<div class=\"elementor-widget-container\">\n\t\t\t\t\t\t\t\t\t<p>Nos alegra tenerte aqu\u00ed. Somos una peque\u00f1a empresa ubicada en California, EE. UU., dedicada a compartir la luz de Cristo a trav\u00e9s de nuestros productos. En nuestra tienda, encontrar\u00e1s una hermosa selecci\u00f3n de art\u00edculos cristianos y regalos personalizados para damas, varones y ni\u00f1os. Desde camisas y Biblias, hasta fundas, libretas, bolsos, vasos, termos, accesorios y mucho mas!\u2026\u00a0 Cada uno de nuestros productos est\u00e1 dise\u00f1ado para inspirar y reflejar el amor de Dios.<\/p><p>Nuestro objetivo es ofrecerte una variedad de productos cristianos de alta calidad que te ayuden a fortalecer tu fe y a compartirla con aquellos que amas. Nos enorgullece brindar un servicio al cliente excepcional y un soporte amable, asegur\u00e1ndonos de que tu experiencia de compra sea tan gratificante como sea posible.<\/p>\t\t\t\t\t\t\t\t<\/div>\n\t\t\t\t<\/div>\n\t\t\t\t<div class=\"elementor-element elementor-element-4a891ae5 elementor-widget elementor-widget-button\" data-id=\"4a891ae5\" data-element_type=\"widget\" data-widget_type=\"button.default\">\n\t\t\t\t<div class=\"elementor-widget-container\">\n\t\t\t\t\t\t\t\t\t<div class=\"elementor-button-wrapper\">\n\t\t\t\t\t<a class=\"elementor-button elementor-button-link elementor-size-sm\" href=\"\">\n\t\t\t\t\t\t<span class=\"elementor-button-content-wrapper\">\n\t\t\t\t\t\t<span class=\"elementor-button-icon\">\n\t\t\t\t<i aria-hidden=\"true\" class=\"fas fa-hand-point-right\"><\/i>\t\t\t<\/span>\n\t\t\t\t\t\t\t\t\t<span class=\"elementor-button-text\">Shop Now<\/span>\n\t\t\t\t\t<\/span>\n\t\t\t\t\t<\/a>\n\t\t\t\t<\/div>\n\t\t\t\t\t\t\t\t<\/div>\n\t\t\t\t<\/div>\n\t\t\t\t\t<\/div>\n\t\t<\/div>\n\t\t\t\t<div class=\"elementor-column elementor-col-50 elementor-top-column elementor-element elementor-element-47702c6d\" data-id=\"47702c6d\" data-element_type=\"column\">\n\t\t\t<div class=\"elementor-widget-wrap elementor-element-populated\">\n\t\t\t\t\t\t<div class=\"elementor-element elementor-element-6a313973 elementor-widget elementor-widget-image\" data-id=\"6a313973\" data-element_type=\"widget\" data-widget_type=\"image.default\">\n\t\t\t\t<div class=\"elementor-widget-container\">\n\t\t\t\t\t\t\t\t\t\t\t\t\t\t\t<img decoding=\"async\" width=\"683\" height=\"1024\" src=\"https:\/\/chrismathsdesignstore.com\/wp-content\/uploads\/2026\/01\/45ac5978-258f-43a9-ac4e-a183866307e2-md-683x1024.jpeg\" class=\"attachment-large size-large wp-image-6953\" alt=\"EMPAQUETANDO PEDIDO\" srcset=\"https:\/\/chrismathsdesignstore.com\/wp-content\/uploads\/2026\/01\/45ac5978-258f-43a9-ac4e-a183866307e2-md-683x1024.jpeg 683w, https:\/\/chrismathsdesignstore.com\/wp-content\/uploads\/2026\/01\/45ac5978-258f-43a9-ac4e-a183866307e2-md-200x300.jpeg 200w, https:\/\/chrismathsdesignstore.com\/wp-content\/uploads\/2026\/01\/45ac5978-258f-43a9-ac4e-a183866307e2-md-768x1152.jpeg 768w, https:\/\/chrismathsdesignstore.com\/wp-content\/uploads\/2026\/01\/45ac5978-258f-43a9-ac4e-a183866307e2-md-600x900.jpeg 600w, https:\/\/chrismathsdesignstore.com\/wp-content\/uploads\/2026\/01\/45ac5978-258f-43a9-ac4e-a183866307e2-md.jpeg 800w\" sizes=\"(max-width: 683px) 100vw, 683px\" \/>\t\t\t\t\t\t\t\t\t\t\t\t\t\t\t<\/div>\n\t\t\t\t<\/div>\n\t\t\t\t\t<\/div>\n\t\t<\/div>\n\t\t\t\t\t<\/div>\n\t\t<\/section>\n\t\t\t\t<section class=\"elementor-section elementor-top-section elementor-element elementor-element-2fd7628e elementor-section-boxed elementor-section-height-default elementor-section-height-default\" data-id=\"2fd7628e\" data-element_type=\"section\">\n\t\t\t\t\t\t<div class=\"elementor-container elementor-column-gap-default\">\n\t\t\t\t\t<div class=\"elementor-column elementor-col-50 elementor-top-column elementor-element elementor-element-685ec0c3\" data-id=\"685ec0c3\" data-element_type=\"column\">\n\t\t\t<div class=\"elementor-widget-wrap elementor-element-populated\">\n\t\t\t\t\t\t<div class=\"elementor-element elementor-element-3d87463a elementor-widget elementor-widget-image\" data-id=\"3d87463a\" data-element_type=\"widget\" data-widget_type=\"image.default\">\n\t\t\t\t<div class=\"elementor-widget-container\">\n\t\t\t\t\t\t\t\t\t\t\t\t\t\t\t<img decoding=\"async\" width=\"800\" height=\"800\" src=\"https:\/\/chrismathsdesignstore.com\/wp-content\/uploads\/2026\/01\/a5958081-b519-4913-81e1-620905329ea5.png\" class=\"attachment-large size-large wp-image-6860\" alt=\"\" srcset=\"https:\/\/chrismathsdesignstore.com\/wp-content\/uploads\/2026\/01\/a5958081-b519-4913-81e1-620905329ea5.png 1024w, https:\/\/chrismathsdesignstore.com\/wp-content\/uploads\/2026\/01\/a5958081-b519-4913-81e1-620905329ea5-300x300.png 300w, https:\/\/chrismathsdesignstore.com\/wp-content\/uploads\/2026\/01\/a5958081-b519-4913-81e1-620905329ea5-150x150.png 150w, https:\/\/chrismathsdesignstore.com\/wp-content\/uploads\/2026\/01\/a5958081-b519-4913-81e1-620905329ea5-768x768.png 768w, https:\/\/chrismathsdesignstore.com\/wp-content\/uploads\/2026\/01\/a5958081-b519-4913-81e1-620905329ea5-600x600.png 600w, https:\/\/chrismathsdesignstore.com\/wp-content\/uploads\/2026\/01\/a5958081-b519-4913-81e1-620905329ea5-100x100.png 100w\" sizes=\"(max-width: 800px) 100vw, 800px\" \/>\t\t\t\t\t\t\t\t\t\t\t\t\t\t\t<\/div>\n\t\t\t\t<\/div>\n\t\t\t\t\t<\/div>\n\t\t<\/div>\n\t\t\t\t<div class=\"elementor-column elementor-col-50 elementor-top-column elementor-element elementor-element-12808221\" data-id=\"12808221\" data-element_type=\"column\">\n\t\t\t<div class=\"elementor-widget-wrap elementor-element-populated\">\n\t\t\t\t\t\t<div class=\"elementor-element elementor-element-4f146790 elementor-widget elementor-widget-heading\" data-id=\"4f146790\" data-element_type=\"widget\" data-widget_type=\"heading.default\">\n\t\t\t\t<div class=\"elementor-widget-container\">\n\t\t\t\t\t<h2 class=\"elementor-heading-title elementor-size-default\">En Chrismath's<\/h2>\t\t\t\t<\/div>\n\t\t\t\t<\/div>\n\t\t\t\t<div class=\"elementor-element elementor-element-2dda55ab elementor-widget elementor-widget-text-editor\" data-id=\"2dda55ab\" data-element_type=\"widget\" data-widget_type=\"text-editor.default\">\n\t\t\t\t<div class=\"elementor-widget-container\">\n\t\t\t\t\t\t\t\t\t<p>En nuestro coraz\u00f3n llevamos la misi\u00f3n de ofrecerte una experiencia de compra que no solo sea satisfactoria, sino tambi\u00e9n llena de amor y alegr\u00eda. Cada uno de nuestros productos ha sido seleccionado con esmero, con la esperanza de que encuentres ese detalle especial que refleje tus deseos y emociones. Ya sea para ti o para un ser querido, estamos aqu\u00ed para ayudarte a crear un regalo \u00fanico que irradie la luz del amor y la bondad que Dios nos ha ense\u00f1ado. Que cada elecci\u00f3n que hagas en nuestra tienda sea un reflejo de su gracia y un motivo de alegr\u00eda en tu vida.<\/p><p>Esperamos que disfrutes de nuestros art\u00edculos tanto como nosotros disfrutamos ofreci\u00e9ndotelos. Te invitamos a explorar nuestra tienda y a llevarte un pedacito de nuestra fe y amor en cada compra.<\/p><p>\u00a1Bendiciones!<\/p>\t\t\t\t\t\t\t\t<\/div>\n\t\t\t\t<\/div>\n\t\t\t\t<div class=\"elementor-element elementor-element-5bac472c elementor-widget elementor-widget-button\" data-id=\"5bac472c\" data-element_type=\"widget\" data-widget_type=\"button.default\">\n\t\t\t\t<div class=\"elementor-widget-container\">\n\t\t\t\t\t\t\t\t\t<div class=\"elementor-button-wrapper\">\n\t\t\t\t\t<a class=\"elementor-button elementor-button-link elementor-size-sm\" href=\"#\">\n\t\t\t\t\t\t<span class=\"elementor-button-content-wrapper\">\n\t\t\t\t\t\t<span class=\"elementor-button-icon\">\n\t\t\t\t<i aria-hidden=\"true\" class=\"fas fa-hand-point-right\"><\/i>\t\t\t<\/span>\n\t\t\t\t\t\t\t\t\t<span class=\"elementor-button-text\">Shop Now<\/span>\n\t\t\t\t\t<\/span>\n\t\t\t\t\t<\/a>\n\t\t\t\t<\/div>\n\t\t\t\t\t\t\t\t<\/div>\n\t\t\t\t<\/div>\n\t\t\t\t\t<\/div>\n\t\t<\/div>\n\t\t\t\t\t<\/div>\n\t\t<\/section>\n\t\t\t\t<\/div>\n\t\t","protected":false},"excerpt":{"rendered":"<p>\u00a1Bienvenidos a Chrismath&#8217;s! Nos alegra tenerte aqu\u00ed. Somos una peque\u00f1a empresa ubicada en California, EE. UU., dedicada a compartir la luz de Cristo a trav\u00e9s de nuestros productos. En nuestra tienda, encontrar\u00e1s una hermosa selecci\u00f3n de art\u00edculos cristianos y regalos personalizados para damas, varones y ni\u00f1os. Desde camisas y Biblias, hasta fundas, libretas, bolsos, vasos, [&hellip;]<\/p>\n","protected":false},"author":1,"featured_media":0,"parent":0,"menu_order":0,"comment_status":"closed","ping_status":"closed","template":"","meta":{"_monsterinsights_skip_tracking":false,"_monsterinsights_sitenote_active":false,"_monsterinsights_sitenote_note":"","_monsterinsights_sitenote_category":0,"footnotes":""},"class_list":["post-4290","page","type-page","status-publish","hentry"],"aioseo_notices":[],"jetpack_sharing_enabled":true,"_links":{"self":[{"href":"https:\/\/chrismathsdesignstore.com\/es_es\/wp-json\/wp\/v2\/pages\/4290","targetHints":{"allow":["GET"]}}],"collection":[{"href":"https:\/\/chrismathsdesignstore.com\/es_es\/wp-json\/wp\/v2\/pages"}],"about":[{"href":"https:\/\/chrismathsdesignstore.com\/es_es\/wp-json\/wp\/v2\/types\/page"}],"author":[{"embeddable":true,"href":"https:\/\/chrismathsdesignstore.com\/es_es\/wp-json\/wp\/v2\/users\/1"}],"replies":[{"embeddable":true,"href":"https:\/\/chrismathsdesignstore.com\/es_es\/wp-json\/wp\/v2\/comments?post=4290"}],"version-history":[{"count":29,"href":"https:\/\/chrismathsdesignstore.com\/es_es\/wp-json\/wp\/v2\/pages\/4290\/revisions"}],"predecessor-version":[{"id":6956,"href":"https:\/\/chrismathsdesignstore.com\/es_es\/wp-json\/wp\/v2\/pages\/4290\/revisions\/6956"}],"wp:attachment":[{"href":"https:\/\/chrismathsdesignstore.com\/es_es\/wp-json\/wp\/v2\/media?parent=4290"}],"curies":[{"name":"wp","href":"https:\/\/api.w.org\/{rel}","templated":true}]}}