{"id":9492,"date":"2026-02-27T16:00:58","date_gmt":"2026-02-28T00:00:58","guid":{"rendered":"https:\/\/chrismathsdesignstore.com\/?post_type=product&#038;p=9492"},"modified":"2026-02-27T16:11:44","modified_gmt":"2026-02-28T00:11:44","slug":"caja-metalica-de-promesas-para-tener-bendicion-40-promesas-para-cada-dia","status":"publish","type":"product","link":"https:\/\/chrismathsdesignstore.com\/en\/product\/caja-metalica-de-promesas-para-tener-bendicion-40-promesas-para-cada-dia\/","title":{"rendered":"Blessing Promises Metal Box: 40 promises for every day"},"content":{"rendered":"<h4><\/h4>\n<p>&nbsp;<\/p>\n<h5><\/h5>","protected":false},"excerpt":{"rendered":"<h4 data-start=\"110\" data-end=\"176\"><strong data-start=\"110\" data-end=\"176\">Caja Met\u00e1lica de Promesas B\u00edblicas \u2013 40 Promesas para Cada D\u00eda<\/strong><\/h4>\n<h5 data-start=\"178\" data-end=\"439\">Fortalece tu fe y recibe una palabra de bendici\u00f3n cada d\u00eda con esta hermosa <strong data-start=\"254\" data-end=\"292\">caja met\u00e1lica de promesas b\u00edblicas<\/strong>. Incluye <strong data-start=\"302\" data-end=\"345\">40 tarjetas con vers\u00edculos inspiradores<\/strong>, dise\u00f1adas para brindarte esperanza, consuelo, paz y direcci\u00f3n en tu caminar diario con Dios.<\/h5>\n<h5 data-start=\"441\" data-end=\"747\">La caja met\u00e1lica tiene un <strong data-start=\"467\" data-end=\"505\">bello dise\u00f1o elegante y resistente<\/strong>, ideal para conservar las tarjetas, llevarlas contigo o regalarlas a alguien especial. Cada tarjeta cuenta con <strong data-start=\"617\" data-end=\"672\">espacio en el reverso para escribir una dedicatoria<\/strong>, convirti\u00e9ndolo en un regalo cristiano significativo y lleno de prop\u00f3sito.<\/h5>\n<h5 data-start=\"749\" data-end=\"920\">Perfecto para tu <strong data-start=\"766\" data-end=\"920\">devocional diario, momentos de oraci\u00f3n, reflexi\u00f3n espiritual o como regalo cristiano para mujeres, hombres, familiares, amigos o l\u00edderes espirituales.<\/strong><\/h5>\n<h5 data-start=\"922\" data-end=\"942\"><strong data-start=\"922\" data-end=\"942\">Caracter\u00edsticas:<\/strong><\/h5>\n<h5 data-start=\"944\" data-end=\"1155\">\u2022 Incluye 40 tarjetas con promesas b\u00edblicas<br data-start=\"987\" data-end=\"990\" \/>\u2022 Caja met\u00e1lica decorativa y duradera<br data-start=\"1027\" data-end=\"1030\" \/>\u2022 Espacio para dedicatoria en cada tarjeta<br data-start=\"1072\" data-end=\"1075\" \/>\u2022 Ideal para devocionales diarios<br data-start=\"1108\" data-end=\"1111\" \/>\u2022 Regalo cristiano hermoso y significativo<\/h5>\n<h5 data-start=\"1157\" data-end=\"1236\">Un recurso espiritual perfecto para recordar las <strong data-start=\"1206\" data-end=\"1236\">promesas de Dios cada d\u00eda.<\/strong><\/h5>","protected":false},"featured_media":9493,"comment_status":"closed","ping_status":"closed","template":"","meta":{"_monsterinsights_skip_tracking":false,"_monsterinsights_sitenote_active":false,"_monsterinsights_sitenote_note":"","_monsterinsights_sitenote_category":0},"product_brand":[],"product_cat":[35,15],"product_tag":[182,152,153,148,285,335,336,281,149,284,147,150,154,334,280],"class_list":{"0":"post-9492","1":"product","2":"type-product","3":"status-publish","4":"has-post-thumbnail","6":"product_cat-regalos","7":"product_cat-sin-categorizar","8":"product_tag-articulos-cristianos","9":"product_tag-birthday","10":"product_tag-cumpleanos","11":"product_tag-dama","12":"product_tag-hija","13":"product_tag-iglesia","14":"product_tag-ministro","15":"product_tag-mother","16":"product_tag-mujer","17":"product_tag-nieta","18":"product_tag-nina","19":"product_tag-novia","20":"product_tag-quinceanera","21":"product_tag-varon","22":"product_tag-woman","24":"first","25":"instock","26":"featured","27":"shipping-taxable","28":"purchasable","29":"product-type-simple"},"aioseo_notices":[],"jetpack_sharing_enabled":true,"_links":{"self":[{"href":"https:\/\/chrismathsdesignstore.com\/en\/wp-json\/wp\/v2\/product\/9492","targetHints":{"allow":["GET"]}}],"collection":[{"href":"https:\/\/chrismathsdesignstore.com\/en\/wp-json\/wp\/v2\/product"}],"about":[{"href":"https:\/\/chrismathsdesignstore.com\/en\/wp-json\/wp\/v2\/types\/product"}],"replies":[{"embeddable":true,"href":"https:\/\/chrismathsdesignstore.com\/en\/wp-json\/wp\/v2\/comments?post=9492"}],"wp:featuredmedia":[{"embeddable":true,"href":"https:\/\/chrismathsdesignstore.com\/en\/wp-json\/wp\/v2\/media\/9493"}],"wp:attachment":[{"href":"https:\/\/chrismathsdesignstore.com\/en\/wp-json\/wp\/v2\/media?parent=9492"}],"wp:term":[{"taxonomy":"product_brand","embeddable":true,"href":"https:\/\/chrismathsdesignstore.com\/en\/wp-json\/wp\/v2\/product_brand?post=9492"},{"taxonomy":"product_cat","embeddable":true,"href":"https:\/\/chrismathsdesignstore.com\/en\/wp-json\/wp\/v2\/product_cat?post=9492"},{"taxonomy":"product_tag","embeddable":true,"href":"https:\/\/chrismathsdesignstore.com\/en\/wp-json\/wp\/v2\/product_tag?post=9492"}],"curies":[{"name":"wp","href":"https:\/\/api.w.org\/{rel}","templated":true}]}}