{"id":9379,"date":"2026-02-24T15:34:21","date_gmt":"2026-02-24T23:34:21","guid":{"rendered":"https:\/\/chrismathsdesignstore.com\/?post_type=product&#038;p=9379"},"modified":"2026-03-31T17:25:31","modified_gmt":"2026-04-01T00:25:31","slug":"monedero-y-llavero-en-forma-de-mochila-salmos-1218","status":"publish","type":"product","link":"https:\/\/chrismathsdesignstore.com\/en\/product\/monedero-y-llavero-en-forma-de-mochila-salmos-1218\/","title":{"rendered":"Purse and Key Ring in the Shape of a Backpack - Psalm 121:8"},"content":{"rendered":"<h2><\/h2>\n<h4><\/h4>\n<p>&nbsp;<\/p>\n<h5><\/h5>","protected":false},"excerpt":{"rendered":"<h2 data-start=\"79\" data-end=\"125\">Purse and Key Ring in the Shape of a Backpack - Psalm 121:8<\/h2>\n<h4 data-start=\"127\" data-end=\"264\">Hermoso monedero con llavero en forma de mini mochila, perfecto para llevar monedas, llaves o peque\u00f1os accesorios con estilo y prop\u00f3sito.<\/h4>\n<h4 data-start=\"266\" data-end=\"298\">Incluye el vers\u00edculo inspirador:<\/h4>\n<h4 data-start=\"300\" data-end=\"341\"><strong data-start=\"300\" data-end=\"341\">\u201cEl Se\u00f1or te cuidar\u00e1\u2026 \u2013 Salmos 121:8\u201d<\/strong><\/h4>\n<h4 data-start=\"343\" data-end=\"541\">Un recordatorio diario de protecci\u00f3n y confianza en Dios, acompa\u00f1ado de un bello dise\u00f1o en tonos suaves y delicados que lo hacen ideal para ni\u00f1as, j\u00f3venes y mujeres que aman los detalles especiales.<\/h4>\n<h4 data-start=\"543\" data-end=\"703\">\u2714\ufe0f Dise\u00f1o en forma de mochila<br data-start=\"572\" data-end=\"575\" \/>\u2714\ufe0f Llavero met\u00e1lico resistente<br data-start=\"605\" data-end=\"608\" \/>\u2714\ufe0f Vers\u00edculo b\u00edblico inspirador<br data-start=\"639\" data-end=\"642\" \/>\u2714\ufe0f Tama\u00f1o pr\u00e1ctico y ligero<br data-start=\"669\" data-end=\"672\" \/>\u2714\ufe0f Ideal para regalo especial<\/h4>\n<h4 data-start=\"705\" data-end=\"750\">Un accesorio peque\u00f1o con un mensaje grande \ud83d\udc97<\/h4>","protected":false},"featured_media":9383,"comment_status":"closed","ping_status":"closed","template":"","meta":{"_monsterinsights_skip_tracking":false,"_monsterinsights_sitenote_active":false,"_monsterinsights_sitenote_note":"","_monsterinsights_sitenote_category":0},"product_brand":[],"product_cat":[15],"product_tag":[307,313,310,305,306,312,335,336,303,337,334],"class_list":{"0":"post-9379","1":"product","2":"type-product","3":"status-publish","4":"has-post-thumbnail","6":"product_cat-sin-categorizar","7":"product_tag-dad","8":"product_tag-feliz-dia-del-padre","9":"product_tag-grandad","10":"product_tag-grandfather","11":"product_tag-grandpa","12":"product_tag-happy-fathers-day","13":"product_tag-iglesia","14":"product_tag-ministro","15":"product_tag-papa","16":"product_tag-pastor","17":"product_tag-varon","19":"first","20":"instock","21":"featured","22":"shipping-taxable","23":"purchasable","24":"product-type-simple"},"aioseo_notices":[],"jetpack_sharing_enabled":true,"_links":{"self":[{"href":"https:\/\/chrismathsdesignstore.com\/en\/wp-json\/wp\/v2\/product\/9379","targetHints":{"allow":["GET"]}}],"collection":[{"href":"https:\/\/chrismathsdesignstore.com\/en\/wp-json\/wp\/v2\/product"}],"about":[{"href":"https:\/\/chrismathsdesignstore.com\/en\/wp-json\/wp\/v2\/types\/product"}],"replies":[{"embeddable":true,"href":"https:\/\/chrismathsdesignstore.com\/en\/wp-json\/wp\/v2\/comments?post=9379"}],"wp:featuredmedia":[{"embeddable":true,"href":"https:\/\/chrismathsdesignstore.com\/en\/wp-json\/wp\/v2\/media\/9383"}],"wp:attachment":[{"href":"https:\/\/chrismathsdesignstore.com\/en\/wp-json\/wp\/v2\/media?parent=9379"}],"wp:term":[{"taxonomy":"product_brand","embeddable":true,"href":"https:\/\/chrismathsdesignstore.com\/en\/wp-json\/wp\/v2\/product_brand?post=9379"},{"taxonomy":"product_cat","embeddable":true,"href":"https:\/\/chrismathsdesignstore.com\/en\/wp-json\/wp\/v2\/product_cat?post=9379"},{"taxonomy":"product_tag","embeddable":true,"href":"https:\/\/chrismathsdesignstore.com\/en\/wp-json\/wp\/v2\/product_tag?post=9379"}],"curies":[{"name":"wp","href":"https:\/\/api.w.org\/{rel}","templated":true}]}}