{"id":9359,"date":"2026-02-24T14:31:51","date_gmt":"2026-02-24T22:31:51","guid":{"rendered":"https:\/\/chrismathsdesignstore.com\/?post_type=product&#038;p=9359"},"modified":"2026-02-24T15:04:43","modified_gmt":"2026-02-24T23:04:43","slug":"placa-de-reconocimiento-8-x-10-con-luz-led","status":"publish","type":"product","link":"https:\/\/chrismathsdesignstore.com\/en\/product\/placa-de-reconocimiento-8-x-10-con-luz-led\/","title":{"rendered":"Recognition Plaque 8\u201d x 10\u201d with LED Light"},"content":{"rendered":"<h2><\/h2>\n<h4><\/h4>\n<p>&nbsp;<\/p>\n<h5><\/h5>","protected":false},"excerpt":{"rendered":"<h2 data-start=\"115\" data-end=\"164\">Recognition Plaque 8\u201d x 10\u201d with LED Light<\/h2>\n<p data-start=\"166\" data-end=\"354\">Honra y reconoce a tu pastor o l\u00edder espiritual con una placa elegante, iluminada y completamente personalizada. Ideal para aniversarios ministeriales, D\u00eda del Pastor y eventos especiales.<\/p>\n<p data-start=\"356\" data-end=\"432\">Incluye base de madera con luz LED c\u00e1lida que realza el dise\u00f1o y el mensaje.<\/p>\n<hr data-start=\"434\" data-end=\"437\" \/>\n<h3 data-start=\"439\" data-end=\"467\">\ud83d\udc8e Opciones Disponibles:<\/h3>\n<p data-start=\"469\" data-end=\"611\"><strong data-start=\"469\" data-end=\"502\">\ud83d\udd39 Opci\u00f3n 1 \u2013 Dise\u00f1o b\u00e1sico Incluido<\/strong><br data-start=\"502\" data-end=\"505\" \/>Nos encargamos de crear el dise\u00f1o personalizado con nombre, mensaje y detalles especiales.<br data-start=\"595\" data-end=\"598\" \/>\ud83d\udcb0 <strong data-start=\"601\" data-end=\"611\">$65.99<\/strong><\/p>\n<p data-start=\"613\" data-end=\"786\"><strong data-start=\"613\" data-end=\"661\">\ud83d\udd39 Opci\u00f3n 2 \u2013 Dise\u00f1o Provisto por el Cliente<\/strong><br data-start=\"661\" data-end=\"664\" \/>El cliente env\u00eda el dise\u00f1o listo para sublimar. Nosotros realizamos la impresi\u00f3n y ensamblado profesional.<br data-start=\"770\" data-end=\"773\" \/>\ud83d\udcb0 <strong data-start=\"776\" data-end=\"786\">$45.99<\/strong><\/p>\n<hr data-start=\"788\" data-end=\"791\" \/>\n<p data-start=\"793\" data-end=\"929\">\u2714\ufe0f Tama\u00f1o 8\u201d x 10\u201d<br data-start=\"811\" data-end=\"814\" \/>\u2714\ufe0f Base con iluminaci\u00f3n LED<br data-start=\"841\" data-end=\"844\" \/>\u2714\ufe0f Acabado elegante y profesional<br data-start=\"877\" data-end=\"880\" \/>\u2714\ufe0f Ideal como regalo especial de reconocimiento<\/p>","protected":false},"featured_media":9360,"comment_status":"closed","ping_status":"closed","template":"","meta":{"_monsterinsights_skip_tracking":false,"_monsterinsights_sitenote_active":false,"_monsterinsights_sitenote_note":"","_monsterinsights_sitenote_category":0},"product_brand":[],"product_cat":[15],"product_tag":[307,313,310,305,306,312,335,336,303,337,334],"class_list":{"0":"post-9359","1":"product","2":"type-product","3":"status-publish","4":"has-post-thumbnail","6":"product_cat-sin-categorizar","7":"product_tag-dad","8":"product_tag-feliz-dia-del-padre","9":"product_tag-grandad","10":"product_tag-grandfather","11":"product_tag-grandpa","12":"product_tag-happy-fathers-day","13":"product_tag-iglesia","14":"product_tag-ministro","15":"product_tag-papa","16":"product_tag-pastor","17":"product_tag-varon","19":"first","20":"instock","21":"featured","22":"shipping-taxable","23":"purchasable","24":"product-type-variable"},"aioseo_notices":[],"jetpack_sharing_enabled":true,"_links":{"self":[{"href":"https:\/\/chrismathsdesignstore.com\/en\/wp-json\/wp\/v2\/product\/9359","targetHints":{"allow":["GET"]}}],"collection":[{"href":"https:\/\/chrismathsdesignstore.com\/en\/wp-json\/wp\/v2\/product"}],"about":[{"href":"https:\/\/chrismathsdesignstore.com\/en\/wp-json\/wp\/v2\/types\/product"}],"replies":[{"embeddable":true,"href":"https:\/\/chrismathsdesignstore.com\/en\/wp-json\/wp\/v2\/comments?post=9359"}],"wp:featuredmedia":[{"embeddable":true,"href":"https:\/\/chrismathsdesignstore.com\/en\/wp-json\/wp\/v2\/media\/9360"}],"wp:attachment":[{"href":"https:\/\/chrismathsdesignstore.com\/en\/wp-json\/wp\/v2\/media?parent=9359"}],"wp:term":[{"taxonomy":"product_brand","embeddable":true,"href":"https:\/\/chrismathsdesignstore.com\/en\/wp-json\/wp\/v2\/product_brand?post=9359"},{"taxonomy":"product_cat","embeddable":true,"href":"https:\/\/chrismathsdesignstore.com\/en\/wp-json\/wp\/v2\/product_cat?post=9359"},{"taxonomy":"product_tag","embeddable":true,"href":"https:\/\/chrismathsdesignstore.com\/en\/wp-json\/wp\/v2\/product_tag?post=9359"}],"curies":[{"name":"wp","href":"https:\/\/api.w.org\/{rel}","templated":true}]}}