{"id":8625,"date":"2026-02-19T20:33:44","date_gmt":"2026-02-20T04:33:44","guid":{"rendered":"https:\/\/chrismathsdesignstore.com\/?post_type=product&#038;p=8625"},"modified":"2026-02-19T20:36:50","modified_gmt":"2026-02-20T04:36:50","slug":"t-shirts-easter-edicion-primavera","status":"publish","type":"product","link":"https:\/\/chrismathsdesignstore.com\/en\/product\/t-shirts-easter-edicion-primavera\/","title":{"rendered":"EASTER T-Shirts - Spring Edition"},"content":{"rendered":"","protected":false},"excerpt":{"rendered":"<h3 data-start=\"93\" data-end=\"131\">\ud83c\udf38 EASTER \u2013 Edici\u00f3n Primavera \ud83c\udf38<\/h3>\n<p data-start=\"132\" data-end=\"166\">Color, alegr\u00eda y celebraci\u00f3n<\/p>\n<p data-start=\"168\" data-end=\"402\">Celebra la temporada m\u00e1s especial del a\u00f1o con nuestra colecci\u00f3n <strong data-start=\"232\" data-end=\"242\">EASTER<\/strong> en colores vibrantes y primaverales. Este dise\u00f1o combina tipograf\u00eda retro con tonos pastel y detalles delicados que transmiten alegr\u00eda, esperanza y renovaci\u00f3n.<\/p>\n<p data-start=\"666\" data-end=\"680\">Perfecta para:<\/p>\n<ul data-start=\"681\" data-end=\"813\">\n<li data-section-id=\"v5a5oy\" data-start=\"681\" data-end=\"711\">\n<p data-start=\"683\" data-end=\"711\">Domingo de Resurrecci\u00f3n<\/p>\n<\/li>\n<li data-section-id=\"3z9kkh\" data-start=\"712\" data-end=\"737\">\n<p data-start=\"714\" data-end=\"737\">Eventos de iglesia<\/p>\n<\/li>\n<li data-section-id=\"nn3dkl\" data-start=\"738\" data-end=\"770\">\n<p data-start=\"740\" data-end=\"770\">Regalo cristiano especial<\/p>\n<\/li>\n<li data-section-id=\"1qby5yf\" data-start=\"771\" data-end=\"813\">\n<p data-start=\"773\" data-end=\"813\">Fotos familiares de primavera<\/p>\n<\/li>\n<\/ul>\n<p data-start=\"815\" data-end=\"915\">Disponible en playera o sudadera\u00a0 unisex c\u00f3moda y suave, ideal para combinar fe y estilo en una sola prenda.<\/p>\n<p data-start=\"629\" data-end=\"721\">Cada tono resalta el dise\u00f1o de una manera \u00fanica, creando un look femenino, alegre y moderno.<\/p>\n<p data-start=\"723\" data-end=\"795\">\ud83e\udd0d Porque Easter no es solo una fecha\u2026 es una celebraci\u00f3n de vida nueva.<\/p>\n<h3 data-start=\"782\" data-end=\"809\">\ud83e\udde5 Opciones disponibles<\/h3>\n<p data-start=\"810\" data-end=\"826\"><strong data-start=\"810\" data-end=\"826\">\ud83d\udc55 Camisetas<\/strong><\/p>\n<ul data-start=\"827\" data-end=\"944\">\n<li data-start=\"827\" data-end=\"891\">\n<p data-start=\"829\" data-end=\"891\">Colores lisos: <strong data-start=\"844\" data-end=\"860\">100% algod\u00f3n<\/strong> (suave, ligero y transpirable)<\/p>\n<\/li>\n<li data-start=\"892\" data-end=\"944\">\n<p data-start=\"894\" data-end=\"944\">Colores jaspeados: <strong data-start=\"913\" data-end=\"944\">90% algod\u00f3n \/ 10% poli\u00e9ster<\/strong><\/p>\n<\/li>\n<\/ul>\n<p data-start=\"946\" data-end=\"973\"><strong data-start=\"946\" data-end=\"973\">\ud83e\uddf6 Sudaderas \/ Su\u00e9teres<\/strong><\/p>\n<ul data-start=\"974\" data-end=\"1057\">\n<li data-start=\"974\" data-end=\"1007\">\n<p data-start=\"976\" data-end=\"1007\"><strong data-start=\"976\" data-end=\"1007\">50% algod\u00f3n \/ 50% poli\u00e9ster<\/strong><\/p>\n<\/li>\n<li data-start=\"1008\" data-end=\"1057\">\n<p data-start=\"1010\" data-end=\"1057\">Calientita, c\u00f3moda y perfecta para clima fresco<\/p>\n<\/li>\n<\/ul>\n<h3 data-start=\"1260\" data-end=\"1292\">\ud83c\udfa8 Impresi\u00f3n de alta calidad<\/h3>\n<p data-start=\"1293\" data-end=\"1388\">Impreso con tecnolog\u00eda <strong data-start=\"1316\" data-end=\"1340\">DTF (Direct-to-Film)<\/strong> para colores vibrantes y excelente durabilidad.<\/p>\n<h3 data-start=\"1390\" data-end=\"1424\">\ud83d\udccf Tallas para toda la familia<\/h3>\n<p data-start=\"1425\" data-end=\"1527\">Disponible en tallas <strong data-start=\"1446\" data-end=\"1456\">unisex<\/strong> para adultos y ni\u00f1os (ideal para combinar en familia o con tu pareja).<\/p>\n<h3 data-start=\"1529\" data-end=\"1560\">\ud83e\uddfc Instrucciones de cuidado<\/h3>\n<ul data-start=\"1561\" data-end=\"1721\">\n<li data-start=\"1561\" data-end=\"1623\">\n<p data-start=\"1563\" data-end=\"1623\">Lavar a m\u00e1quina con <strong data-start=\"1583\" data-end=\"1596\">agua fr\u00eda<\/strong> (preferiblemente al rev\u00e9s)<\/p>\n<\/li>\n<li data-start=\"1624\" data-end=\"1639\">\n<p data-start=\"1626\" data-end=\"1639\">No usar cloro<\/p>\n<\/li>\n<li data-start=\"1640\" data-end=\"1721\">\n<p data-start=\"1642\" data-end=\"1721\">Evitar secadora (o usar en baja temperatura) para mantener el dise\u00f1o como nuevo<\/p>\n<\/li>\n<\/ul>\n<p data-start=\"1723\" data-end=\"1784\">\u2728 <strong data-start=\"1725\" data-end=\"1784\">\u00a1Ordena el tuyo hoy y celebra el amor que nace en Dios!<\/strong><\/p>\n<p data-start=\"1786\" data-end=\"1821\"><strong data-start=\"1786\" data-end=\"1801\">Materiales:<\/strong> algod\u00f3n, poli\u00e9ster.<\/p>\n<h4><\/h4>","protected":false},"featured_media":8802,"comment_status":"closed","ping_status":"closed","template":"","meta":{"_monsterinsights_skip_tracking":false,"_monsterinsights_sitenote_active":false,"_monsterinsights_sitenote_note":"","_monsterinsights_sitenote_category":0},"product_brand":[],"product_cat":[15],"product_tag":[],"class_list":{"0":"post-8625","1":"product","2":"type-product","3":"status-publish","4":"has-post-thumbnail","6":"product_cat-sin-categorizar","8":"first","9":"instock","10":"shipping-taxable","11":"purchasable","12":"product-type-variable","13":"has-default-attributes"},"aioseo_notices":[],"jetpack_sharing_enabled":true,"_links":{"self":[{"href":"https:\/\/chrismathsdesignstore.com\/en\/wp-json\/wp\/v2\/product\/8625","targetHints":{"allow":["GET"]}}],"collection":[{"href":"https:\/\/chrismathsdesignstore.com\/en\/wp-json\/wp\/v2\/product"}],"about":[{"href":"https:\/\/chrismathsdesignstore.com\/en\/wp-json\/wp\/v2\/types\/product"}],"replies":[{"embeddable":true,"href":"https:\/\/chrismathsdesignstore.com\/en\/wp-json\/wp\/v2\/comments?post=8625"}],"wp:featuredmedia":[{"embeddable":true,"href":"https:\/\/chrismathsdesignstore.com\/en\/wp-json\/wp\/v2\/media\/8802"}],"wp:attachment":[{"href":"https:\/\/chrismathsdesignstore.com\/en\/wp-json\/wp\/v2\/media?parent=8625"}],"wp:term":[{"taxonomy":"product_brand","embeddable":true,"href":"https:\/\/chrismathsdesignstore.com\/en\/wp-json\/wp\/v2\/product_brand?post=8625"},{"taxonomy":"product_cat","embeddable":true,"href":"https:\/\/chrismathsdesignstore.com\/en\/wp-json\/wp\/v2\/product_cat?post=8625"},{"taxonomy":"product_tag","embeddable":true,"href":"https:\/\/chrismathsdesignstore.com\/en\/wp-json\/wp\/v2\/product_tag?post=8625"}],"curies":[{"name":"wp","href":"https:\/\/api.w.org\/{rel}","templated":true}]}}