{"id":6976,"date":"2026-01-21T14:51:54","date_gmt":"2026-01-21T22:51:54","guid":{"rendered":"https:\/\/chrismathsdesignstore.com\/?post_type=product&#038;p=6976"},"modified":"2026-01-28T11:20:08","modified_gmt":"2026-01-28T19:20:08","slug":"t-shirts-el-amor-verdadero-comiensa-en-dios","status":"publish","type":"product","link":"https:\/\/chrismathsdesignstore.com\/en\/product\/t-shirts-el-amor-verdadero-comiensa-en-dios\/","title":{"rendered":"T-Shirts  &#8220;El amor verdadero comiensa en Dios&#8221;\u00a0"},"content":{"rendered":"","protected":false},"excerpt":{"rendered":"<p data-start=\"261\" data-end=\"621\">Esta prenda de San Valent\u00edn presenta un dise\u00f1o tierno y elegante con la frase <strong data-start=\"339\" data-end=\"379\">\u201cEl amor verdadero comienza en Dios\u201d<\/strong>, acompa\u00f1ada de peque\u00f1os corazones que le dan un toque rom\u00e1ntico y delicado. Es perfecta para celebrar el amor desde la fe: ideal para citas, reuniones en la iglesia, fotos de pareja o simplemente para llevar un mensaje bonito todos los d\u00edas.<\/p>\n<p data-start=\"623\" data-end=\"780\">Suave, c\u00f3moda y f\u00e1cil de combinar, esta camiseta\/sudadera tiene un <strong data-start=\"690\" data-end=\"715\">corte unisex relajado<\/strong> que luce incre\u00edble con jeans, faldas, leggings o looks casuales.<\/p>\n<h3 data-start=\"782\" data-end=\"809\">\ud83e\udde5 Opciones disponibles<\/h3>\n<p data-start=\"810\" data-end=\"826\"><strong data-start=\"810\" data-end=\"826\">\ud83d\udc55 Camisetas<\/strong><\/p>\n<ul data-start=\"827\" data-end=\"944\">\n<li data-start=\"827\" data-end=\"891\">\n<p data-start=\"829\" data-end=\"891\">Colores lisos: <strong data-start=\"844\" data-end=\"860\">100% algod\u00f3n<\/strong> (suave, ligero y transpirable)<\/p>\n<\/li>\n<li data-start=\"892\" data-end=\"944\">\n<p data-start=\"894\" data-end=\"944\">Colores jaspeados: <strong data-start=\"913\" data-end=\"944\">90% algod\u00f3n \/ 10% poli\u00e9ster<\/strong><\/p>\n<\/li>\n<\/ul>\n<p data-start=\"946\" data-end=\"973\"><strong data-start=\"946\" data-end=\"973\">\ud83e\uddf6 Sudaderas \/ Su\u00e9teres<\/strong><\/p>\n<ul data-start=\"974\" data-end=\"1057\">\n<li data-start=\"974\" data-end=\"1007\">\n<p data-start=\"976\" data-end=\"1007\"><strong data-start=\"976\" data-end=\"1007\">50% algod\u00f3n \/ 50% poli\u00e9ster<\/strong><\/p>\n<\/li>\n<li data-start=\"1008\" data-end=\"1057\">\n<p data-start=\"1010\" data-end=\"1057\">Calientita, c\u00f3moda y perfecta para clima fresco<\/p>\n<\/li>\n<\/ul>\n<h3 data-start=\"1059\" data-end=\"1079\">\ud83c\udf81 Perfecto para<\/h3>\n<ul data-start=\"1080\" data-end=\"1258\">\n<li data-start=\"1080\" data-end=\"1109\">\n<p data-start=\"1082\" data-end=\"1109\">Outfits de <strong data-start=\"1093\" data-end=\"1109\">San Valent\u00edn<\/strong><\/p>\n<\/li>\n<li data-start=\"1110\" data-end=\"1173\">\n<p data-start=\"1112\" data-end=\"1173\">Regalos cristianos para <strong data-start=\"1136\" data-end=\"1173\">ella, esposa, novia o mejor amiga<\/strong><\/p>\n<\/li>\n<li data-start=\"1174\" data-end=\"1220\">\n<p data-start=\"1176\" data-end=\"1220\">Parejas que quieren un mensaje con prop\u00f3sito<\/p>\n<\/li>\n<li data-start=\"1221\" data-end=\"1258\">\n<p data-start=\"1223\" data-end=\"1258\">Looks rom\u00e1nticos, casuales y con fe<\/p>\n<\/li>\n<\/ul>\n<h3 data-start=\"1260\" data-end=\"1292\">\ud83c\udfa8 Impresi\u00f3n de alta calidad<\/h3>\n<p data-start=\"1293\" data-end=\"1388\">Impreso con tecnolog\u00eda <strong data-start=\"1316\" data-end=\"1340\">DTF (Direct-to-Film)<\/strong> para colores vibrantes y excelente durabilidad.<\/p>\n<h3 data-start=\"1390\" data-end=\"1424\">\ud83d\udccf Tallas para toda la familia<\/h3>\n<p data-start=\"1425\" data-end=\"1527\">Disponible en tallas <strong data-start=\"1446\" data-end=\"1456\">unisex<\/strong> para adultos y ni\u00f1os (ideal para combinar en familia o con tu pareja).<\/p>\n<h3 data-start=\"1529\" data-end=\"1560\">\ud83e\uddfc Instrucciones de cuidado<\/h3>\n<ul data-start=\"1561\" data-end=\"1721\">\n<li data-start=\"1561\" data-end=\"1623\">\n<p data-start=\"1563\" data-end=\"1623\">Lavar a m\u00e1quina con <strong data-start=\"1583\" data-end=\"1596\">agua fr\u00eda<\/strong> (preferiblemente al rev\u00e9s)<\/p>\n<\/li>\n<li data-start=\"1624\" data-end=\"1639\">\n<p data-start=\"1626\" data-end=\"1639\">No usar cloro<\/p>\n<\/li>\n<li data-start=\"1640\" data-end=\"1721\">\n<p data-start=\"1642\" data-end=\"1721\">Evitar secadora (o usar en baja temperatura) para mantener el dise\u00f1o como nuevo<\/p>\n<\/li>\n<\/ul>\n<p data-start=\"1723\" data-end=\"1784\">\u2728 <strong data-start=\"1725\" data-end=\"1784\">\u00a1Ordena el tuyo hoy y celebra el amor que nace en Dios!<\/strong><\/p>\n<p data-start=\"1786\" data-end=\"1821\"><strong data-start=\"1786\" data-end=\"1801\">Materiales:<\/strong> algod\u00f3n, poli\u00e9ster.<\/p>\n<h4><\/h4>","protected":false},"featured_media":7052,"comment_status":"closed","ping_status":"closed","template":"","meta":{"_monsterinsights_skip_tracking":false,"_monsterinsights_sitenote_active":false,"_monsterinsights_sitenote_note":"","_monsterinsights_sitenote_category":0},"product_brand":[],"product_cat":[15],"product_tag":[],"class_list":{"0":"post-6976","1":"product","2":"type-product","3":"status-publish","4":"has-post-thumbnail","6":"product_cat-sin-categorizar","8":"first","9":"instock","10":"shipping-taxable","11":"purchasable","12":"product-type-variable"},"aioseo_notices":[],"jetpack_sharing_enabled":true,"_links":{"self":[{"href":"https:\/\/chrismathsdesignstore.com\/en\/wp-json\/wp\/v2\/product\/6976","targetHints":{"allow":["GET"]}}],"collection":[{"href":"https:\/\/chrismathsdesignstore.com\/en\/wp-json\/wp\/v2\/product"}],"about":[{"href":"https:\/\/chrismathsdesignstore.com\/en\/wp-json\/wp\/v2\/types\/product"}],"replies":[{"embeddable":true,"href":"https:\/\/chrismathsdesignstore.com\/en\/wp-json\/wp\/v2\/comments?post=6976"}],"wp:featuredmedia":[{"embeddable":true,"href":"https:\/\/chrismathsdesignstore.com\/en\/wp-json\/wp\/v2\/media\/7052"}],"wp:attachment":[{"href":"https:\/\/chrismathsdesignstore.com\/en\/wp-json\/wp\/v2\/media?parent=6976"}],"wp:term":[{"taxonomy":"product_brand","embeddable":true,"href":"https:\/\/chrismathsdesignstore.com\/en\/wp-json\/wp\/v2\/product_brand?post=6976"},{"taxonomy":"product_cat","embeddable":true,"href":"https:\/\/chrismathsdesignstore.com\/en\/wp-json\/wp\/v2\/product_cat?post=6976"},{"taxonomy":"product_tag","embeddable":true,"href":"https:\/\/chrismathsdesignstore.com\/en\/wp-json\/wp\/v2\/product_tag?post=6976"}],"curies":[{"name":"wp","href":"https:\/\/api.w.org\/{rel}","templated":true}]}}