{"id":6754,"date":"2025-12-04T17:16:20","date_gmt":"2025-12-05T01:16:20","guid":{"rendered":"https:\/\/chrismathsdesignstore.com\/?post_type=product&#038;p=6754"},"modified":"2026-03-24T21:21:32","modified_gmt":"2026-03-25T04:21:32","slug":"cita-a-ciegas-con-dios","status":"publish","type":"product","link":"https:\/\/chrismathsdesignstore.com\/en\/product\/cita-a-ciegas-con-dios\/","title":{"rendered":"Cita a Ciegas con Dios \u2013 Edici\u00f3n Refugio en \u00c9l"},"content":{"rendered":"","protected":false},"excerpt":{"rendered":"<h3><strong>\u2728<\/strong><strong> Cita a Ciegas con \u2013 Edici\u00f3n Refugio en \u00c9l<\/strong><\/h3>\n<h5>Descubre el maravilloso set <strong>\u201cCita a Ciegas con Dios\u201d<\/strong>, un regalo lleno de fe, prop\u00f3sito y belleza espiritual. Perfecto para quienes aman hacer devocionales, escribir sus oraciones o pasar tiempo \u00edntimo con la Palabra de Dios.<br \/>\nEste set est\u00e1 dise\u00f1ado para inspirar, fortalecer tu relaci\u00f3n con el Se\u00f1or y acompa\u00f1arte en tus momentos de b\u00fasqueda y reflexi\u00f3n.<\/h5>\n<h4><strong>\u00bfQu\u00e9 incluye este hermoso set?<\/strong><\/h4>\n<ul>\n<li>\n<h4>Diario devocional <em data-start=\"494\" data-end=\"559\">(puedes escoger edici\u00f3n espiral o edici\u00f3n con cubierta de piel)<\/em><\/h4>\n<h5>Tenga en cuenta que el color e idioma que elija solo se aplicar\u00e1 al embalaje exterior de su set. Si bien nos esforzamos por igualar el color de los diarios interiores, algunos pueden incluir estampados como florales, formas, etc. No podemos garantizar una coincidencia exacta. Sin embargo, nos esforzamos por aproximarnos lo m\u00e1s posible.<\/h5>\n<\/li>\n<li>\n<h4><strong>Marcap\u00e1ginas inspirador<\/strong><\/h4>\n<h5>Dise\u00f1os hermosos con mensajes que te animar\u00e1n en tu caminar diario.<\/h5>\n<\/li>\n<li>\n<h4><strong>Pegatinas cristianas<\/strong><\/h4>\n<h5>Ideales para decorar tu libreta, tu Biblia o tu diario devocional.<\/h5>\n<\/li>\n<li>\n<h4><strong>Bol\u00edgrafo<\/strong><\/h4>\n<h5>Para estudiar la Palabra y escribir lo que Dios te hable.<\/h5>\n<\/li>\n<li>\n<h4><strong>Pesta\u00f1as de anotaci\u00f3n<\/strong><\/h4>\n<h5>Perfectas para anotar promesas, reflexiones y vers\u00edculos favoritos.<\/h5>\n<\/li>\n<li>\n<h4><strong>Infusi\u00f3n bot\u00e1nica<\/strong><\/h4>\n<h5>Para disfrutar un momento de paz mientras haces tu devocional.<\/h5>\n<\/li>\n<li>\n<h4>Accesorio para el cabello<\/h4>\n<\/li>\n<li>\n<h4>Embalaje personalizado<\/h4>\n<\/li>\n<\/ul>\n<h4><strong>\u270f\ufe0f<\/strong><strong> Opciones de personalizaci\u00f3n<\/strong><\/h4>\n<h5>Haz que tu <em>Cita a Ciegas con Dios<\/em> sea a\u00fan m\u00e1s especial. Antes de hacer tu pedido escribe tus preferencias en la casilla, no prometemos todos los detalles pero haremos lo posible para crear algo \u00fanico y lleno de amor para ti.<\/h5>\n<h5><strong>\u2764\ufe0f<\/strong><strong> Apoya a un peque\u00f1o negocio cristiano<\/strong><\/h5>\n<h5>Cada compra ayuda a una emprendedora que ama a Dios y sirve con dedicaci\u00f3n. \u00a1Gracias por apoyar este ministerio creativo!<\/h5>","protected":false},"featured_media":7792,"comment_status":"closed","ping_status":"closed","template":"","meta":{"_monsterinsights_skip_tracking":false,"_monsterinsights_sitenote_active":false,"_monsterinsights_sitenote_note":"","_monsterinsights_sitenote_category":0},"product_brand":[],"product_cat":[35],"product_tag":[],"class_list":{"0":"post-6754","1":"product","2":"type-product","3":"status-publish","4":"has-post-thumbnail","6":"product_cat-regalos","8":"first","9":"instock","10":"featured","11":"shipping-taxable","12":"purchasable","13":"product-type-variable"},"aioseo_notices":[],"jetpack_sharing_enabled":true,"_links":{"self":[{"href":"https:\/\/chrismathsdesignstore.com\/en\/wp-json\/wp\/v2\/product\/6754","targetHints":{"allow":["GET"]}}],"collection":[{"href":"https:\/\/chrismathsdesignstore.com\/en\/wp-json\/wp\/v2\/product"}],"about":[{"href":"https:\/\/chrismathsdesignstore.com\/en\/wp-json\/wp\/v2\/types\/product"}],"replies":[{"embeddable":true,"href":"https:\/\/chrismathsdesignstore.com\/en\/wp-json\/wp\/v2\/comments?post=6754"}],"wp:featuredmedia":[{"embeddable":true,"href":"https:\/\/chrismathsdesignstore.com\/en\/wp-json\/wp\/v2\/media\/7792"}],"wp:attachment":[{"href":"https:\/\/chrismathsdesignstore.com\/en\/wp-json\/wp\/v2\/media?parent=6754"}],"wp:term":[{"taxonomy":"product_brand","embeddable":true,"href":"https:\/\/chrismathsdesignstore.com\/en\/wp-json\/wp\/v2\/product_brand?post=6754"},{"taxonomy":"product_cat","embeddable":true,"href":"https:\/\/chrismathsdesignstore.com\/en\/wp-json\/wp\/v2\/product_cat?post=6754"},{"taxonomy":"product_tag","embeddable":true,"href":"https:\/\/chrismathsdesignstore.com\/en\/wp-json\/wp\/v2\/product_tag?post=6754"}],"curies":[{"name":"wp","href":"https:\/\/api.w.org\/{rel}","templated":true}]}}