{"id":6484,"date":"2025-06-02T13:57:43","date_gmt":"2025-06-02T20:57:43","guid":{"rendered":"https:\/\/chrismathsdesignstore.com\/?post_type=product&#038;p=6484"},"modified":"2026-04-14T19:58:59","modified_gmt":"2026-04-15T02:58:59","slug":"biblia-tricolor-cafe-con-indice-imit-piel-con-cierre-y-letra-grande-12-puntos-rv1960-spanish","status":"publish","type":"product","link":"https:\/\/chrismathsdesignstore.com\/en\/product\/biblia-tricolor-cafe-con-indice-imit-piel-con-cierre-y-letra-grande-12-puntos-rv1960-spanish\/","title":{"rendered":"Biblia tricolor caf\u00e9 con \u00edndice imit. piel con Cierre y Letra Grande 12 puntos RV1960 Spanish"},"content":{"rendered":"","protected":false},"excerpt":{"rendered":"<h3 class=\"productView-title\">Biblia tricolor caf\u00e9 con \u00edndice imit. piel con Cierre y Letra Grande 12 puntos RV1960 Spanish<\/h3>\n<h4 data-content-region=\"product_below_description_title\">Personalizada con nombre.<\/h4>\n<div>\n<div>\n<h3><strong>Tama\u00f1o de letra: 12 puntos<\/strong><\/h3>\n<\/div>\n<\/div>\n<div class=\"productView-table-header\"><\/div>\n<div>\n<div>\n<h5>El tipo de traducci\u00f3n de la Reina-Valera 1960 es de equivalencia formal, todo esto sin alterar el sentido b\u00e1sico del mensaje b\u00edblico y preservando adem\u00e1s el estilo y cadencia del texto de Reina.\u200b Esta es la versi\u00f3n m\u00e1s aceptada por todas las iglesias de Latinoam\u00e9rica y Espa\u00f1a. Esta edici\u00f3n de Biblia en Reina Valera 1960 es ideal para aquellas personas que quieran una Biblia con letra legible de 15 puntos en un tama\u00f1o manual. Contiene 32 p\u00e1ginas a todo color con ayudas.<\/h5>\n<h4>Caracter\u00edsticas de la Biblia:<\/h4>\n<h5>&#8211;\u00a0<strong>Palabras de Jes\u00fas en rojo<\/strong><br \/>\n&#8211; Referencias cruzadas a pie de p\u00e1gina.<br \/>\n&#8211; Abreviaturas e Introducciones por C.H Spurgeon y J.C. Ryle<br \/>\n&#8211; Concordancia de 120 p\u00e1ginas<br \/>\n&#8211; Genealog\u00eda de Jes\u00fas\/Fiestas Jud\u00edas<br \/>\n&#8211; Par\u00e1bolas y Milagros de Jes\u00fas<br \/>\n&#8211;\u00a0Plan de salvaci\u00f3n<br \/>\n&#8211;\u00a0Pasajes y vers\u00edculos claves de la Biblia.<br \/>\n&#8211;\u00a0Plan de lectura B\u00edblica<br \/>\n&#8211;\u00a0Mapas de tiempos B\u00edblicos a todo color<br \/>\n&#8211; 12 Mapas a todo color<br \/>\n&#8211; Tipolog\u00eda de los salmos<br \/>\n&#8211; Plano del templo<br \/>\n&#8211; Cronolog\u00eda de reyes y profetas<br \/>\n&#8211; Promesas de Dios<\/h5>\n<\/div>\n<div data-content-region=\"product_below_description_body\"><\/div>\n<h4 class=\"productView-title\">Informaci\u00f3n adicional<\/h4>\n<div class=\"productView-table\">\n<h5 class=\"productView-table-row\">Ancho: 6.00 (in)<\/h5>\n<h5 class=\"productView-table-header\">Largo: 9.00 (in)<\/h5>\n<h5 class=\"productView-table-header\">Altura\/Grosor: 1.25 (in)<\/h5>\n<h5 class=\"productView-table-header\">Versi\u00f3n de Biblia: Reina-Valera 1960<\/h5>\n<h5 class=\"productView-table-header\">Tipo de tapa: imitation_leather<\/h5>\n<h5 class=\"productView-table-header\">Idioma: spanish<\/h5>\n<h5 class=\"productView-table-header\">Tama\u00f1o de letra: 12 puntos<\/h5>\n<h5 class=\"productView-table-header\">\u00bfBiblia con \u00edndice?: con \u00edndice<\/h5>\n<h5 class=\"productView-table-header\">\u00bfBiblia con Cierre?: con cierre<\/h5>\n<h5 class=\"productView-table-header\">Palabras de Jes\u00fas: a color<\/h5>\n<h5 class=\"productView-table-header\">Autor: Reina-Valera<\/h5>\n<h5 class=\"productView-table-header\">P\u00e1ginas: 1648<\/h5>\n<\/div>\n<\/div>\n<div><\/div>","protected":false},"featured_media":6485,"comment_status":"closed","ping_status":"closed","template":"","meta":{"_monsterinsights_skip_tracking":false,"_monsterinsights_sitenote_active":false,"_monsterinsights_sitenote_note":"","_monsterinsights_sitenote_category":0},"product_brand":[],"product_cat":[232],"product_tag":[148,149,147,154,156],"class_list":{"0":"post-6484","1":"product","2":"type-product","3":"status-publish","4":"has-post-thumbnail","6":"product_cat-biblias","7":"product_tag-dama","8":"product_tag-mujer","9":"product_tag-nina","10":"product_tag-quinceanera","11":"product_tag-regalo","13":"first","14":"instock","15":"featured","16":"shipping-taxable","17":"purchasable","18":"product-type-simple"},"aioseo_notices":[],"jetpack_sharing_enabled":true,"_links":{"self":[{"href":"https:\/\/chrismathsdesignstore.com\/en\/wp-json\/wp\/v2\/product\/6484","targetHints":{"allow":["GET"]}}],"collection":[{"href":"https:\/\/chrismathsdesignstore.com\/en\/wp-json\/wp\/v2\/product"}],"about":[{"href":"https:\/\/chrismathsdesignstore.com\/en\/wp-json\/wp\/v2\/types\/product"}],"replies":[{"embeddable":true,"href":"https:\/\/chrismathsdesignstore.com\/en\/wp-json\/wp\/v2\/comments?post=6484"}],"wp:featuredmedia":[{"embeddable":true,"href":"https:\/\/chrismathsdesignstore.com\/en\/wp-json\/wp\/v2\/media\/6485"}],"wp:attachment":[{"href":"https:\/\/chrismathsdesignstore.com\/en\/wp-json\/wp\/v2\/media?parent=6484"}],"wp:term":[{"taxonomy":"product_brand","embeddable":true,"href":"https:\/\/chrismathsdesignstore.com\/en\/wp-json\/wp\/v2\/product_brand?post=6484"},{"taxonomy":"product_cat","embeddable":true,"href":"https:\/\/chrismathsdesignstore.com\/en\/wp-json\/wp\/v2\/product_cat?post=6484"},{"taxonomy":"product_tag","embeddable":true,"href":"https:\/\/chrismathsdesignstore.com\/en\/wp-json\/wp\/v2\/product_tag?post=6484"}],"curies":[{"name":"wp","href":"https:\/\/api.w.org\/{rel}","templated":true}]}}