{"id":6476,"date":"2025-06-02T10:45:55","date_gmt":"2025-06-02T17:45:55","guid":{"rendered":"https:\/\/chrismathsdesignstore.com\/?post_type=product&#038;p=6476"},"modified":"2026-04-14T19:59:12","modified_gmt":"2026-04-15T02:59:12","slug":"taza-feliz-dia-de-padre-jeremias-177-personalizada-con-nombre","status":"publish","type":"product","link":"https:\/\/chrismathsdesignstore.com\/en\/product\/taza-feliz-dia-de-padre-jeremias-177-personalizada-con-nombre\/","title":{"rendered":"Taza &#8220;Feliz dia de Padre&#8221; Jeremias 17:7 personalizada con nombre"},"content":{"rendered":"<h1>Taza &#8220;Feliz dia de Padre&#8221; Jeremias 17:7 personalizada con nombre<\/h1>\n<h4><\/h4>","protected":false},"excerpt":{"rendered":"<h4>Taza &#8220;Feliz dia de Padre&#8221; Jeremias 17:7 personalizada con nombre<\/h4>\n<h5>\u00a1Celebra a ese padre especial con una taza personalizada que dice &#8220;\u00a1Feliz D\u00eda de Padre!&#8221; acompa\u00f1ada de una hermosa cita b\u00edblica para inspirar fe y gratitud. Esta taza est\u00e1 dise\u00f1ada con el vers\u00edculo de Jerem\u00edas 17:7, que nos recuerda confiar plenamente en el Se\u00f1or, quien es nuestra fortaleza en todo momento: &#8220;\u00a1Bendito el hombre que conf\u00eda en el Se\u00f1or, cuya confianza es el Se\u00f1or!&#8221;<\/h5>\n<h5>Personalizada con el nombre de ese pap\u00e1 maravilloso, esta pieza \u00fanica es un regalo muy especial para el D\u00eda del Padre, ideal para expresar amor, gratitud y bendiciones. Cada vez que use esta taza, recordar\u00e1 que su fe y su ejemplo son un regalo divino para toda la familia.<\/h5>\n<h5><strong><span style=\"vertical-align: inherit;\"><span style=\"vertical-align: inherit;\">Caracter\u00edsticas:<\/span><\/span><\/strong><\/h5>\n<ul>\n<li>\n<h5><strong>Material:<\/strong>\u00a0Elaborada en cer\u00e1mica de alta calidad, resistente y apta para lavavajillas, garantizando durabilidad y f\u00e1cil mantenimiento.<\/h5>\n<\/li>\n<li>\n<h5><strong>Capacidad:<\/strong> Con un volumen de 11 onzas, es el tama\u00f1o ideal para disfrutar de tus bebidas fr\u00edas o calientes en cualquier momento del d\u00eda.<\/h5>\n<\/li>\n<li>\n<h5><strong>Personalizaci\u00f3n:<\/strong> Personaliza tu taza con una foto especial que capture un momento inolvidable junto a pap\u00e1,\u00a0 haciendo de este regalo un detalle \u00fanico y lleno de significado.<\/h5>\n<\/li>\n<li>\n<h5><strong>Presentaci\u00f3n:<\/strong> Incluye una elegante caja de regalo, lista para ser entregada, lo que la convierte en una opci\u00f3n perfecta para sorprender en cualquier ocasi\u00f3n.<\/h5>\n<\/li>\n<li>\n<h5><strong>Regalo Perfecto:<\/strong> Este regalo personalizado no solo encantar\u00e1 a pap\u00e1 sino que tambi\u00e9n es ideal para cumplea\u00f1os, aniversarios, intercambios de regalos o simplemente para ti mismo. \u00a1Haz que cada sorbo sea especial!<\/h5>\n<\/li>\n<\/ul>\n<h3>Material\/ Medidas<\/h3>\n<h4>Material : Ceramica<br \/>\nCapacidad: 11 oz o 15 oz<br \/>\nCantidad: 1 taza<\/h4>\n<h4><span style=\"vertical-align: inherit;\"><span style=\"vertical-align: inherit;\">Opcional:<\/span><\/span><\/h4>\n<h5>&#8220;Por un costo adicional, puedes agregar una hermosa tarjeta con un mensaje especial para pap\u00e1, lista para regalar&#8221;.<br \/>\nEs una excelente manera de demostrarle cu\u00e1nto lo valoras y hacer que su regalo sea a\u00fan m\u00e1s memorable.<\/h5>\n<h5><\/h5>\n<h5><\/h5>","protected":false},"featured_media":6479,"comment_status":"closed","ping_status":"closed","template":"","meta":{"_monsterinsights_skip_tracking":false,"_monsterinsights_sitenote_active":false,"_monsterinsights_sitenote_note":"","_monsterinsights_sitenote_category":0},"product_brand":[],"product_cat":[247],"product_tag":[309,304,153,307,311,308,313,310,305,306,312,302,303,156],"class_list":{"0":"post-6476","1":"product","2":"type-product","3":"status-publish","4":"has-post-thumbnail","6":"product_cat-tazas","7":"product_tag-abuelito","8":"product_tag-abuelo","9":"product_tag-cumpleanos","10":"product_tag-dad","11":"product_tag-dia-del-padre","12":"product_tag-father","13":"product_tag-feliz-dia-del-padre","14":"product_tag-grandad","15":"product_tag-grandfather","16":"product_tag-grandpa","17":"product_tag-happy-fathers-day","18":"product_tag-padre","19":"product_tag-papa","20":"product_tag-regalo","22":"first","23":"instock","24":"featured","25":"shipping-taxable","26":"purchasable","27":"product-type-variable"},"aioseo_notices":[],"jetpack_sharing_enabled":true,"_links":{"self":[{"href":"https:\/\/chrismathsdesignstore.com\/en\/wp-json\/wp\/v2\/product\/6476","targetHints":{"allow":["GET"]}}],"collection":[{"href":"https:\/\/chrismathsdesignstore.com\/en\/wp-json\/wp\/v2\/product"}],"about":[{"href":"https:\/\/chrismathsdesignstore.com\/en\/wp-json\/wp\/v2\/types\/product"}],"replies":[{"embeddable":true,"href":"https:\/\/chrismathsdesignstore.com\/en\/wp-json\/wp\/v2\/comments?post=6476"}],"wp:featuredmedia":[{"embeddable":true,"href":"https:\/\/chrismathsdesignstore.com\/en\/wp-json\/wp\/v2\/media\/6479"}],"wp:attachment":[{"href":"https:\/\/chrismathsdesignstore.com\/en\/wp-json\/wp\/v2\/media?parent=6476"}],"wp:term":[{"taxonomy":"product_brand","embeddable":true,"href":"https:\/\/chrismathsdesignstore.com\/en\/wp-json\/wp\/v2\/product_brand?post=6476"},{"taxonomy":"product_cat","embeddable":true,"href":"https:\/\/chrismathsdesignstore.com\/en\/wp-json\/wp\/v2\/product_cat?post=6476"},{"taxonomy":"product_tag","embeddable":true,"href":"https:\/\/chrismathsdesignstore.com\/en\/wp-json\/wp\/v2\/product_tag?post=6476"}],"curies":[{"name":"wp","href":"https:\/\/api.w.org\/{rel}","templated":true}]}}