{"id":6395,"date":"2025-05-20T17:56:39","date_gmt":"2025-05-21T00:56:39","guid":{"rendered":"https:\/\/chrismathsdesignstore.com\/?post_type=product&#038;p=6395"},"modified":"2026-04-14T20:00:00","modified_gmt":"2026-04-15T03:00:00","slug":"llavero-personalizado-con-foto","status":"publish","type":"product","link":"https:\/\/chrismathsdesignstore.com\/en\/product\/llavero-personalizado-con-foto\/","title":{"rendered":"Llavero Personalizado con Foto"},"content":{"rendered":"<h2>Llavero Personalizado con Foto<\/h2>\n<h4><\/h4>\n<p>&nbsp;<\/p>\n<h5><\/h5>","protected":false},"excerpt":{"rendered":"<h2>Llavero Personalizado con Foto<\/h2>\n<h4>Celebra el amor y la bendici\u00f3n que representa tu padre con este hermoso llavero personalizado, dise\u00f1ado para llevar siempre contigo un recuerdo imborrable. Con la opci\u00f3n de agregar una foto significativa, este obsequio se convierte en un s\u00edmbolo de gratitud, protecci\u00f3n y fe.<\/h4>\n<h4>Cada vez que veas este llavero, recuerda que Dios nos ha dado a nuestros padres como una bendici\u00f3n divina, un ejemplo de fortaleza y amor incondicional. Es una manera de honrar su presencia en nuestras vidas y de agradecerle por ser un gu\u00eda y protector, tal como la Biblia nos ense\u00f1a en Josu\u00e9 1:9: &#8220;S\u00e9 fuerte y valiente; no temas ni desmayes, porque el Se\u00f1or tu Dios estar\u00e1 contigo en dondequiera que vayas.&#8221;<\/h4>\n<h4>Haz que este D\u00eda del Padre sea memorable con un regalo que refleja no solo tu cari\u00f1o, sino tambi\u00e9n tu fe y gratitud hacia quienes nos ense\u00f1an el camino del amor y la misericordia de Dios.<\/h4>\n<h4>Puedes elegir entre tres modelos de llaveros: coraz\u00f3n, cuadrado o redondo.<\/h4>\n<h3>Material\/ Medidas<\/h3>\n<h5>Medida: 2 in\/ 5 cm<\/h5>","protected":false},"featured_media":6394,"comment_status":"closed","ping_status":"closed","template":"","meta":{"_monsterinsights_skip_tracking":false,"_monsterinsights_sitenote_active":false,"_monsterinsights_sitenote_note":"","_monsterinsights_sitenote_category":0},"product_brand":[],"product_cat":[31],"product_tag":[307,313,310,305,306,312,303],"class_list":{"0":"post-6395","1":"product","2":"type-product","3":"status-publish","4":"has-post-thumbnail","6":"product_cat-llaveros","7":"product_tag-dad","8":"product_tag-feliz-dia-del-padre","9":"product_tag-grandad","10":"product_tag-grandfather","11":"product_tag-grandpa","12":"product_tag-happy-fathers-day","13":"product_tag-papa","15":"first","16":"instock","17":"featured","18":"shipping-taxable","19":"purchasable","20":"product-type-variable"},"aioseo_notices":[],"jetpack_sharing_enabled":true,"_links":{"self":[{"href":"https:\/\/chrismathsdesignstore.com\/en\/wp-json\/wp\/v2\/product\/6395","targetHints":{"allow":["GET"]}}],"collection":[{"href":"https:\/\/chrismathsdesignstore.com\/en\/wp-json\/wp\/v2\/product"}],"about":[{"href":"https:\/\/chrismathsdesignstore.com\/en\/wp-json\/wp\/v2\/types\/product"}],"replies":[{"embeddable":true,"href":"https:\/\/chrismathsdesignstore.com\/en\/wp-json\/wp\/v2\/comments?post=6395"}],"wp:featuredmedia":[{"embeddable":true,"href":"https:\/\/chrismathsdesignstore.com\/en\/wp-json\/wp\/v2\/media\/6394"}],"wp:attachment":[{"href":"https:\/\/chrismathsdesignstore.com\/en\/wp-json\/wp\/v2\/media?parent=6395"}],"wp:term":[{"taxonomy":"product_brand","embeddable":true,"href":"https:\/\/chrismathsdesignstore.com\/en\/wp-json\/wp\/v2\/product_brand?post=6395"},{"taxonomy":"product_cat","embeddable":true,"href":"https:\/\/chrismathsdesignstore.com\/en\/wp-json\/wp\/v2\/product_cat?post=6395"},{"taxonomy":"product_tag","embeddable":true,"href":"https:\/\/chrismathsdesignstore.com\/en\/wp-json\/wp\/v2\/product_tag?post=6395"}],"curies":[{"name":"wp","href":"https:\/\/api.w.org\/{rel}","templated":true}]}}