{"id":6339,"date":"2025-05-20T13:57:11","date_gmt":"2025-05-20T20:57:11","guid":{"rendered":"https:\/\/chrismathsdesignstore.com\/?post_type=product&#038;p=6339"},"modified":"2026-04-14T20:00:56","modified_gmt":"2026-04-15T03:00:56","slug":"taza-feliz-dia-del-padre-personalizada-con-foto-nombre-y-versiculo-joshua-19","status":"publish","type":"product","link":"https:\/\/chrismathsdesignstore.com\/en\/product\/taza-feliz-dia-del-padre-personalizada-con-foto-nombre-y-versiculo-joshua-19\/","title":{"rendered":"Taza &#8220;Feliz dia del Padre&#8221; personalizada con foto, nombre y versiculo Joshua 1:9"},"content":{"rendered":"<h2>Taza &#8220;Feliz dia del Padre&#8221; personalizada con foto, nombre y versiculo Joshua 1:9<\/h2>\n<h4><\/h4>","protected":false},"excerpt":{"rendered":"<h4>\u00a1Celebra a pap\u00e1 en su d\u00eda con una hermosa taza personalizada! Nuestra taza &#8220;Feliz dia del Padrey&#8221; es el regalo perfecto para honrar y agradecer a ese padre especial en tu vida. Puedes personalizarla con una foto memorable, su nombre y una peque\u00f1a leyenda que exprese cu\u00e1nto significa para ti. Adem\u00e1s, lleva impreso el vers\u00edculo de Josu\u00e9 1:9: &#8220;S\u00e9 fuerte y valiente; no temas ni desmayes, porque el Se\u00f1or tu Dios estar\u00e1 contigo dondequiera que vayas.&#8221;<\/h4>\n<h4>Este regalo no solo es funcional y bonito, sino que tambi\u00e9n lleva un mensaje de fe y fortaleza, record\u00e1ndole que Dios siempre est\u00e1 a su lado. Es un detalle lleno de amor y bendiciones para demostrar cu\u00e1nto aprecias su presencia y gu\u00eda en tu vida. \u00a1Haz que este D\u00eda del Padre sea a\u00fan m\u00e1s especial con esta taza llena de significado y amor cristiano!<\/h4>\n<p>&nbsp;<\/p>\n<h5><strong>Caracter\u00edsticas:<\/strong><\/h5>\n<ul>\n<li>\n<h5><strong>Material:<\/strong>\u00a0Elaborada en cer\u00e1mica de alta calidad, resistente y apta para lavavajillas, garantizando durabilidad y f\u00e1cil mantenimiento.<\/h5>\n<\/li>\n<li>\n<h5><strong>Capacidad:<\/strong> Con un volumen de 11 onzas, es el tama\u00f1o ideal para disfrutar de tus bebidas fr\u00edas o calientes en cualquier momento del d\u00eda.<\/h5>\n<\/li>\n<li>\n<h5><strong>Personalizaci\u00f3n:<\/strong> Personaliza tu taza con una foto memorable, su nombre y una peque\u00f1a leyenda que exprese cu\u00e1nto significa para ti! \u00a0crear\u00e1s un regalo \u00fanico y lleno de cari\u00f1o que ser\u00e1 inolvidable.<\/h5>\n<\/li>\n<li>\n<h5><strong>Presentaci\u00f3n:<\/strong> Incluye una elegante caja de regalo, lista para ser entregada, lo que la convierte en una opci\u00f3n perfecta para sorprender en cualquier ocasi\u00f3n.<\/h5>\n<\/li>\n<li>\n<h5><strong>Regalo Perfecto:<\/strong> Este regalo personalizado no solo encantar\u00e1 a pap\u00e1 sino que tambi\u00e9n es ideal para cumplea\u00f1os, aniversarios, intercambios de regalos o simplemente para ti mismo. \u00a1Haz que cada sorbo sea especial!<\/h5>\n<\/li>\n<\/ul>\n<h3>Material\/ Medidas<\/h3>\n<h4>Material : Ceramica<br \/>\nCapacidad: 11 oz<br \/>\nCantidad: 1 taza<\/h4>\n<h4>Opcional:<\/h4>\n<h5>&#8220;Por un costo adicional, puedes agregar una hermosa tarjeta con un mensaje especial para pap\u00e1, lista para regalar&#8221;.<br \/>\nEs una excelente manera de demostrarle cu\u00e1nto lo valoras y hacer que su regalo sea a\u00fan m\u00e1s memorable.<\/h5>\n<h5><\/h5>\n<h5><\/h5>","protected":false},"featured_media":6340,"comment_status":"closed","ping_status":"closed","template":"","meta":{"_monsterinsights_skip_tracking":false,"_monsterinsights_sitenote_active":false,"_monsterinsights_sitenote_note":"","_monsterinsights_sitenote_category":0},"product_brand":[],"product_cat":[247],"product_tag":[309,304,153,307,311,308,313,310,305,306,312,302,303,156],"class_list":{"0":"post-6339","1":"product","2":"type-product","3":"status-publish","4":"has-post-thumbnail","6":"product_cat-tazas","7":"product_tag-abuelito","8":"product_tag-abuelo","9":"product_tag-cumpleanos","10":"product_tag-dad","11":"product_tag-dia-del-padre","12":"product_tag-father","13":"product_tag-feliz-dia-del-padre","14":"product_tag-grandad","15":"product_tag-grandfather","16":"product_tag-grandpa","17":"product_tag-happy-fathers-day","18":"product_tag-padre","19":"product_tag-papa","20":"product_tag-regalo","22":"first","23":"instock","24":"featured","25":"shipping-taxable","26":"purchasable","27":"product-type-simple"},"aioseo_notices":[],"jetpack_sharing_enabled":true,"_links":{"self":[{"href":"https:\/\/chrismathsdesignstore.com\/en\/wp-json\/wp\/v2\/product\/6339","targetHints":{"allow":["GET"]}}],"collection":[{"href":"https:\/\/chrismathsdesignstore.com\/en\/wp-json\/wp\/v2\/product"}],"about":[{"href":"https:\/\/chrismathsdesignstore.com\/en\/wp-json\/wp\/v2\/types\/product"}],"replies":[{"embeddable":true,"href":"https:\/\/chrismathsdesignstore.com\/en\/wp-json\/wp\/v2\/comments?post=6339"}],"wp:featuredmedia":[{"embeddable":true,"href":"https:\/\/chrismathsdesignstore.com\/en\/wp-json\/wp\/v2\/media\/6340"}],"wp:attachment":[{"href":"https:\/\/chrismathsdesignstore.com\/en\/wp-json\/wp\/v2\/media?parent=6339"}],"wp:term":[{"taxonomy":"product_brand","embeddable":true,"href":"https:\/\/chrismathsdesignstore.com\/en\/wp-json\/wp\/v2\/product_brand?post=6339"},{"taxonomy":"product_cat","embeddable":true,"href":"https:\/\/chrismathsdesignstore.com\/en\/wp-json\/wp\/v2\/product_cat?post=6339"},{"taxonomy":"product_tag","embeddable":true,"href":"https:\/\/chrismathsdesignstore.com\/en\/wp-json\/wp\/v2\/product_tag?post=6339"}],"curies":[{"name":"wp","href":"https:\/\/api.w.org\/{rel}","templated":true}]}}