{"id":6316,"date":"2025-05-20T09:29:27","date_gmt":"2025-05-20T16:29:27","guid":{"rendered":"https:\/\/chrismathsdesignstore.com\/?post_type=product&#038;p=6316"},"modified":"2026-04-14T20:01:20","modified_gmt":"2026-04-15T03:01:20","slug":"taza-the-best-dad-in-the-world-personalizada-con-nombre-y-dibujo","status":"publish","type":"product","link":"https:\/\/chrismathsdesignstore.com\/en\/product\/taza-the-best-dad-in-the-world-personalizada-con-nombre-y-dibujo\/","title":{"rendered":"Taza The Best Dad in the world personalizada con nombre y dibujo"},"content":{"rendered":"<h2>Taza The Best Dad in the world personalizada con nombre y dibujo<\/h2>\n<h4><\/h4>","protected":false},"excerpt":{"rendered":"<h4>\u00a1Celebra a pap\u00e1 con un regalo verdaderamente especial! Nuestra taza personalizada &#8220;The Best Dad in the World&#8221; es mucho m\u00e1s que una simple taza: es un s\u00edmbolo de amor, gratitud y bendiciones. Puedes agregar el nombre de pap\u00e1 y un dibujo hecho por ti o por tus hijos, convirti\u00e9ndola en un recuerdo \u00fanico y lleno de significado. Es el regalo perfecto para el D\u00eda del Padre, una muestra de cu\u00e1nto valoramos su gu\u00eda y protecci\u00f3n en nuestra vida.<\/h4>\n<p>&nbsp;<\/p>\n<h5><strong>Caracter\u00edsticas:<\/strong><\/h5>\n<ul>\n<li>\n<h5><strong>Material:<\/strong>\u00a0Elaborada en cer\u00e1mica de alta calidad, resistente y apta para lavavajillas, garantizando durabilidad y f\u00e1cil mantenimiento.<\/h5>\n<\/li>\n<li>\n<h5><strong>Capacidad:<\/strong> Con un volumen de 11 onzas, es el tama\u00f1o ideal para disfrutar de tus bebidas fr\u00edas o calientes en cualquier momento del d\u00eda.<\/h5>\n<\/li>\n<li>\n<h5><strong>Personalizaci\u00f3n:<\/strong> Personaliza tu taza a\u00f1adiendo el nombre de pap\u00e1 y un dibujo hecho por ti o por tus hijos, crear\u00e1s un regalo \u00fanico y lleno de cari\u00f1o que ser\u00e1 inolvidable.<\/h5>\n<\/li>\n<li>\n<h5><strong>Presentaci\u00f3n:<\/strong> Incluye una elegante caja de regalo, lista para ser entregada, lo que la convierte en una opci\u00f3n perfecta para sorprender en cualquier ocasi\u00f3n.<\/h5>\n<\/li>\n<li>\n<h5><strong>Regalo Perfecto:<\/strong> Este regalo personalizado no solo encantar\u00e1 a pap\u00e1 sino que tambi\u00e9n es ideal para cumplea\u00f1os, aniversarios, intercambios de regalos o simplemente para ti mismo. \u00a1Haz que cada sorbo sea especial!<\/h5>\n<\/li>\n<\/ul>\n<h3>Material\/ Medidas<\/h3>\n<h4>Material : Ceramica<br \/>\nCapacidad: 11 oz<br \/>\nCantidad: 1 taza<\/h4>\n<h4>Opcional:<\/h4>\n<h5>&#8220;Por un costo adicional, puedes agregar una hermosa tarjeta con un mensaje especial para pap\u00e1, lista para regalar&#8221;.<br \/>\nEs una excelente manera de demostrarle cu\u00e1nto lo valoras y hacer que su regalo sea a\u00fan m\u00e1s memorable.<\/h5>\n<h5><\/h5>\n<h5><\/h5>","protected":false},"featured_media":6317,"comment_status":"closed","ping_status":"closed","template":"","meta":{"_monsterinsights_skip_tracking":false,"_monsterinsights_sitenote_active":false,"_monsterinsights_sitenote_note":"","_monsterinsights_sitenote_category":0},"product_brand":[],"product_cat":[247],"product_tag":[309,304,153,307,311,308,313,310,305,306,312,302,303,156],"class_list":{"0":"post-6316","1":"product","2":"type-product","3":"status-publish","4":"has-post-thumbnail","6":"product_cat-tazas","7":"product_tag-abuelito","8":"product_tag-abuelo","9":"product_tag-cumpleanos","10":"product_tag-dad","11":"product_tag-dia-del-padre","12":"product_tag-father","13":"product_tag-feliz-dia-del-padre","14":"product_tag-grandad","15":"product_tag-grandfather","16":"product_tag-grandpa","17":"product_tag-happy-fathers-day","18":"product_tag-padre","19":"product_tag-papa","20":"product_tag-regalo","22":"first","23":"instock","24":"featured","25":"shipping-taxable","26":"purchasable","27":"product-type-simple"},"aioseo_notices":[],"jetpack_sharing_enabled":true,"_links":{"self":[{"href":"https:\/\/chrismathsdesignstore.com\/en\/wp-json\/wp\/v2\/product\/6316","targetHints":{"allow":["GET"]}}],"collection":[{"href":"https:\/\/chrismathsdesignstore.com\/en\/wp-json\/wp\/v2\/product"}],"about":[{"href":"https:\/\/chrismathsdesignstore.com\/en\/wp-json\/wp\/v2\/types\/product"}],"replies":[{"embeddable":true,"href":"https:\/\/chrismathsdesignstore.com\/en\/wp-json\/wp\/v2\/comments?post=6316"}],"wp:featuredmedia":[{"embeddable":true,"href":"https:\/\/chrismathsdesignstore.com\/en\/wp-json\/wp\/v2\/media\/6317"}],"wp:attachment":[{"href":"https:\/\/chrismathsdesignstore.com\/en\/wp-json\/wp\/v2\/media?parent=6316"}],"wp:term":[{"taxonomy":"product_brand","embeddable":true,"href":"https:\/\/chrismathsdesignstore.com\/en\/wp-json\/wp\/v2\/product_brand?post=6316"},{"taxonomy":"product_cat","embeddable":true,"href":"https:\/\/chrismathsdesignstore.com\/en\/wp-json\/wp\/v2\/product_cat?post=6316"},{"taxonomy":"product_tag","embeddable":true,"href":"https:\/\/chrismathsdesignstore.com\/en\/wp-json\/wp\/v2\/product_tag?post=6316"}],"curies":[{"name":"wp","href":"https:\/\/api.w.org\/{rel}","templated":true}]}}