{"id":6140,"date":"2025-04-03T14:18:11","date_gmt":"2025-04-03T21:18:11","guid":{"rendered":"https:\/\/chrismathsdesignstore.com\/?post_type=product&#038;p=6140"},"modified":"2026-02-18T13:47:24","modified_gmt":"2026-02-18T21:47:24","slug":"vaso-de-vidrio-16-oz-believe-butterflies","status":"publish","type":"product","link":"https:\/\/chrismathsdesignstore.com\/en\/product\/vaso-de-vidrio-16-oz-believe-butterflies\/","title":{"rendered":"Vaso de Vidrio 16 oz &#8220;Believe&#8221; Butterflies"},"content":{"rendered":"<h5>Este vaso presenta una inspiradora frase cristiana: &#8220;Believe&#8221; (Cree), elegantemente adornada con delicadas mariposas y flores en\u00a0 tonos rosados. Cada mariposa representa la transformaci\u00f3n y la esperanza, a\u00f1adiendo un toque de belleza y espiritualidad.<\/h5>\n<h5>Este elegante vaso de vidrio no es solo un accesorio funcional, sino tambi\u00e9n una expresi\u00f3n de fe y belleza que acompa\u00f1a cada momento de tu d\u00eda. Con su capacidad de 16 onzas, este vaso se adapta perfectamente a cualquier bebida, desde agua fresca hasta tus smoothies favoritos. La tapa de bamb\u00fa y la pajilla de vidrio a\u00f1aden un toque eco-amigable y sofisticado.<\/h5>\n<h5>Las im\u00e1genes se aplican sobre el vidrio mediante un proceso de transferencia UVDTF de alta calidad, garantizando que se mantendr\u00e1n vibrantes y permanentes. Resistente al agua y dise\u00f1ado para soportar el uso diario y el lavado, este vaso es ideal para quienes buscan disfrutar de sus bebidas con gracia y un toque de fe en cada sorbo. Que cada bebida sea una bendici\u00f3n y una oportunidad para recordar la grandeza del amor de Dios en nuestras vidas. \u00a1Disfruta de un momento de renovaci\u00f3n y esperanza, llevando contigo la inspiraci\u00f3n divina!<\/h5>\n<h5>INSTRUCCIONES DE CUIDADO:<\/h5>\n<h5>-Evitar el calor extremo<\/h5>\n<h5>-No apto para microondas<\/h5>\n<h5>-No apto para lavavajillas<\/h5>\n<h5>-No remojar<\/h5>\n<h5>*LAVADO A MANO SOLAMENTE*<\/h5>","protected":false},"excerpt":{"rendered":"<h5>Este vaso presenta una inspiradora frase cristiana: &#8220;Believe&#8221; (Cree), elegantemente adornada con delicadas mariposas y flores en\u00a0 tonos rosados. Cada mariposa representa la transformaci\u00f3n y la esperanza, a\u00f1adiendo un toque de belleza y espiritualidad.<\/h5>\n<h5>Este elegante vaso de vidrio no es solo un accesorio funcional, sino tambi\u00e9n una expresi\u00f3n de fe y belleza que acompa\u00f1a cada momento de tu d\u00eda. Con su capacidad de 16 onzas, este vaso se adapta perfectamente a cualquier bebida, desde agua fresca hasta tus smoothies favoritos. La tapa de bamb\u00fa y la pajilla de vidrio a\u00f1aden un toque eco-amigable y sofisticado.<\/h5>\n<h5>Las im\u00e1genes se aplican sobre el vidrio mediante un proceso de transferencia UVDTF de alta calidad, garantizando que se mantendr\u00e1n vibrantes y permanentes. Resistente al agua y dise\u00f1ado para soportar el uso diario y el lavado, este vaso es ideal para quienes buscan disfrutar de sus bebidas con gracia y un toque de fe en cada sorbo. Que cada bebida sea una bendici\u00f3n y una oportunidad para recordar la grandeza del amor de Dios en nuestras vidas. \u00a1Disfruta de un momento de renovaci\u00f3n y esperanza, llevando contigo la inspiraci\u00f3n divina!<\/h5>\n<h5>INSTRUCCIONES DE CUIDADO:<\/h5>\n<h5>-Evitar el calor extremo<\/h5>\n<h5>-No apto para microondas<\/h5>\n<h5>-No apto para lavavajillas<\/h5>\n<h5>-No remojar<\/h5>\n<h5>*LAVADO A MANO SOLAMENTE*<\/h5>","protected":false},"featured_media":6141,"comment_status":"closed","ping_status":"closed","template":"","meta":{"_monsterinsights_skip_tracking":false,"_monsterinsights_sitenote_active":false,"_monsterinsights_sitenote_note":"","_monsterinsights_sitenote_category":0},"product_brand":[],"product_cat":[30],"product_tag":[283,182,152,153,148,279,282,285,281,149,284,147,150,154,156,280],"class_list":{"0":"post-6140","1":"product","2":"type-product","3":"status-publish","4":"has-post-thumbnail","6":"product_cat-vasos","7":"product_tag-abuena","8":"product_tag-articulos-cristianos","9":"product_tag-birthday","10":"product_tag-cumpleanos","11":"product_tag-dama","12":"product_tag-girls","13":"product_tag-granmother","14":"product_tag-hija","15":"product_tag-mother","16":"product_tag-mujer","17":"product_tag-nieta","18":"product_tag-nina","19":"product_tag-novia","20":"product_tag-quinceanera","21":"product_tag-regalo","22":"product_tag-woman","24":"first","25":"instock","26":"featured","27":"shipping-taxable","28":"purchasable","29":"product-type-simple"},"aioseo_notices":[],"jetpack_sharing_enabled":true,"_links":{"self":[{"href":"https:\/\/chrismathsdesignstore.com\/en\/wp-json\/wp\/v2\/product\/6140","targetHints":{"allow":["GET"]}}],"collection":[{"href":"https:\/\/chrismathsdesignstore.com\/en\/wp-json\/wp\/v2\/product"}],"about":[{"href":"https:\/\/chrismathsdesignstore.com\/en\/wp-json\/wp\/v2\/types\/product"}],"replies":[{"embeddable":true,"href":"https:\/\/chrismathsdesignstore.com\/en\/wp-json\/wp\/v2\/comments?post=6140"}],"wp:featuredmedia":[{"embeddable":true,"href":"https:\/\/chrismathsdesignstore.com\/en\/wp-json\/wp\/v2\/media\/6141"}],"wp:attachment":[{"href":"https:\/\/chrismathsdesignstore.com\/en\/wp-json\/wp\/v2\/media?parent=6140"}],"wp:term":[{"taxonomy":"product_brand","embeddable":true,"href":"https:\/\/chrismathsdesignstore.com\/en\/wp-json\/wp\/v2\/product_brand?post=6140"},{"taxonomy":"product_cat","embeddable":true,"href":"https:\/\/chrismathsdesignstore.com\/en\/wp-json\/wp\/v2\/product_cat?post=6140"},{"taxonomy":"product_tag","embeddable":true,"href":"https:\/\/chrismathsdesignstore.com\/en\/wp-json\/wp\/v2\/product_tag?post=6140"}],"curies":[{"name":"wp","href":"https:\/\/api.w.org\/{rel}","templated":true}]}}