{"id":5591,"date":"2025-03-12T15:29:25","date_gmt":"2025-03-12T22:29:25","guid":{"rendered":"https:\/\/chrismathsdesignstore.com\/?post_type=product&#038;p=5591"},"modified":"2026-03-18T11:21:09","modified_gmt":"2026-03-18T18:21:09","slug":"tote-bag-mama-leopardo-pink-con-nombre","status":"publish","type":"product","link":"https:\/\/chrismathsdesignstore.com\/en\/product\/tote-bag-mama-leopardo-pink-con-nombre\/","title":{"rendered":"Tote Bag &#8220;Mama Leopardo Pink con nombre"},"content":{"rendered":"","protected":false},"excerpt":{"rendered":"<h6>Tote Bag &#8220;Mama Leopardo Pink con nombre<\/h6>\n<h6>Celebra el amor y la fortaleza de las mam\u00e1s con nuestra hermosa Tote Bag &#8220;Mama Leopardo Pink&#8221;. Esta pr\u00e1ctica y elegante bolsa es perfecta para llevar todo lo que una madre necesita en su d\u00eda a d\u00eda, ya sea en un paseo por el parque, una salida de compras o simplemente para organizar sus esenciales en casa.<\/h6>\n<h6><\/h6>\n<h6>Material\/ Medidas<\/h6>\n<h6>Material : 100% algod\u00f3n.<br \/>\nColor: Natural<br \/>\ntamano: 16 in x 21 in.<br \/>\nAsas: 15 in.<\/h6>","protected":false},"featured_media":5592,"comment_status":"closed","ping_status":"closed","template":"","meta":{"_monsterinsights_skip_tracking":false,"_monsterinsights_sitenote_active":false,"_monsterinsights_sitenote_note":"","_monsterinsights_sitenote_category":0},"product_brand":[],"product_cat":[28],"product_tag":[182,152,153,148,149,147,154,156],"class_list":{"0":"post-5591","1":"product","2":"type-product","3":"status-publish","4":"has-post-thumbnail","6":"product_cat-tote-bag","7":"product_tag-articulos-cristianos","8":"product_tag-birthday","9":"product_tag-cumpleanos","10":"product_tag-dama","11":"product_tag-mujer","12":"product_tag-nina","13":"product_tag-quinceanera","14":"product_tag-regalo","16":"first","17":"instock","18":"shipping-taxable","19":"purchasable","20":"product-type-simple"},"aioseo_notices":[],"jetpack_sharing_enabled":true,"_links":{"self":[{"href":"https:\/\/chrismathsdesignstore.com\/en\/wp-json\/wp\/v2\/product\/5591","targetHints":{"allow":["GET"]}}],"collection":[{"href":"https:\/\/chrismathsdesignstore.com\/en\/wp-json\/wp\/v2\/product"}],"about":[{"href":"https:\/\/chrismathsdesignstore.com\/en\/wp-json\/wp\/v2\/types\/product"}],"replies":[{"embeddable":true,"href":"https:\/\/chrismathsdesignstore.com\/en\/wp-json\/wp\/v2\/comments?post=5591"}],"wp:featuredmedia":[{"embeddable":true,"href":"https:\/\/chrismathsdesignstore.com\/en\/wp-json\/wp\/v2\/media\/5592"}],"wp:attachment":[{"href":"https:\/\/chrismathsdesignstore.com\/en\/wp-json\/wp\/v2\/media?parent=5591"}],"wp:term":[{"taxonomy":"product_brand","embeddable":true,"href":"https:\/\/chrismathsdesignstore.com\/en\/wp-json\/wp\/v2\/product_brand?post=5591"},{"taxonomy":"product_cat","embeddable":true,"href":"https:\/\/chrismathsdesignstore.com\/en\/wp-json\/wp\/v2\/product_cat?post=5591"},{"taxonomy":"product_tag","embeddable":true,"href":"https:\/\/chrismathsdesignstore.com\/en\/wp-json\/wp\/v2\/product_tag?post=5591"}],"curies":[{"name":"wp","href":"https:\/\/api.w.org\/{rel}","templated":true}]}}