{"id":5577,"date":"2025-03-12T14:59:48","date_gmt":"2025-03-12T21:59:48","guid":{"rendered":"https:\/\/chrismathsdesignstore.com\/?post_type=product&#038;p=5577"},"modified":"2026-03-18T11:21:39","modified_gmt":"2026-03-18T18:21:39","slug":"tote-bag-mama-mama-mama-animal-print","status":"publish","type":"product","link":"https:\/\/chrismathsdesignstore.com\/en\/product\/tote-bag-mama-mama-mama-animal-print\/","title":{"rendered":"Tote Bag &#8220;Mama mama mama animal Print&#8221;"},"content":{"rendered":"","protected":false},"excerpt":{"rendered":"<h6>Tote Bag &#8220;Mama mama mama animal Print&#8221;<\/h6>\n<h6>\u00a1Celebra el D\u00eda de las Madres con estilo y fe! Presentamos nuestra tote bag &#8220;Mama Animal Print&#8221;, una hermosa combinaci\u00f3n de moda y espiritualidad. Esta tote bag cuenta con un dise\u00f1o elegante de estampado animal que resalta la fuerza y la belleza de todas las mam\u00e1s.<\/h6>\n<h6><\/h6>\n<h6>Material\/ Medidas<\/h6>\n<h6>Material : 100% algod\u00f3n.<br \/>\nColor: Natural<br \/>\ntamano: 16 in x 21 in.<br \/>\nAsas: 15 in.<\/h6>","protected":false},"featured_media":5578,"comment_status":"closed","ping_status":"closed","template":"","meta":{"_monsterinsights_skip_tracking":false,"_monsterinsights_sitenote_active":false,"_monsterinsights_sitenote_note":"","_monsterinsights_sitenote_category":0},"product_brand":[],"product_cat":[28],"product_tag":[182,152,153,148,149,147,154,156],"class_list":{"0":"post-5577","1":"product","2":"type-product","3":"status-publish","4":"has-post-thumbnail","6":"product_cat-tote-bag","7":"product_tag-articulos-cristianos","8":"product_tag-birthday","9":"product_tag-cumpleanos","10":"product_tag-dama","11":"product_tag-mujer","12":"product_tag-nina","13":"product_tag-quinceanera","14":"product_tag-regalo","16":"first","17":"instock","18":"shipping-taxable","19":"purchasable","20":"product-type-simple"},"aioseo_notices":[],"jetpack_sharing_enabled":true,"_links":{"self":[{"href":"https:\/\/chrismathsdesignstore.com\/en\/wp-json\/wp\/v2\/product\/5577","targetHints":{"allow":["GET"]}}],"collection":[{"href":"https:\/\/chrismathsdesignstore.com\/en\/wp-json\/wp\/v2\/product"}],"about":[{"href":"https:\/\/chrismathsdesignstore.com\/en\/wp-json\/wp\/v2\/types\/product"}],"replies":[{"embeddable":true,"href":"https:\/\/chrismathsdesignstore.com\/en\/wp-json\/wp\/v2\/comments?post=5577"}],"wp:featuredmedia":[{"embeddable":true,"href":"https:\/\/chrismathsdesignstore.com\/en\/wp-json\/wp\/v2\/media\/5578"}],"wp:attachment":[{"href":"https:\/\/chrismathsdesignstore.com\/en\/wp-json\/wp\/v2\/media?parent=5577"}],"wp:term":[{"taxonomy":"product_brand","embeddable":true,"href":"https:\/\/chrismathsdesignstore.com\/en\/wp-json\/wp\/v2\/product_brand?post=5577"},{"taxonomy":"product_cat","embeddable":true,"href":"https:\/\/chrismathsdesignstore.com\/en\/wp-json\/wp\/v2\/product_cat?post=5577"},{"taxonomy":"product_tag","embeddable":true,"href":"https:\/\/chrismathsdesignstore.com\/en\/wp-json\/wp\/v2\/product_tag?post=5577"}],"curies":[{"name":"wp","href":"https:\/\/api.w.org\/{rel}","templated":true}]}}