{"id":5574,"date":"2025-03-12T14:46:03","date_gmt":"2025-03-12T21:46:03","guid":{"rendered":"https:\/\/chrismathsdesignstore.com\/?post_type=product&#038;p=5574"},"modified":"2025-03-12T14:59:01","modified_gmt":"2025-03-12T21:59:01","slug":"tote-bag-dog-mama","status":"publish","type":"product","link":"https:\/\/chrismathsdesignstore.com\/en\/product\/tote-bag-dog-mama\/","title":{"rendered":"Tote Bag &#8220;Dog Mama&#8221;"},"content":{"rendered":"","protected":false},"excerpt":{"rendered":"<h6 class=\"product_title entry-title elementor-heading-title elementor-size-default\">Tote Bag Dog Mama<\/h6>\n<h6>\u00a1Celebra a las mam\u00e1s perrunas en este D\u00eda de las Madres con nuestra hermosa tote bag &#8220;Dog Mama&#8221;! Esta bolsa es m\u00e1s que un simple accesorio; es una declaraci\u00f3n de amor y devoci\u00f3n hacia esos fieles compa\u00f1eros de cuatro patas que llenan nuestras vidas de alegr\u00eda y amor incondicional.<\/h6>\n<h6>Con un mensaje que refleja el coraz\u00f3n de cada madre de mascotas, esta tote bag es un recordatorio constante del v\u00ednculo especial que compartimos con nuestros perros. Es un regalo ideal para aquellas mam\u00e1s que ven a sus peludos como parte de la familia, y que desean llevar consigo un pedacito de su amor a donde quiera que vayan.<\/h6>\n<h6>Sorprende a esa &#8220;Dog Mama&#8221; especial en tu vida con un regalo que hable de su pasi\u00f3n y cari\u00f1o por sus mascotas. \u00a1Haz que este D\u00eda de las Madres sea inolvidable con la tote bag &#8220;Dog Mama&#8221;!<\/h6>\n<h6><\/h6>\n<h6>Material\/ Medidas<\/h6>\n<h6>Material : 100% algod\u00f3n.<br \/>\nColor: Natural<br \/>\ntamano: 16 in x 21 in.<br \/>\nAsas: 15 in.<\/h6>","protected":false},"featured_media":5576,"comment_status":"open","ping_status":"closed","template":"","meta":{"_monsterinsights_skip_tracking":false,"_monsterinsights_sitenote_active":false,"_monsterinsights_sitenote_note":"","_monsterinsights_sitenote_category":0},"product_brand":[],"product_cat":[28],"product_tag":[182,152,153,148,149,147,154,156],"class_list":{"0":"post-5574","1":"product","2":"type-product","3":"status-publish","4":"has-post-thumbnail","6":"product_cat-tote-bag","7":"product_tag-articulos-cristianos","8":"product_tag-birthday","9":"product_tag-cumpleanos","10":"product_tag-dama","11":"product_tag-mujer","12":"product_tag-nina","13":"product_tag-quinceanera","14":"product_tag-regalo","16":"first","17":"instock","18":"shipping-taxable","19":"purchasable","20":"product-type-simple"},"aioseo_notices":[],"jetpack_sharing_enabled":true,"_links":{"self":[{"href":"https:\/\/chrismathsdesignstore.com\/en\/wp-json\/wp\/v2\/product\/5574","targetHints":{"allow":["GET"]}}],"collection":[{"href":"https:\/\/chrismathsdesignstore.com\/en\/wp-json\/wp\/v2\/product"}],"about":[{"href":"https:\/\/chrismathsdesignstore.com\/en\/wp-json\/wp\/v2\/types\/product"}],"replies":[{"embeddable":true,"href":"https:\/\/chrismathsdesignstore.com\/en\/wp-json\/wp\/v2\/comments?post=5574"}],"wp:featuredmedia":[{"embeddable":true,"href":"https:\/\/chrismathsdesignstore.com\/en\/wp-json\/wp\/v2\/media\/5576"}],"wp:attachment":[{"href":"https:\/\/chrismathsdesignstore.com\/en\/wp-json\/wp\/v2\/media?parent=5574"}],"wp:term":[{"taxonomy":"product_brand","embeddable":true,"href":"https:\/\/chrismathsdesignstore.com\/en\/wp-json\/wp\/v2\/product_brand?post=5574"},{"taxonomy":"product_cat","embeddable":true,"href":"https:\/\/chrismathsdesignstore.com\/en\/wp-json\/wp\/v2\/product_cat?post=5574"},{"taxonomy":"product_tag","embeddable":true,"href":"https:\/\/chrismathsdesignstore.com\/en\/wp-json\/wp\/v2\/product_tag?post=5574"}],"curies":[{"name":"wp","href":"https:\/\/api.w.org\/{rel}","templated":true}]}}