{"id":5540,"date":"2025-03-07T17:41:19","date_gmt":"2025-03-08T01:41:19","guid":{"rendered":"https:\/\/chrismathsdesignstore.com\/?post_type=product&#038;p=5540"},"modified":"2026-02-18T14:19:14","modified_gmt":"2026-02-18T22:19:14","slug":"taza-mamas-garden-and-grandmas-garden","status":"publish","type":"product","link":"https:\/\/chrismathsdesignstore.com\/en\/product\/taza-mamas-garden-and-grandmas-garden\/","title":{"rendered":"Taza Mama&#8217;s Garden and Grandma&#8217;s Garden"},"content":{"rendered":"<h2>Taza Mama&#8217;s Garden and Grandma&#8217;s Garden<\/h2>\n<h4>Hermosa taza personalizable, un regalo \u00fanico y significativo para el D\u00eda de las Madres. Esta encantadora taza puede llevar los nombres de tus hijos y nietos, convirti\u00e9ndola en un tesoro lleno de amor y recuerdos. Imagina cada sorbo de caf\u00e9 o t\u00e9 acompa\u00f1ado por el cari\u00f1o de tu familia, recordando esos momentos especiales juntos.<\/h4>\n<p>&#8220;Donde hay amor, hay vida. Que esta taza te recuerde cada d\u00eda que eres el coraz\u00f3n de tu familia, un regalo de Dios que los une en la fe y el amor. Que cada palabra y cada nombre en ella te rodee con la calidez de sus abrazos y la luz de sus oraciones.&#8221;<\/p>\n<p>Haz de este D\u00eda de las Madres un momento inolvidable con un detalle que hable del amor incondicional que compartes con los tuyos. \u00a1Personaliza la tuya y celebra la belleza de la maternidad!<\/p>\n<p><strong>Caracter\u00edsticas:<\/strong><\/p>\n<ul>\n<li><strong>Material:<\/strong>\u00a0Elaborada en cer\u00e1mica de alta calidad, resistente y apta para lavavajillas, garantizando durabilidad y f\u00e1cil mantenimiento.<\/li>\n<li><strong>Capacidad:<\/strong> Con un volumen de 11 onzas, es el tama\u00f1o ideal para disfrutar de tus bebidas fr\u00edas o calientes en cualquier momento del d\u00eda.<\/li>\n<li><strong>Personalizaci\u00f3n:<\/strong> Personaliza tu taza a\u00f1adiendo los nombres de tus hijos y nietos, aportando un toque \u00fanico y especial que la har\u00e1 inolvidable.<\/li>\n<li><strong>Presentaci\u00f3n:<\/strong> Incluye una elegante caja de regalo, lista para ser entregada, lo que la convierte en una opci\u00f3n perfecta para sorprender en cualquier ocasi\u00f3n.<\/li>\n<li><strong>Regalo Perfecto:<\/strong> Este regalo personalizado no solo encantar\u00e1 a tus amigos y familiares, sino que tambi\u00e9n es ideal para cumplea\u00f1os, aniversarios, intercambios de regalos o simplemente como un capricho para ti mismo. \u00a1Haz que cada sorbo sea especial!<\/li>\n<\/ul>\n<p>&nbsp;<\/p>\n<h3>Material\/ Medidas<\/h3>\n<h4>Material : Ceramica<br \/>\nCapacidad: 11 oz<br \/>\nCantidad: 1 taza<\/h4>\n<p>&nbsp;<\/p>\n<h5><\/h5>","protected":false},"excerpt":{"rendered":"<h5><\/h5>\n<h5><\/h5>\n<h5><\/h5>","protected":false},"featured_media":5541,"comment_status":"closed","ping_status":"closed","template":"","meta":{"_monsterinsights_skip_tracking":false,"_monsterinsights_sitenote_active":false,"_monsterinsights_sitenote_note":"","_monsterinsights_sitenote_category":0},"product_brand":[],"product_cat":[247],"product_tag":[153,148,149,147,154],"class_list":{"0":"post-5540","1":"product","2":"type-product","3":"status-publish","4":"has-post-thumbnail","6":"product_cat-tazas","7":"product_tag-cumpleanos","8":"product_tag-dama","9":"product_tag-mujer","10":"product_tag-nina","11":"product_tag-quinceanera","13":"first","14":"instock","15":"featured","16":"shipping-taxable","17":"purchasable","18":"product-type-simple"},"aioseo_notices":[],"jetpack_sharing_enabled":true,"_links":{"self":[{"href":"https:\/\/chrismathsdesignstore.com\/en\/wp-json\/wp\/v2\/product\/5540","targetHints":{"allow":["GET"]}}],"collection":[{"href":"https:\/\/chrismathsdesignstore.com\/en\/wp-json\/wp\/v2\/product"}],"about":[{"href":"https:\/\/chrismathsdesignstore.com\/en\/wp-json\/wp\/v2\/types\/product"}],"replies":[{"embeddable":true,"href":"https:\/\/chrismathsdesignstore.com\/en\/wp-json\/wp\/v2\/comments?post=5540"}],"wp:featuredmedia":[{"embeddable":true,"href":"https:\/\/chrismathsdesignstore.com\/en\/wp-json\/wp\/v2\/media\/5541"}],"wp:attachment":[{"href":"https:\/\/chrismathsdesignstore.com\/en\/wp-json\/wp\/v2\/media?parent=5540"}],"wp:term":[{"taxonomy":"product_brand","embeddable":true,"href":"https:\/\/chrismathsdesignstore.com\/en\/wp-json\/wp\/v2\/product_brand?post=5540"},{"taxonomy":"product_cat","embeddable":true,"href":"https:\/\/chrismathsdesignstore.com\/en\/wp-json\/wp\/v2\/product_cat?post=5540"},{"taxonomy":"product_tag","embeddable":true,"href":"https:\/\/chrismathsdesignstore.com\/en\/wp-json\/wp\/v2\/product_tag?post=5540"}],"curies":[{"name":"wp","href":"https:\/\/api.w.org\/{rel}","templated":true}]}}