{"id":5176,"date":"2025-01-24T18:20:37","date_gmt":"2025-01-25T02:20:37","guid":{"rendered":"https:\/\/chrismathsdesignstore.com\/?post_type=product&#038;p=5176"},"modified":"2026-02-18T14:18:16","modified_gmt":"2026-02-18T22:18:16","slug":"taza-la-vida-es-mejor-con-pelitos-en-la-ropa-mascotas","status":"publish","type":"product","link":"https:\/\/chrismathsdesignstore.com\/en\/product\/taza-la-vida-es-mejor-con-pelitos-en-la-ropa-mascotas\/","title":{"rendered":"Taza &#8220;La vida es mejor con pelitos en la ropa) &#8211; Mascotas"},"content":{"rendered":"<h2>Taza &#8220;La vida es mejor con pelitos en la ropa) &#8211; Mascotas<\/h2>\n<h4>\u00a1Descubre la taza de cer\u00e1mica de 11 oz que transformar\u00e1 tus momentos cotidianos en recuerdos inolvidables! Imagina empezar cada ma\u00f1ana disfrutando de tu bebida favorita en una taza \u00fanica, personalizada con la foto m\u00e1s entra\u00f1able de ti y tu mascota.<\/h4>\n<h5>Esta taza no solo es un objeto funcional, sino una ventana a los momentos m\u00e1s felices de tu vida. Con su dise\u00f1o elegante y su acabado de alta calidad, es perfecta para el hogar o la oficina. Cada sorbo te recordar\u00e1 esos instantes especiales que compartes con tu fiel compa\u00f1ero.<\/h5>\n<h5>Personalizarla es muy sencillo: elige tu imagen favorita y nosotros nos encargaremos del resto. Adem\u00e1s, su capacidad de 11 oz es ideal para caf\u00e9, t\u00e9, chocolate caliente o cualquier otra bebida que desees disfrutar.<\/h5>\n<h5>Ya sea como un regalo significativo para un ser querido o como un capricho personal, esta taza es una opci\u00f3n perfecta que combina est\u00e9tica y emoci\u00f3n. \u00a1No pierdas la oportunidad de tener un pedacito de felicidad en tus manos! Haz tu pedido ahora y empieza cada d\u00eda con una sonrisa. <strong>Caracter\u00edsticas:<\/strong><\/h5>\n<ul>\n<li>\n<h5><strong>Material:<\/strong>\u00a0Elaborada en cer\u00e1mica de alta calidad, resistente y apta para lavavajillas, garantizando durabilidad y f\u00e1cil mantenimiento.<\/h5>\n<\/li>\n<li>\n<h5><strong>Capacidad:<\/strong> Con un volumen de 11 onzas, es el tama\u00f1o ideal para disfrutar de tus bebidas fr\u00edas o calientes en cualquier momento del d\u00eda.<\/h5>\n<\/li>\n<li>\n<h5><strong>Personalizaci\u00f3n:<\/strong> Personaliza tu taza a\u00f1adiendo su foto favorita con su mascota, aportando un toque \u00fanico y especial que la har\u00e1 inolvidable.<\/h5>\n<\/li>\n<li>\n<h5><strong>Presentaci\u00f3n:<\/strong> Incluye una elegante caja de regalo, lista para ser entregada, lo que la convierte en una opci\u00f3n perfecta para sorprender en cualquier ocasi\u00f3n.<\/h5>\n<\/li>\n<li>\n<h5><strong>Regalo Perfecto:<\/strong> Este regalo personalizado no solo encantar\u00e1 a tus amigos y familiares, sino que tambi\u00e9n es ideal para cumplea\u00f1os, aniversarios, intercambios de regalos o simplemente como un capricho para ti mismo. \u00a1Haz que cada sorbo sea especial!<\/h5>\n<\/li>\n<\/ul>\n<p>&nbsp;<\/p>\n<h3>Material\/ Medidas<\/h3>\n<h4>Material : Ceramica<br \/>\nCapacidad: 11 oz<br \/>\nCantidad: 1 taza<\/h4>\n<p>&nbsp;<\/p>\n<h5><\/h5>","protected":false},"excerpt":{"rendered":"<h5><\/h5>\n<h5><\/h5>\n<h5><\/h5>","protected":false},"featured_media":5177,"comment_status":"closed","ping_status":"closed","template":"","meta":{"_monsterinsights_skip_tracking":false,"_monsterinsights_sitenote_active":false,"_monsterinsights_sitenote_note":"","_monsterinsights_sitenote_category":0},"product_brand":[],"product_cat":[247],"product_tag":[153,148,149,147,154],"class_list":{"0":"post-5176","1":"product","2":"type-product","3":"status-publish","4":"has-post-thumbnail","6":"product_cat-tazas","7":"product_tag-cumpleanos","8":"product_tag-dama","9":"product_tag-mujer","10":"product_tag-nina","11":"product_tag-quinceanera","13":"first","14":"instock","15":"featured","16":"shipping-taxable","17":"purchasable","18":"product-type-simple"},"aioseo_notices":[],"jetpack_sharing_enabled":true,"_links":{"self":[{"href":"https:\/\/chrismathsdesignstore.com\/en\/wp-json\/wp\/v2\/product\/5176","targetHints":{"allow":["GET"]}}],"collection":[{"href":"https:\/\/chrismathsdesignstore.com\/en\/wp-json\/wp\/v2\/product"}],"about":[{"href":"https:\/\/chrismathsdesignstore.com\/en\/wp-json\/wp\/v2\/types\/product"}],"replies":[{"embeddable":true,"href":"https:\/\/chrismathsdesignstore.com\/en\/wp-json\/wp\/v2\/comments?post=5176"}],"wp:featuredmedia":[{"embeddable":true,"href":"https:\/\/chrismathsdesignstore.com\/en\/wp-json\/wp\/v2\/media\/5177"}],"wp:attachment":[{"href":"https:\/\/chrismathsdesignstore.com\/en\/wp-json\/wp\/v2\/media?parent=5176"}],"wp:term":[{"taxonomy":"product_brand","embeddable":true,"href":"https:\/\/chrismathsdesignstore.com\/en\/wp-json\/wp\/v2\/product_brand?post=5176"},{"taxonomy":"product_cat","embeddable":true,"href":"https:\/\/chrismathsdesignstore.com\/en\/wp-json\/wp\/v2\/product_cat?post=5176"},{"taxonomy":"product_tag","embeddable":true,"href":"https:\/\/chrismathsdesignstore.com\/en\/wp-json\/wp\/v2\/product_tag?post=5176"}],"curies":[{"name":"wp","href":"https:\/\/api.w.org\/{rel}","templated":true}]}}