{"id":5167,"date":"2025-01-24T17:32:49","date_gmt":"2025-01-25T01:32:49","guid":{"rendered":"https:\/\/chrismathsdesignstore.com\/?post_type=product&#038;p=5167"},"modified":"2026-02-18T14:18:27","modified_gmt":"2026-02-18T22:18:27","slug":"taza-mi-familia-personalizada-con-tu-foto-familiar","status":"publish","type":"product","link":"https:\/\/chrismathsdesignstore.com\/en\/product\/taza-mi-familia-personalizada-con-tu-foto-familiar\/","title":{"rendered":"Taza &#8220;Mi Familia&#8221; personalizada con tu foto familiar"},"content":{"rendered":"<h2>Taza &#8220;Mi Familia&#8221; personalizada con tu foto familiar<\/h2>\n<p>taza de cer\u00e1mica de 11 oz que transformar\u00e1 tus momentos de caf\u00e9 en instantes llenos de amor y espiritualidad! Esta hermosa taza no solo es un objeto funcional, sino tambi\u00e9n un reflejo de tus valores y de la importancia de la familia. Personal\u00edzala con tu foto familiar, creando un recuerdo \u00fanico que podr\u00e1s disfrutar cada d\u00eda.<\/p>\n<p>&nbsp;<\/p>\n<p>Adem\u00e1s, cada sorbo de tu bebida favorita te recordar\u00e1 el poderoso mensaje del vers\u00edculo de Josu\u00e9 24:15: &#8220;Yo y mi casa serviremos a Jehov\u00e1&#8221;. Este vers\u00edculo nos inspira a mantener firmes nuestros compromisos espirituales y a fortalecer los lazos familiares en la fe.<\/p>\n<p>&nbsp;<\/p>\n<p>Imagina comenzar cada ma\u00f1ana con esta taza en tus manos, recordando que tu hogar es un lugar de amor, fe y unidad. No solo es un regalo perfecto para ti, sino tambi\u00e9n para aquellos que valoran la familia y la espiritualidad. \u00a1Haz de cada taza de caf\u00e9 una celebraci\u00f3n de tu fe y de tus seres queridos! \u00a1Personal\u00edzala hoy y lleva contigo un pedacito de tu hogar y de tu fe donde quiera que vayas!<\/p>\n<p>&nbsp;<\/p>\n<p><strong>Caracter\u00edsticas:<\/strong><\/p>\n<ul>\n<li><strong>Material:<\/strong>\u00a0Elaborada en cer\u00e1mica de alta calidad, resistente y apta para lavavajillas, garantizando durabilidad y f\u00e1cil mantenimiento.<\/li>\n<li><strong>Capacidad:<\/strong> Con un volumen de 11 onzas, es el tama\u00f1o ideal para disfrutar de tus bebidas fr\u00edas o calientes en cualquier momento del d\u00eda.<\/li>\n<li><strong>Personalizaci\u00f3n:<\/strong> Personaliza tu taza a\u00f1adiendo su foto familiar, aportando un toque \u00fanico y especial que la har\u00e1 inolvidable.<\/li>\n<li><strong>Presentaci\u00f3n:<\/strong> Incluye una elegante caja de regalo, lista para ser entregada, lo que la convierte en una opci\u00f3n perfecta para sorprender en cualquier ocasion.<\/li>\n<li><strong>Regalo Perfecto:<\/strong> Este regalo personalizado no solo encantar\u00e1 a tus amigos y familiares, sino que tambi\u00e9n es ideal para cumplea\u00f1os, aniversarios, intercambios de regalos o simplemente como un capricho para ti mismo. \u00a1Haz que cada sorbo sea especial!<\/li>\n<\/ul>\n<p>&nbsp;<\/p>\n<h3>Material\/ Medidas<\/h3>\n<h4>Material : Ceramica<br \/>\nCapacidad: 11 oz<br \/>\nCantidad: 1 taza<\/h4>\n<p>&nbsp;<\/p>\n<h5><\/h5>","protected":false},"excerpt":{"rendered":"<h5><\/h5>\n<h5><\/h5>\n<h5><\/h5>","protected":false},"featured_media":5168,"comment_status":"closed","ping_status":"closed","template":"","meta":{"_monsterinsights_skip_tracking":false,"_monsterinsights_sitenote_active":false,"_monsterinsights_sitenote_note":"","_monsterinsights_sitenote_category":0},"product_brand":[],"product_cat":[247],"product_tag":[153,148,149,147,154],"class_list":{"0":"post-5167","1":"product","2":"type-product","3":"status-publish","4":"has-post-thumbnail","6":"product_cat-tazas","7":"product_tag-cumpleanos","8":"product_tag-dama","9":"product_tag-mujer","10":"product_tag-nina","11":"product_tag-quinceanera","13":"first","14":"instock","15":"featured","16":"shipping-taxable","17":"purchasable","18":"product-type-simple"},"aioseo_notices":[],"jetpack_sharing_enabled":true,"_links":{"self":[{"href":"https:\/\/chrismathsdesignstore.com\/en\/wp-json\/wp\/v2\/product\/5167","targetHints":{"allow":["GET"]}}],"collection":[{"href":"https:\/\/chrismathsdesignstore.com\/en\/wp-json\/wp\/v2\/product"}],"about":[{"href":"https:\/\/chrismathsdesignstore.com\/en\/wp-json\/wp\/v2\/types\/product"}],"replies":[{"embeddable":true,"href":"https:\/\/chrismathsdesignstore.com\/en\/wp-json\/wp\/v2\/comments?post=5167"}],"wp:featuredmedia":[{"embeddable":true,"href":"https:\/\/chrismathsdesignstore.com\/en\/wp-json\/wp\/v2\/media\/5168"}],"wp:attachment":[{"href":"https:\/\/chrismathsdesignstore.com\/en\/wp-json\/wp\/v2\/media?parent=5167"}],"wp:term":[{"taxonomy":"product_brand","embeddable":true,"href":"https:\/\/chrismathsdesignstore.com\/en\/wp-json\/wp\/v2\/product_brand?post=5167"},{"taxonomy":"product_cat","embeddable":true,"href":"https:\/\/chrismathsdesignstore.com\/en\/wp-json\/wp\/v2\/product_cat?post=5167"},{"taxonomy":"product_tag","embeddable":true,"href":"https:\/\/chrismathsdesignstore.com\/en\/wp-json\/wp\/v2\/product_tag?post=5167"}],"curies":[{"name":"wp","href":"https:\/\/api.w.org\/{rel}","templated":true}]}}