{"id":3876,"date":"2024-02-22T15:28:54","date_gmt":"2024-02-22T23:28:54","guid":{"rendered":"https:\/\/chrismathsdesignstore.com\/?post_type=product&#038;p=3876"},"modified":"2025-05-19T17:25:11","modified_gmt":"2025-05-20T00:25:11","slug":"biblia-floral-mariposas-turquesa-con-indice-y-canto-floral-con-cierre-letra-grande-12-puntos-rv1960-imit-piel","status":"publish","type":"product","link":"https:\/\/chrismathsdesignstore.com\/en\/product\/biblia-floral-mariposas-turquesa-con-indice-y-canto-floral-con-cierre-letra-grande-12-puntos-rv1960-imit-piel\/","title":{"rendered":"Biblia floral\/mariposas turquesa con \u00edndice y canto floral con Cierre Letra Grande 12 puntos RV1960 imit. piel"},"content":{"rendered":"<h4 class=\"productView-title\">Descripci\u00f3n<\/h4>\n<div data-content-region=\"product_below_description_title\">Personalizadas con nombre.<\/div>\n<div><\/div>\n<div>\n<div>\n<h4><strong>Tama\u00f1o de letra: 12 puntos<\/strong><\/h4>\n<\/div>\n<\/div>\n<div class=\"productView-table-header\"><\/div>\n<div>\n<div>\n<h5>El tipo de traducci\u00f3n de la Reina-Valera 1960 es de equivalencia formal, todo esto sin alterar el sentido b\u00e1sico del mensaje b\u00edblico y preservando adem\u00e1s el estilo y cadencia del texto de Reina.\u200b Esta es la versi\u00f3n m\u00e1s aceptada por todas las iglesias de Latinoam\u00e9rica y Espa\u00f1a. Esta edici\u00f3n de Biblia en Reina Valera 1960 es ideal para aquellas personas que quieran una Biblia con letra legible de 12 puntos en un tama\u00f1o manual. Contiene 32 p\u00e1ginas a todo color con ayudas.<\/h5>\n<p>Caracter\u00edsticas de la Biblia:<\/p>\n<p>&#8211;\u00a0<strong>Palabras de Jes\u00fas en rojo<\/strong><br \/>\n&#8211; Referencias cruzadas a pie de p\u00e1gina.<br \/>\n&#8211; Abreviaturas e Introducciones por C.H Spurgeon y J.C. Ryle<br \/>\n&#8211; Concordancia de 120 p\u00e1ginas<br \/>\n&#8211; Genealog\u00eda de Jes\u00fas\/Fiestas Jud\u00edas<br \/>\n&#8211; Par\u00e1bolas y Milagros de Jes\u00fas<br \/>\n&#8211;\u00a0Plan de salvaci\u00f3n<br \/>\n&#8211;\u00a0Pasajes y vers\u00edculos claves de la Biblia.<br \/>\n&#8211;\u00a0Plan de lectura B\u00edblica<br \/>\n&#8211;\u00a0Mapas de tiempos B\u00edblicos a todo color<br \/>\n&#8211; 12 Mapas a todo color<br \/>\n&#8211; Tipolog\u00eda de los salmos<br \/>\n&#8211; Plano del templo<br \/>\n&#8211; Cronolog\u00eda de reyes y profetas<br \/>\n&#8211; Promesas de Dios<\/p>\n<\/div>\n<div data-content-region=\"product_below_description_body\"><\/div>\n<h2 class=\"productView-title\">Informaci\u00f3n adicional<\/h2>\n<div class=\"productView-table\">\n<div class=\"productView-table-row\">Ancho: 6.00 (in)<\/div>\n<div class=\"productView-table-header\">Largo: 9.00 (in)<\/div>\n<div class=\"productView-table-header\">Altura\/Grosor: 1.25 (in)<\/div>\n<div class=\"productView-table-header\">Versi\u00f3n de Biblia: Reina-Valera 1960<\/div>\n<div class=\"productView-table-header\">Tipo de tapa: imitation_leather<\/div>\n<div class=\"productView-table-header\">Idioma: spanish<\/div>\n<div class=\"productView-table-header\">Tama\u00f1o de letra: 12 puntos<\/div>\n<div class=\"productView-table-header\">\u00bfBiblia con \u00edndice?: con \u00edndice<\/div>\n<div class=\"productView-table-header\">\u00bfBiblia con Cierre?: con cierre<\/div>\n<div class=\"productView-table-header\">Palabras de Jes\u00fas: a color<\/div>\n<div class=\"productView-table-header\">Autor: Reina-Valera<\/div>\n<div class=\"productView-table-header\">P\u00e1ginas: 1648<\/div>\n<div class=\"productView-table-header\">Audiencia: mujer<\/div>\n<\/div>\n<\/div>\n<div><\/div>","protected":false},"excerpt":{"rendered":"<p>Biblia floral mariposas fucsia y blanco floral con \u00edndice\u00a0 Letra Grande Manual 12 puntos RV1960 imit piel con Cierre.<\/p>","protected":false},"featured_media":3877,"comment_status":"open","ping_status":"closed","template":"","meta":{"_monsterinsights_skip_tracking":false,"_monsterinsights_sitenote_active":false,"_monsterinsights_sitenote_note":"","_monsterinsights_sitenote_category":0},"product_brand":[],"product_cat":[232],"product_tag":[148,149,147,154,156],"class_list":{"0":"post-3876","1":"product","2":"type-product","3":"status-publish","4":"has-post-thumbnail","6":"product_cat-biblias","7":"product_tag-dama","8":"product_tag-mujer","9":"product_tag-nina","10":"product_tag-quinceanera","11":"product_tag-regalo","13":"first","14":"instock","15":"featured","16":"shipping-taxable","17":"purchasable","18":"product-type-simple"},"aioseo_notices":[],"jetpack_sharing_enabled":true,"_links":{"self":[{"href":"https:\/\/chrismathsdesignstore.com\/en\/wp-json\/wp\/v2\/product\/3876","targetHints":{"allow":["GET"]}}],"collection":[{"href":"https:\/\/chrismathsdesignstore.com\/en\/wp-json\/wp\/v2\/product"}],"about":[{"href":"https:\/\/chrismathsdesignstore.com\/en\/wp-json\/wp\/v2\/types\/product"}],"replies":[{"embeddable":true,"href":"https:\/\/chrismathsdesignstore.com\/en\/wp-json\/wp\/v2\/comments?post=3876"}],"wp:featuredmedia":[{"embeddable":true,"href":"https:\/\/chrismathsdesignstore.com\/en\/wp-json\/wp\/v2\/media\/3877"}],"wp:attachment":[{"href":"https:\/\/chrismathsdesignstore.com\/en\/wp-json\/wp\/v2\/media?parent=3876"}],"wp:term":[{"taxonomy":"product_brand","embeddable":true,"href":"https:\/\/chrismathsdesignstore.com\/en\/wp-json\/wp\/v2\/product_brand?post=3876"},{"taxonomy":"product_cat","embeddable":true,"href":"https:\/\/chrismathsdesignstore.com\/en\/wp-json\/wp\/v2\/product_cat?post=3876"},{"taxonomy":"product_tag","embeddable":true,"href":"https:\/\/chrismathsdesignstore.com\/en\/wp-json\/wp\/v2\/product_tag?post=3876"}],"curies":[{"name":"wp","href":"https:\/\/api.w.org\/{rel}","templated":true}]}}