{"id":3387,"date":"2023-11-09T18:28:29","date_gmt":"2023-11-10T02:28:29","guid":{"rendered":"https:\/\/chrismathsdesignstore.com\/?post_type=product&#038;p=3387"},"modified":"2025-01-24T16:05:45","modified_gmt":"2025-01-25T00:05:45","slug":"tote-bag-mensajes-cristianos-inspiracion-encargate-de-orar-que-dios-se-encargara-de-obrar","status":"publish","type":"product","link":"https:\/\/chrismathsdesignstore.com\/en\/product\/tote-bag-mensajes-cristianos-inspiracion-encargate-de-orar-que-dios-se-encargara-de-obrar\/","title":{"rendered":"Tote Bag Inspiraci\u00f3n ENC\u00c1RGATE DE ORAR QUE DIOS SE ENCARGARA DE OBRAR"},"content":{"rendered":"<p>Tote Bag Mensajes Cristianos Inspiraci\u00f3n ENCARGATE DE ORAR QUE DIOS SE ENCARGARA DE OBRAR<\/p>\n<p>Material\/ Medidas<\/p>\n<p>Material : 100% algod\u00f3n.<br \/>\nColor: Natural<br \/>\ntamano: 16 in x 21 in.<br \/>\nAsas: 15 in.<\/p>","protected":false},"excerpt":{"rendered":"<p>Tote Bag Mensajes Cristianos Inspiraci\u00f3n ENCARGATE DE ORAR QUE DIOS SE ENCARGARA DE OBRAR<\/p>","protected":false},"featured_media":3330,"comment_status":"open","ping_status":"closed","template":"","meta":{"_monsterinsights_skip_tracking":false,"_monsterinsights_sitenote_active":false,"_monsterinsights_sitenote_note":"","_monsterinsights_sitenote_category":0},"product_brand":[],"product_cat":[15],"product_tag":[182,152,153,148,149,147,154,156],"class_list":{"0":"post-3387","1":"product","2":"type-product","3":"status-publish","4":"has-post-thumbnail","6":"product_cat-sin-categorizar","7":"product_tag-articulos-cristianos","8":"product_tag-birthday","9":"product_tag-cumpleanos","10":"product_tag-dama","11":"product_tag-mujer","12":"product_tag-nina","13":"product_tag-quinceanera","14":"product_tag-regalo","16":"first","17":"instock","18":"shipping-taxable","19":"purchasable","20":"product-type-simple"},"aioseo_notices":[],"jetpack_sharing_enabled":true,"_links":{"self":[{"href":"https:\/\/chrismathsdesignstore.com\/en\/wp-json\/wp\/v2\/product\/3387","targetHints":{"allow":["GET"]}}],"collection":[{"href":"https:\/\/chrismathsdesignstore.com\/en\/wp-json\/wp\/v2\/product"}],"about":[{"href":"https:\/\/chrismathsdesignstore.com\/en\/wp-json\/wp\/v2\/types\/product"}],"replies":[{"embeddable":true,"href":"https:\/\/chrismathsdesignstore.com\/en\/wp-json\/wp\/v2\/comments?post=3387"}],"wp:featuredmedia":[{"embeddable":true,"href":"https:\/\/chrismathsdesignstore.com\/en\/wp-json\/wp\/v2\/media\/3330"}],"wp:attachment":[{"href":"https:\/\/chrismathsdesignstore.com\/en\/wp-json\/wp\/v2\/media?parent=3387"}],"wp:term":[{"taxonomy":"product_brand","embeddable":true,"href":"https:\/\/chrismathsdesignstore.com\/en\/wp-json\/wp\/v2\/product_brand?post=3387"},{"taxonomy":"product_cat","embeddable":true,"href":"https:\/\/chrismathsdesignstore.com\/en\/wp-json\/wp\/v2\/product_cat?post=3387"},{"taxonomy":"product_tag","embeddable":true,"href":"https:\/\/chrismathsdesignstore.com\/en\/wp-json\/wp\/v2\/product_tag?post=3387"}],"curies":[{"name":"wp","href":"https:\/\/api.w.org\/{rel}","templated":true}]}}