{"id":10790,"date":"2026-05-14T16:01:07","date_gmt":"2026-05-14T23:01:07","guid":{"rendered":"https:\/\/chrismathsdesignstore.com\/?post_type=product&#038;p=10790"},"modified":"2026-05-14T18:18:25","modified_gmt":"2026-05-15T01:18:25","slug":"taza-el-es-mi-papa-personalizada-con-nombre","status":"publish","type":"product","link":"https:\/\/chrismathsdesignstore.com\/en\/product\/taza-el-es-mi-papa-personalizada-con-nombre\/","title":{"rendered":"Taza  \u201c\u00c9l es Mi Pap\u00e1\u201d Personalizada con nombre"},"content":{"rendered":"<p>&nbsp;<\/p>\n<h5><\/h5>","protected":false},"excerpt":{"rendered":"<h1>Taza \u201c\u00c9l es Mi Pap\u00e1\u201d Personalizada con nombre<\/h1>\n<h4 data-start=\"76\" data-end=\"159\">Celebra a pap\u00e1 con una taza llena de amor, fe y prop\u00f3sito. \ud83d\udc99\u2728<\/h4>\n<h4 data-start=\"161\" data-end=\"402\">Esta hermosa taza cristiana personalizada destaca las cualidades de un padre inspirado por grandes hombres de la Biblia:<br data-start=\"281\" data-end=\"284\" \/>\ud83d\udee1\ufe0f Valiente como David<br data-start=\"307\" data-end=\"310\" \/>\u2694\ufe0f Guerrero como Josu\u00e9<br data-start=\"332\" data-end=\"335\" \/>\ud83d\udcd6 Sabio como Jos\u00e9<br data-start=\"353\" data-end=\"356\" data-is-only-node=\"\" \/>\ud83d\udcaa Fuerte como Sans\u00f3n<br data-start=\"377\" data-end=\"380\" \/>\ud83d\udc51 Leal como Salom\u00f3n<\/h4>\n<h4 data-start=\"404\" data-end=\"592\">Con un dise\u00f1o moderno, colores vibrantes y opci\u00f3n de personalizar con nombre, esta taza es perfecta para sorprender a pap\u00e1 en el D\u00eda del Padre, cumplea\u00f1os o cualquier ocasi\u00f3n especial.<\/h4>\n<h4>Un regalo especial para recordar cada d\u00eda el valor y la fe de un gran pap\u00e1.<\/h4>\n<h4><strong>Caracter\u00edsticas:<\/strong><\/h4>\n<ul>\n<li>\n<h4><strong>Material:<\/strong>\u00a0Elaborada en cer\u00e1mica de alta calidad, resistente y apta para lavavajillas, garantizando durabilidad y f\u00e1cil mantenimiento.<\/h4>\n<\/li>\n<li>\n<h4><strong>Capacidad:<\/strong> Con un volumen de 11 o. y 15 oz.\u00a0 es ideal para disfrutar de tus bebidas fr\u00edas o calientes en cualquier momento del d\u00eda.<\/h4>\n<\/li>\n<li>\n<h4><strong>Personalizaci\u00f3n:<\/strong> Personaliza tu taza con nombre, aportando un toque \u00fanico y especial que la har\u00e1 inolvidable.<\/h4>\n<\/li>\n<li>\n<h4><strong>Presentaci\u00f3n:<\/strong> Puedes inlcuir una elegante caja de regalo, lista para ser entregada, lo que la convierte en una opci\u00f3n perfecta para sorprender en cualquier ocasi\u00f3n.<\/h4>\n<\/li>\n<li>\n<h4><strong>Regalo Perfecto:<\/strong> Este regalo personalizado no solo encantar\u00e1 a tus amigos y familiares, sino que tambi\u00e9n es ideal para cumplea\u00f1os, aniversarios, intercambios de regalos o simplemente como un capricho para ti mismo. \u00a1Haz que cada sorbo sea especial!<\/h4>\n<\/li>\n<\/ul>\n<h3>Material\/ Medidas<\/h3>\n<h4>Material : Ceramica<br \/>\nCapacidad: 11 oz y 15 oz<br \/>\nCantidad: 1 taza<\/h4>","protected":false},"featured_media":10793,"comment_status":"closed","ping_status":"closed","template":"","meta":{"_monsterinsights_skip_tracking":false,"_monsterinsights_sitenote_active":false,"_monsterinsights_sitenote_note":"","_monsterinsights_sitenote_category":0},"product_brand":[],"product_cat":[247],"product_tag":[153,148,149,147,154],"class_list":{"0":"post-10790","1":"product","2":"type-product","3":"status-publish","4":"has-post-thumbnail","6":"product_cat-tazas","7":"product_tag-cumpleanos","8":"product_tag-dama","9":"product_tag-mujer","10":"product_tag-nina","11":"product_tag-quinceanera","13":"first","14":"instock","15":"featured","16":"shipping-taxable","17":"purchasable","18":"product-type-variable"},"aioseo_notices":[],"jetpack_sharing_enabled":true,"_links":{"self":[{"href":"https:\/\/chrismathsdesignstore.com\/en\/wp-json\/wp\/v2\/product\/10790","targetHints":{"allow":["GET"]}}],"collection":[{"href":"https:\/\/chrismathsdesignstore.com\/en\/wp-json\/wp\/v2\/product"}],"about":[{"href":"https:\/\/chrismathsdesignstore.com\/en\/wp-json\/wp\/v2\/types\/product"}],"replies":[{"embeddable":true,"href":"https:\/\/chrismathsdesignstore.com\/en\/wp-json\/wp\/v2\/comments?post=10790"}],"wp:featuredmedia":[{"embeddable":true,"href":"https:\/\/chrismathsdesignstore.com\/en\/wp-json\/wp\/v2\/media\/10793"}],"wp:attachment":[{"href":"https:\/\/chrismathsdesignstore.com\/en\/wp-json\/wp\/v2\/media?parent=10790"}],"wp:term":[{"taxonomy":"product_brand","embeddable":true,"href":"https:\/\/chrismathsdesignstore.com\/en\/wp-json\/wp\/v2\/product_brand?post=10790"},{"taxonomy":"product_cat","embeddable":true,"href":"https:\/\/chrismathsdesignstore.com\/en\/wp-json\/wp\/v2\/product_cat?post=10790"},{"taxonomy":"product_tag","embeddable":true,"href":"https:\/\/chrismathsdesignstore.com\/en\/wp-json\/wp\/v2\/product_tag?post=10790"}],"curies":[{"name":"wp","href":"https:\/\/api.w.org\/{rel}","templated":true}]}}