{"id":10044,"date":"2026-03-24T20:28:26","date_gmt":"2026-03-25T03:28:26","guid":{"rendered":"https:\/\/chrismathsdesignstore.com\/?post_type=product&#038;p=10044"},"modified":"2026-03-24T20:46:46","modified_gmt":"2026-03-25T03:46:46","slug":"cita-a-ciegas-con-dios-edicion-coloreando-mi-fe","status":"publish","type":"product","link":"https:\/\/chrismathsdesignstore.com\/en\/product\/cita-a-ciegas-con-dios-edicion-coloreando-mi-fe\/","title":{"rendered":"Cita a Ciegas con Dios \u2013 Edici\u00f3n:  \u201cColoreando mi Fe\u201d"},"content":{"rendered":"","protected":false},"excerpt":{"rendered":"<h3><strong>\u2728<\/strong><strong> Cita a Ciegas con Dios \u2013 Edici\u00f3n: \u201cColoreando mi Fe\u201d<\/strong><\/h3>\n<h5>Un espacio especial para conectar con Dios de una manera creativa, tranquila y llena de prop\u00f3sito. Este kit ha sido dise\u00f1ado para que cada momento se convierta en un tiempo \u00edntimo con \u00c9l, mientras coloreas, reflexionas y alimentas tu fe.<\/h5>\n<h5>Incluye:<\/h5>\n<ul>\n<li>\n<h5>Libro para colorear con mensajes inspiradores (disponible en ingl\u00e9s y espa\u00f1ol)<\/h5>\n<\/li>\n<li>\n<h5>Pegatinas cristianas<\/h5>\n<\/li>\n<li>\n<h5>Marcap\u00e1ginas<\/h5>\n<\/li>\n<li>\n<h5>Caja de l\u00e1pices de colores<\/h5>\n<\/li>\n<li>\n<h5>\u00a0Bol\u00edgrafo<\/h5>\n<\/li>\n<li>\n<h5>\u00a0Infusi\u00f3n bot\u00e1nica<\/h5>\n<\/li>\n<li>\n<h5>\u00a0Accesorio para el cabello<\/h5>\n<\/li>\n<li>\n<h5>\u00a0Embalaje personalizado<\/h5>\n<\/li>\n<\/ul>\n<h6 data-start=\"648\" data-end=\"761\">Un regalo perfecto para ti o para alguien especial que desea acercarse a Dios de una forma hermosa y diferente.<\/h6>\n<h6 data-start=\"763\" data-end=\"809\">\u2728 <strong data-start=\"765\" data-end=\"807\">Haz de cada color un momento con Dios.<\/strong><\/h6>","protected":false},"featured_media":10045,"comment_status":"closed","ping_status":"closed","template":"","meta":{"_monsterinsights_skip_tracking":false,"_monsterinsights_sitenote_active":false,"_monsterinsights_sitenote_note":"","_monsterinsights_sitenote_category":0},"product_brand":[],"product_cat":[35],"product_tag":[],"class_list":{"0":"post-10044","1":"product","2":"type-product","3":"status-publish","4":"has-post-thumbnail","6":"product_cat-regalos","8":"first","9":"instock","10":"featured","11":"shipping-taxable","12":"purchasable","13":"product-type-simple"},"aioseo_notices":[],"jetpack_sharing_enabled":true,"_links":{"self":[{"href":"https:\/\/chrismathsdesignstore.com\/en\/wp-json\/wp\/v2\/product\/10044","targetHints":{"allow":["GET"]}}],"collection":[{"href":"https:\/\/chrismathsdesignstore.com\/en\/wp-json\/wp\/v2\/product"}],"about":[{"href":"https:\/\/chrismathsdesignstore.com\/en\/wp-json\/wp\/v2\/types\/product"}],"replies":[{"embeddable":true,"href":"https:\/\/chrismathsdesignstore.com\/en\/wp-json\/wp\/v2\/comments?post=10044"}],"wp:featuredmedia":[{"embeddable":true,"href":"https:\/\/chrismathsdesignstore.com\/en\/wp-json\/wp\/v2\/media\/10045"}],"wp:attachment":[{"href":"https:\/\/chrismathsdesignstore.com\/en\/wp-json\/wp\/v2\/media?parent=10044"}],"wp:term":[{"taxonomy":"product_brand","embeddable":true,"href":"https:\/\/chrismathsdesignstore.com\/en\/wp-json\/wp\/v2\/product_brand?post=10044"},{"taxonomy":"product_cat","embeddable":true,"href":"https:\/\/chrismathsdesignstore.com\/en\/wp-json\/wp\/v2\/product_cat?post=10044"},{"taxonomy":"product_tag","embeddable":true,"href":"https:\/\/chrismathsdesignstore.com\/en\/wp-json\/wp\/v2\/product_tag?post=10044"}],"curies":[{"name":"wp","href":"https:\/\/api.w.org\/{rel}","templated":true}]}}