{"id":9594,"date":"2026-02-28T18:07:04","date_gmt":"2026-03-01T02:07:04","guid":{"rendered":"https:\/\/chrismathsdesignstore.com\/?page_id=9594"},"modified":"2026-02-28T18:17:01","modified_gmt":"2026-03-01T02:17:01","slug":"coleccion-de-regalos","status":"publish","type":"page","link":"https:\/\/chrismathsdesignstore.com\/en\/coleccion-de-regalos\/","title":{"rendered":"Colecci\u00f3n de Regalos"},"content":{"rendered":"<div data-elementor-type=\"wp-page\" data-elementor-id=\"9594\" class=\"elementor elementor-9594\" data-elementor-post-type=\"page\">\n\t\t\t\t\t\t<section class=\"elementor-section elementor-top-section elementor-element elementor-element-75fca53a elementor-section-boxed elementor-section-height-default elementor-section-height-default\" data-id=\"75fca53a\" data-element_type=\"section\">\n\t\t\t\t\t\t<div class=\"elementor-container elementor-column-gap-default\">\n\t\t\t\t\t<div class=\"elementor-column elementor-col-100 elementor-top-column elementor-element elementor-element-681a2a1a\" data-id=\"681a2a1a\" data-element_type=\"column\">\n\t\t\t<div class=\"elementor-widget-wrap elementor-element-populated\">\n\t\t\t\t\t\t\t<\/div>\n\t\t<\/div>\n\t\t\t\t\t<\/div>\n\t\t<\/section>\n\t\t\t\t<section class=\"elementor-section elementor-top-section elementor-element elementor-element-22876e27 elementor-section-boxed elementor-section-height-default elementor-section-height-default\" data-id=\"22876e27\" data-element_type=\"section\">\n\t\t\t\t\t\t<div class=\"elementor-container elementor-column-gap-default\">\n\t\t\t\t\t<div class=\"elementor-column elementor-col-100 elementor-top-column elementor-element elementor-element-78919133\" data-id=\"78919133\" data-element_type=\"column\">\n\t\t\t<div class=\"elementor-widget-wrap elementor-element-populated\">\n\t\t\t\t\t\t\t<\/div>\n\t\t<\/div>\n\t\t\t\t\t<\/div>\n\t\t<\/section>\n\t\t\t\t<section class=\"elementor-section elementor-top-section elementor-element elementor-element-16f3cddd elementor-section-boxed elementor-section-height-default elementor-section-height-default\" data-id=\"16f3cddd\" data-element_type=\"section\">\n\t\t\t\t\t\t<div class=\"elementor-container elementor-column-gap-default\">\n\t\t\t\t\t<div class=\"elementor-column elementor-col-100 elementor-top-column elementor-element elementor-element-3411c27e\" data-id=\"3411c27e\" data-element_type=\"column\">\n\t\t\t<div class=\"elementor-widget-wrap elementor-element-populated\">\n\t\t\t\t\t\t<div class=\"elementor-element elementor-element-16180423 elementor-grid-4 elementor-grid-tablet-3 elementor-grid-mobile-2 elementor-products-grid elementor-wc-products elementor-show-pagination-border-yes elementor-widget elementor-widget-woocommerce-products\" data-id=\"16180423\" data-element_type=\"widget\" data-widget_type=\"woocommerce-products.default\">\n\t\t\t\t<div class=\"elementor-widget-container\">\n\t\t\t\t\t<div class=\"woocommerce columns-4\"><div class=\"woocommerce-notices-wrapper\"><\/div><p class=\"woocommerce-result-count\" role=\"alert\" aria-relevant=\"all\" data-is-sorted-by=\"true\">\n\tShowing all 7 results<span class=\"screen-reader-text\" data-no-translation=\"\" data-trp-gettext=\"\">Sorted by latest<\/span><\/p>\n<ul class=\"products elementor-grid columns-4\">\n<li class=\"product type-product post-9506 status-publish first instock product_cat-regalos product_cat-sin-categorizar product_tag-articulos-cristianos product_tag-birthday product_tag-cumpleanos product_tag-dama product_tag-hija product_tag-iglesia product_tag-ministro product_tag-mother product_tag-mujer product_tag-nieta product_tag-nina product_tag-novia product_tag-quinceanera product_tag-varon product_tag-woman has-post-thumbnail featured shipping-taxable purchasable product-type-simple\">\n\t<a href=\"https:\/\/chrismathsdesignstore.com\/en\/product\/caja-metalica-de-40-promesas-equipaje-para-florecer\/\" class=\"woocommerce-LoopProduct-link woocommerce-loop-product__link\"><img fetchpriority=\"high\" decoding=\"async\" width=\"300\" height=\"300\" src=\"https:\/\/chrismathsdesignstore.com\/wp-content\/uploads\/2026\/02\/f15eb959-68fc-4ec6-b3c1-3661deda7832-300x300.png\" class=\"attachment-woocommerce_thumbnail size-woocommerce_thumbnail\" alt=\"Caja Met\u00e1lica de 40 promesas &quot;Equipaje para Florecer&quot;\" srcset=\"https:\/\/chrismathsdesignstore.com\/wp-content\/uploads\/2026\/02\/f15eb959-68fc-4ec6-b3c1-3661deda7832-300x300.png 300w, https:\/\/chrismathsdesignstore.com\/wp-content\/uploads\/2026\/02\/f15eb959-68fc-4ec6-b3c1-3661deda7832-150x150.png 150w, https:\/\/chrismathsdesignstore.com\/wp-content\/uploads\/2026\/02\/f15eb959-68fc-4ec6-b3c1-3661deda7832-768x768.png 768w, https:\/\/chrismathsdesignstore.com\/wp-content\/uploads\/2026\/02\/f15eb959-68fc-4ec6-b3c1-3661deda7832-600x600.png 600w, https:\/\/chrismathsdesignstore.com\/wp-content\/uploads\/2026\/02\/f15eb959-68fc-4ec6-b3c1-3661deda7832-100x100.png 100w, https:\/\/chrismathsdesignstore.com\/wp-content\/uploads\/2026\/02\/f15eb959-68fc-4ec6-b3c1-3661deda7832.png 1024w\" sizes=\"(max-width: 300px) 100vw, 300px\" \/><h2 class=\"woocommerce-loop-product__title\">Metal Box of 40 pledges \u201cBaggage to Blossom\u201d.\u201d<\/h2>\n\t<span class=\"price\"><span class=\"woocommerce-Price-amount amount\"><bdi><span class=\"woocommerce-Price-currencySymbol\">&#36;<\/span>8.99<\/bdi><\/span><\/span>\n<\/a><a href=\"https:\/\/chrismathsdesignstore.com\/en\/product\/caja-metalica-de-40-promesas-equipaje-para-florecer\/\" aria-describedby=\"woocommerce_loop_add_to_cart_link_describedby_9506\" data-quantity=\"1\" class=\"button product_type_simple add_to_cart_button\" data-product_id=\"9506\" data-product_sku=\"\" aria-label=\"Add to cart: \u201cCaja Met\u00e1lica de 40 promesas &quot;Equipaje para Florecer&quot;\u201d\" rel=\"nofollow\" data-success_message=\"\u201cCaja Met\u00e1lica de 40 promesas &quot;Equipaje para Florecer&quot;\u201d has been added to your cart\" data-no-translation-aria-label=\"\" data-no-translation-data-success_message=\"\">Select options<\/a>\t<span id=\"woocommerce_loop_add_to_cart_link_describedby_9506\" class=\"screen-reader-text\">\n\t\t\t<\/span>\n<\/li>\n<li class=\"product type-product post-9503 status-publish instock product_cat-regalos product_cat-sin-categorizar product_tag-articulos-cristianos product_tag-birthday product_tag-cumpleanos product_tag-dama product_tag-hija product_tag-iglesia product_tag-ministro product_tag-mother product_tag-mujer product_tag-nieta product_tag-nina product_tag-novia product_tag-quinceanera product_tag-varon product_tag-woman has-post-thumbnail featured shipping-taxable purchasable product-type-simple\">\n\t<a href=\"https:\/\/chrismathsdesignstore.com\/en\/product\/caja-metalica-de-40-promesas-equipaje-para-una-mujer-de-dios\/\" class=\"woocommerce-LoopProduct-link woocommerce-loop-product__link\"><img decoding=\"async\" width=\"300\" height=\"300\" src=\"https:\/\/chrismathsdesignstore.com\/wp-content\/uploads\/2026\/02\/4ba531e7-1e56-48f3-8c02-04b5abca8fa0-300x300.png\" class=\"attachment-woocommerce_thumbnail size-woocommerce_thumbnail\" alt=\"Caja Met\u00e1lica de 40 promesas &quot;Equipaje para una mujer de Dios&quot;\" srcset=\"https:\/\/chrismathsdesignstore.com\/wp-content\/uploads\/2026\/02\/4ba531e7-1e56-48f3-8c02-04b5abca8fa0-300x300.png 300w, https:\/\/chrismathsdesignstore.com\/wp-content\/uploads\/2026\/02\/4ba531e7-1e56-48f3-8c02-04b5abca8fa0-150x150.png 150w, https:\/\/chrismathsdesignstore.com\/wp-content\/uploads\/2026\/02\/4ba531e7-1e56-48f3-8c02-04b5abca8fa0-768x768.png 768w, https:\/\/chrismathsdesignstore.com\/wp-content\/uploads\/2026\/02\/4ba531e7-1e56-48f3-8c02-04b5abca8fa0-600x600.png 600w, https:\/\/chrismathsdesignstore.com\/wp-content\/uploads\/2026\/02\/4ba531e7-1e56-48f3-8c02-04b5abca8fa0-100x100.png 100w, https:\/\/chrismathsdesignstore.com\/wp-content\/uploads\/2026\/02\/4ba531e7-1e56-48f3-8c02-04b5abca8fa0.png 1024w\" sizes=\"(max-width: 300px) 100vw, 300px\" \/><h2 class=\"woocommerce-loop-product__title\">Metal Box of 40 pledges \u201cBaggage for a woman of God\u201d.\u201d<\/h2>\n\t<span class=\"price\"><span class=\"woocommerce-Price-amount amount\"><bdi><span class=\"woocommerce-Price-currencySymbol\">&#36;<\/span>8.99<\/bdi><\/span><\/span>\n<\/a><a href=\"https:\/\/chrismathsdesignstore.com\/en\/product\/caja-metalica-de-40-promesas-equipaje-para-una-mujer-de-dios\/\" aria-describedby=\"woocommerce_loop_add_to_cart_link_describedby_9503\" data-quantity=\"1\" class=\"button product_type_simple add_to_cart_button\" data-product_id=\"9503\" data-product_sku=\"\" aria-label=\"Add to cart: \u201cCaja Met\u00e1lica de 40 promesas &quot;Equipaje para una mujer de Dios&quot;\u201d\" rel=\"nofollow\" data-success_message=\"\u201cCaja Met\u00e1lica de 40 promesas &quot;Equipaje para una mujer de Dios&quot;\u201d has been added to your cart\" data-no-translation-aria-label=\"\" data-no-translation-data-success_message=\"\">Select options<\/a>\t<span id=\"woocommerce_loop_add_to_cart_link_describedby_9503\" class=\"screen-reader-text\">\n\t\t\t<\/span>\n<\/li>\n<li class=\"product type-product post-9499 status-publish instock product_cat-regalos product_cat-sin-categorizar product_tag-articulos-cristianos product_tag-birthday product_tag-cumpleanos product_tag-dama product_tag-hija product_tag-iglesia product_tag-ministro product_tag-mother product_tag-mujer product_tag-nieta product_tag-nina product_tag-novia product_tag-quinceanera product_tag-varon product_tag-woman has-post-thumbnail featured shipping-taxable purchasable product-type-simple\">\n\t<a href=\"https:\/\/chrismathsdesignstore.com\/en\/product\/caja-metalica-de-promesas-para-un-viaje-de-confianza-40-promesas-para-cada-dia\/\" class=\"woocommerce-LoopProduct-link woocommerce-loop-product__link\"><img decoding=\"async\" width=\"300\" height=\"300\" src=\"https:\/\/chrismathsdesignstore.com\/wp-content\/uploads\/2026\/02\/fd2ded16-132e-4603-8fe6-787a641f027b-300x300.png\" class=\"attachment-woocommerce_thumbnail size-woocommerce_thumbnail\" alt=\"Caja Met\u00e1lica de Promesas para un Viaje de Confianza: 40 promesas para cada d\u00eda\" srcset=\"https:\/\/chrismathsdesignstore.com\/wp-content\/uploads\/2026\/02\/fd2ded16-132e-4603-8fe6-787a641f027b-300x300.png 300w, https:\/\/chrismathsdesignstore.com\/wp-content\/uploads\/2026\/02\/fd2ded16-132e-4603-8fe6-787a641f027b-150x150.png 150w, https:\/\/chrismathsdesignstore.com\/wp-content\/uploads\/2026\/02\/fd2ded16-132e-4603-8fe6-787a641f027b-768x768.png 768w, https:\/\/chrismathsdesignstore.com\/wp-content\/uploads\/2026\/02\/fd2ded16-132e-4603-8fe6-787a641f027b-600x600.png 600w, https:\/\/chrismathsdesignstore.com\/wp-content\/uploads\/2026\/02\/fd2ded16-132e-4603-8fe6-787a641f027b-100x100.png 100w, https:\/\/chrismathsdesignstore.com\/wp-content\/uploads\/2026\/02\/fd2ded16-132e-4603-8fe6-787a641f027b.png 1024w\" sizes=\"(max-width: 300px) 100vw, 300px\" \/><h2 class=\"woocommerce-loop-product__title\">Metal Pledge Box for a Journey of Confidence: 40 pledges for every day<\/h2>\n\t<span class=\"price\"><span class=\"woocommerce-Price-amount amount\"><bdi><span class=\"woocommerce-Price-currencySymbol\">&#36;<\/span>8.99<\/bdi><\/span><\/span>\n<\/a><a href=\"https:\/\/chrismathsdesignstore.com\/en\/product\/caja-metalica-de-promesas-para-un-viaje-de-confianza-40-promesas-para-cada-dia\/\" aria-describedby=\"woocommerce_loop_add_to_cart_link_describedby_9499\" data-quantity=\"1\" class=\"button product_type_simple add_to_cart_button\" data-product_id=\"9499\" data-product_sku=\"\" aria-label=\"Add to cart: \u201cCaja Met\u00e1lica de Promesas para un Viaje de Confianza: 40 promesas para cada d\u00eda\u201d\" rel=\"nofollow\" data-success_message=\"\u201cCaja Met\u00e1lica de Promesas para un Viaje de Confianza: 40 promesas para cada d\u00eda\u201d has been added to your cart\" data-no-translation-aria-label=\"\" data-no-translation-data-success_message=\"\">Select options<\/a>\t<span id=\"woocommerce_loop_add_to_cart_link_describedby_9499\" class=\"screen-reader-text\">\n\t\t\t<\/span>\n<\/li>\n<li class=\"product type-product post-9495 status-publish last instock product_cat-regalos product_cat-sin-categorizar product_tag-articulos-cristianos product_tag-birthday product_tag-cumpleanos product_tag-dama product_tag-hija product_tag-iglesia product_tag-ministro product_tag-mother product_tag-mujer product_tag-nieta product_tag-nina product_tag-novia product_tag-quinceanera product_tag-varon product_tag-woman has-post-thumbnail featured shipping-taxable purchasable product-type-simple\">\n\t<a href=\"https:\/\/chrismathsdesignstore.com\/en\/product\/caja-metalica-de-promesas-para-tener-fortaleza-40-promesas-para-cada-dia\/\" class=\"woocommerce-LoopProduct-link woocommerce-loop-product__link\"><img loading=\"lazy\" decoding=\"async\" width=\"300\" height=\"300\" src=\"https:\/\/chrismathsdesignstore.com\/wp-content\/uploads\/2026\/02\/bc931520-2558-481a-9706-381252e6d952-300x300.png\" class=\"attachment-woocommerce_thumbnail size-woocommerce_thumbnail\" alt=\"Caja Met\u00e1lica de Promesas para Tener Fortaleza: 40 promesas para cada d\u00eda\" srcset=\"https:\/\/chrismathsdesignstore.com\/wp-content\/uploads\/2026\/02\/bc931520-2558-481a-9706-381252e6d952-300x300.png 300w, https:\/\/chrismathsdesignstore.com\/wp-content\/uploads\/2026\/02\/bc931520-2558-481a-9706-381252e6d952-150x150.png 150w, https:\/\/chrismathsdesignstore.com\/wp-content\/uploads\/2026\/02\/bc931520-2558-481a-9706-381252e6d952-768x768.png 768w, https:\/\/chrismathsdesignstore.com\/wp-content\/uploads\/2026\/02\/bc931520-2558-481a-9706-381252e6d952-600x600.png 600w, https:\/\/chrismathsdesignstore.com\/wp-content\/uploads\/2026\/02\/bc931520-2558-481a-9706-381252e6d952-100x100.png 100w, https:\/\/chrismathsdesignstore.com\/wp-content\/uploads\/2026\/02\/bc931520-2558-481a-9706-381252e6d952.png 1024w\" sizes=\"(max-width: 300px) 100vw, 300px\" \/><h2 class=\"woocommerce-loop-product__title\">Metal Box of Promises for Strength: 40 Promises for Every Day<\/h2>\n\t<span class=\"price\"><span class=\"woocommerce-Price-amount amount\"><bdi><span class=\"woocommerce-Price-currencySymbol\">&#36;<\/span>8.99<\/bdi><\/span><\/span>\n<\/a><a href=\"https:\/\/chrismathsdesignstore.com\/en\/product\/caja-metalica-de-promesas-para-tener-fortaleza-40-promesas-para-cada-dia\/\" aria-describedby=\"woocommerce_loop_add_to_cart_link_describedby_9495\" data-quantity=\"1\" class=\"button product_type_simple add_to_cart_button\" data-product_id=\"9495\" data-product_sku=\"\" aria-label=\"Add to cart: \u201cCaja Met\u00e1lica de Promesas para Tener Fortaleza: 40 promesas para cada d\u00eda\u201d\" rel=\"nofollow\" data-success_message=\"\u201cCaja Met\u00e1lica de Promesas para Tener Fortaleza: 40 promesas para cada d\u00eda\u201d has been added to your cart\" data-no-translation-aria-label=\"\" data-no-translation-data-success_message=\"\">Select options<\/a>\t<span id=\"woocommerce_loop_add_to_cart_link_describedby_9495\" class=\"screen-reader-text\">\n\t\t\t<\/span>\n<\/li>\n<li class=\"product type-product post-9492 status-publish first instock product_cat-regalos product_cat-sin-categorizar product_tag-articulos-cristianos product_tag-birthday product_tag-cumpleanos product_tag-dama product_tag-hija product_tag-iglesia product_tag-ministro product_tag-mother product_tag-mujer product_tag-nieta product_tag-nina product_tag-novia product_tag-quinceanera product_tag-varon product_tag-woman has-post-thumbnail featured shipping-taxable purchasable product-type-simple\">\n\t<a href=\"https:\/\/chrismathsdesignstore.com\/en\/product\/caja-metalica-de-promesas-para-tener-bendicion-40-promesas-para-cada-dia\/\" class=\"woocommerce-LoopProduct-link woocommerce-loop-product__link\"><img loading=\"lazy\" decoding=\"async\" width=\"300\" height=\"300\" src=\"https:\/\/chrismathsdesignstore.com\/wp-content\/uploads\/2026\/02\/df95bf55-bb41-4e78-b92f-eaae52362801-300x300.png\" class=\"attachment-woocommerce_thumbnail size-woocommerce_thumbnail\" alt=\"Caja Met\u00e1lica de Promesas para Tener Bendici\u00f3n: 40 promesas para cada d\u00eda\" srcset=\"https:\/\/chrismathsdesignstore.com\/wp-content\/uploads\/2026\/02\/df95bf55-bb41-4e78-b92f-eaae52362801-300x300.png 300w, https:\/\/chrismathsdesignstore.com\/wp-content\/uploads\/2026\/02\/df95bf55-bb41-4e78-b92f-eaae52362801-150x150.png 150w, https:\/\/chrismathsdesignstore.com\/wp-content\/uploads\/2026\/02\/df95bf55-bb41-4e78-b92f-eaae52362801-768x768.png 768w, https:\/\/chrismathsdesignstore.com\/wp-content\/uploads\/2026\/02\/df95bf55-bb41-4e78-b92f-eaae52362801-600x600.png 600w, https:\/\/chrismathsdesignstore.com\/wp-content\/uploads\/2026\/02\/df95bf55-bb41-4e78-b92f-eaae52362801-100x100.png 100w, https:\/\/chrismathsdesignstore.com\/wp-content\/uploads\/2026\/02\/df95bf55-bb41-4e78-b92f-eaae52362801.png 1024w\" sizes=\"(max-width: 300px) 100vw, 300px\" \/><h2 class=\"woocommerce-loop-product__title\">Blessing Promises Metal Box: 40 promises for every day<\/h2>\n\t<span class=\"price\"><span class=\"woocommerce-Price-amount amount\"><bdi><span class=\"woocommerce-Price-currencySymbol\">&#36;<\/span>8.99<\/bdi><\/span><\/span>\n<\/a><a href=\"https:\/\/chrismathsdesignstore.com\/en\/product\/caja-metalica-de-promesas-para-tener-bendicion-40-promesas-para-cada-dia\/\" aria-describedby=\"woocommerce_loop_add_to_cart_link_describedby_9492\" data-quantity=\"1\" class=\"button product_type_simple add_to_cart_button\" data-product_id=\"9492\" data-product_sku=\"\" aria-label=\"Add to cart: \u201cCaja Met\u00e1lica de Promesas para Tener Bendici\u00f3n: 40 promesas para cada d\u00eda\u201d\" rel=\"nofollow\" data-success_message=\"\u201cCaja Met\u00e1lica de Promesas para Tener Bendici\u00f3n: 40 promesas para cada d\u00eda\u201d has been added to your cart\" data-no-translation-aria-label=\"\" data-no-translation-data-success_message=\"\">Select options<\/a>\t<span id=\"woocommerce_loop_add_to_cart_link_describedby_9492\" class=\"screen-reader-text\">\n\t\t\t<\/span>\n<\/li>\n<li class=\"product type-product post-9488 status-publish instock product_cat-regalos product_cat-sin-categorizar product_tag-articulos-cristianos product_tag-birthday product_tag-cumpleanos product_tag-dama product_tag-hija product_tag-iglesia product_tag-ministro product_tag-mother product_tag-mujer product_tag-nieta product_tag-nina product_tag-novia product_tag-quinceanera product_tag-varon product_tag-woman has-post-thumbnail featured shipping-taxable purchasable product-type-simple\">\n\t<a href=\"https:\/\/chrismathsdesignstore.com\/en\/product\/caja-metalica-de-promesas-para-la-senda-de-la-vida-40-promesas-para-cada-dia\/\" class=\"woocommerce-LoopProduct-link woocommerce-loop-product__link\"><img loading=\"lazy\" decoding=\"async\" width=\"300\" height=\"300\" src=\"https:\/\/chrismathsdesignstore.com\/wp-content\/uploads\/2026\/02\/4b2d69d9-8f1f-4119-a0d3-5ad8f468def9-300x300.png\" class=\"attachment-woocommerce_thumbnail size-woocommerce_thumbnail\" alt=\"Caja Met\u00e1lica de Promesas para la Senda de la Vida: 40 promesas para cada d\u00eda\" srcset=\"https:\/\/chrismathsdesignstore.com\/wp-content\/uploads\/2026\/02\/4b2d69d9-8f1f-4119-a0d3-5ad8f468def9-300x300.png 300w, https:\/\/chrismathsdesignstore.com\/wp-content\/uploads\/2026\/02\/4b2d69d9-8f1f-4119-a0d3-5ad8f468def9-150x150.png 150w, https:\/\/chrismathsdesignstore.com\/wp-content\/uploads\/2026\/02\/4b2d69d9-8f1f-4119-a0d3-5ad8f468def9-768x768.png 768w, https:\/\/chrismathsdesignstore.com\/wp-content\/uploads\/2026\/02\/4b2d69d9-8f1f-4119-a0d3-5ad8f468def9-600x600.png 600w, https:\/\/chrismathsdesignstore.com\/wp-content\/uploads\/2026\/02\/4b2d69d9-8f1f-4119-a0d3-5ad8f468def9-100x100.png 100w, https:\/\/chrismathsdesignstore.com\/wp-content\/uploads\/2026\/02\/4b2d69d9-8f1f-4119-a0d3-5ad8f468def9.png 1024w\" sizes=\"(max-width: 300px) 100vw, 300px\" \/><h2 class=\"woocommerce-loop-product__title\">The Path of Life\u201c Metal Pledge Box: 40 pledges for every day<\/h2>\n\t<span class=\"price\"><span class=\"woocommerce-Price-amount amount\"><bdi><span class=\"woocommerce-Price-currencySymbol\">&#36;<\/span>8.99<\/bdi><\/span><\/span>\n<\/a><a href=\"https:\/\/chrismathsdesignstore.com\/en\/product\/caja-metalica-de-promesas-para-la-senda-de-la-vida-40-promesas-para-cada-dia\/\" aria-describedby=\"woocommerce_loop_add_to_cart_link_describedby_9488\" data-quantity=\"1\" class=\"button product_type_simple add_to_cart_button\" data-product_id=\"9488\" data-product_sku=\"\" aria-label=\"Add to cart: \u201cCaja Met\u00e1lica de Promesas &quot;La Senda de la Vida&quot;: 40 promesas para cada d\u00eda\u201d\" rel=\"nofollow\" data-success_message=\"\u201cCaja Met\u00e1lica de Promesas &quot;La Senda de la Vida&quot;: 40 promesas para cada d\u00eda\u201d has been added to your cart\" data-no-translation-aria-label=\"\" data-no-translation-data-success_message=\"\">Select options<\/a>\t<span id=\"woocommerce_loop_add_to_cart_link_describedby_9488\" class=\"screen-reader-text\">\n\t\t\t<\/span>\n<\/li>\n<li class=\"product type-product post-9485 status-publish instock product_cat-sin-categorizar product_tag-articulos-cristianos product_tag-birthday product_tag-cumpleanos product_tag-dama product_tag-hija product_tag-iglesia product_tag-ministro product_tag-mother product_tag-mujer product_tag-nieta product_tag-nina product_tag-novia product_tag-quinceanera product_tag-varon product_tag-woman has-post-thumbnail featured shipping-taxable purchasable product-type-simple\">\n\t<a href=\"https:\/\/chrismathsdesignstore.com\/en\/product\/caja-metalica-de-promesas-para-el-alma-40-promesas-para-cada-dia\/\" class=\"woocommerce-LoopProduct-link woocommerce-loop-product__link\"><img loading=\"lazy\" decoding=\"async\" width=\"300\" height=\"300\" src=\"https:\/\/chrismathsdesignstore.com\/wp-content\/uploads\/2026\/02\/2d2809b1-6bb2-4af2-a16d-d3648a88b459-300x300.png\" class=\"attachment-woocommerce_thumbnail size-woocommerce_thumbnail\" alt=\"40 Tarjetas con Promesas B\u00edblicas en Caja Met\u00e1lica \u2013 Primeros Auxilios para el Alma\" srcset=\"https:\/\/chrismathsdesignstore.com\/wp-content\/uploads\/2026\/02\/2d2809b1-6bb2-4af2-a16d-d3648a88b459-300x300.png 300w, https:\/\/chrismathsdesignstore.com\/wp-content\/uploads\/2026\/02\/2d2809b1-6bb2-4af2-a16d-d3648a88b459-150x150.png 150w, https:\/\/chrismathsdesignstore.com\/wp-content\/uploads\/2026\/02\/2d2809b1-6bb2-4af2-a16d-d3648a88b459-768x768.png 768w, https:\/\/chrismathsdesignstore.com\/wp-content\/uploads\/2026\/02\/2d2809b1-6bb2-4af2-a16d-d3648a88b459-600x600.png 600w, https:\/\/chrismathsdesignstore.com\/wp-content\/uploads\/2026\/02\/2d2809b1-6bb2-4af2-a16d-d3648a88b459-100x100.png 100w, https:\/\/chrismathsdesignstore.com\/wp-content\/uploads\/2026\/02\/2d2809b1-6bb2-4af2-a16d-d3648a88b459.png 1024w\" sizes=\"(max-width: 300px) 100vw, 300px\" \/><h2 class=\"woocommerce-loop-product__title\">Metal Box of Promises for the Soul: 40 Promises for Every Day<\/h2>\n\t<span class=\"price\"><span class=\"woocommerce-Price-amount amount\"><bdi><span class=\"woocommerce-Price-currencySymbol\">&#36;<\/span>8.99<\/bdi><\/span><\/span>\n<\/a><a href=\"https:\/\/chrismathsdesignstore.com\/en\/product\/caja-metalica-de-promesas-para-el-alma-40-promesas-para-cada-dia\/\" aria-describedby=\"woocommerce_loop_add_to_cart_link_describedby_9485\" data-quantity=\"1\" class=\"button product_type_simple add_to_cart_button\" data-product_id=\"9485\" data-product_sku=\"\" aria-label=\"Add to cart: \u201cCaja Met\u00e1lica de Promesas para el Alma: 40 promesas para cada d\u00eda\u201d\" rel=\"nofollow\" data-success_message=\"\u201cCaja Met\u00e1lica de Promesas para el Alma: 40 promesas para cada d\u00eda\u201d has been added to your cart\" data-no-translation-aria-label=\"\" data-no-translation-data-success_message=\"\">Select options<\/a>\t<span id=\"woocommerce_loop_add_to_cart_link_describedby_9485\" class=\"screen-reader-text\">\n\t\t\t<\/span>\n<\/li>\n<\/ul>\n<\/div>\t\t\t\t<\/div>\n\t\t\t\t<\/div>\n\t\t\t\t\t<\/div>\n\t\t<\/div>\n\t\t\t\t\t<\/div>\n\t\t<\/section>\n\t\t\t\t<section class=\"elementor-section elementor-top-section elementor-element elementor-element-eb8e1a3 elementor-section-boxed elementor-section-height-default elementor-section-height-default\" data-id=\"eb8e1a3\" data-element_type=\"section\">\n\t\t\t\t\t\t<div class=\"elementor-container elementor-column-gap-default\">\n\t\t\t\t\t<div class=\"elementor-column elementor-col-100 elementor-top-column elementor-element elementor-element-4af08a6\" data-id=\"4af08a6\" data-element_type=\"column\">\n\t\t\t<div class=\"elementor-widget-wrap elementor-element-populated\">\n\t\t\t\t\t\t\t<\/div>\n\t\t<\/div>\n\t\t\t\t\t<\/div>\n\t\t<\/section>\n\t\t\t\t<\/div>","protected":false},"excerpt":{"rendered":"","protected":false},"author":1,"featured_media":0,"parent":0,"menu_order":0,"comment_status":"closed","ping_status":"closed","template":"","meta":{"_monsterinsights_skip_tracking":false,"_monsterinsights_sitenote_active":false,"_monsterinsights_sitenote_note":"","_monsterinsights_sitenote_category":0,"footnotes":""},"class_list":["post-9594","page","type-page","status-publish","hentry"],"aioseo_notices":[],"jetpack_sharing_enabled":true,"_links":{"self":[{"href":"https:\/\/chrismathsdesignstore.com\/en\/wp-json\/wp\/v2\/pages\/9594","targetHints":{"allow":["GET"]}}],"collection":[{"href":"https:\/\/chrismathsdesignstore.com\/en\/wp-json\/wp\/v2\/pages"}],"about":[{"href":"https:\/\/chrismathsdesignstore.com\/en\/wp-json\/wp\/v2\/types\/page"}],"author":[{"embeddable":true,"href":"https:\/\/chrismathsdesignstore.com\/en\/wp-json\/wp\/v2\/users\/1"}],"replies":[{"embeddable":true,"href":"https:\/\/chrismathsdesignstore.com\/en\/wp-json\/wp\/v2\/comments?post=9594"}],"version-history":[{"count":7,"href":"https:\/\/chrismathsdesignstore.com\/en\/wp-json\/wp\/v2\/pages\/9594\/revisions"}],"predecessor-version":[{"id":9602,"href":"https:\/\/chrismathsdesignstore.com\/en\/wp-json\/wp\/v2\/pages\/9594\/revisions\/9602"}],"wp:attachment":[{"href":"https:\/\/chrismathsdesignstore.com\/en\/wp-json\/wp\/v2\/media?parent=9594"}],"curies":[{"name":"wp","href":"https:\/\/api.w.org\/{rel}","templated":true}]}}