{"id":6827,"date":"2025-12-10T20:11:23","date_gmt":"2025-12-11T04:11:23","guid":{"rendered":"https:\/\/chrismathsdesignstore.com\/?page_id=6827"},"modified":"2026-03-26T15:03:05","modified_gmt":"2026-03-26T22:03:05","slug":"coleccion-de-cita-a-ciegas-con-dios","status":"publish","type":"page","link":"https:\/\/chrismathsdesignstore.com\/en\/coleccion-de-cita-a-ciegas-con-dios\/","title":{"rendered":"Colecci\u00f3n de Cita a ciegas con Dios"},"content":{"rendered":"<div data-elementor-type=\"wp-page\" data-elementor-id=\"6827\" class=\"elementor elementor-6827\" data-elementor-post-type=\"page\">\n\t\t\t\t\t\t<section class=\"elementor-section elementor-top-section elementor-element elementor-element-cd21c30 elementor-section-boxed elementor-section-height-default elementor-section-height-default\" data-id=\"cd21c30\" data-element_type=\"section\">\n\t\t\t\t\t\t<div class=\"elementor-container elementor-column-gap-default\">\n\t\t\t\t\t<div class=\"elementor-column elementor-col-100 elementor-top-column elementor-element elementor-element-6172e35\" data-id=\"6172e35\" data-element_type=\"column\">\n\t\t\t<div class=\"elementor-widget-wrap elementor-element-populated\">\n\t\t\t\t\t\t<div class=\"elementor-element elementor-element-362a4ec elementor-widget elementor-widget-image\" data-id=\"362a4ec\" data-element_type=\"widget\" data-widget_type=\"image.default\">\n\t\t\t\t<div class=\"elementor-widget-container\">\n\t\t\t\t\t\t\t\t\t\t\t\t\t\t\t<img fetchpriority=\"high\" decoding=\"async\" width=\"2560\" height=\"689\" src=\"https:\/\/chrismathsdesignstore.com\/wp-content\/uploads\/2026\/03\/Banner-cabezera-1-scaled.png\" class=\"attachment-full size-full wp-image-10154\" alt=\"BANNER CITA A CIEGAS CON DIOS\" srcset=\"https:\/\/chrismathsdesignstore.com\/wp-content\/uploads\/2026\/03\/Banner-cabezera-1-scaled.png 2560w, https:\/\/chrismathsdesignstore.com\/wp-content\/uploads\/2026\/03\/Banner-cabezera-1-300x81.png 300w, https:\/\/chrismathsdesignstore.com\/wp-content\/uploads\/2026\/03\/Banner-cabezera-1-1024x276.png 1024w, https:\/\/chrismathsdesignstore.com\/wp-content\/uploads\/2026\/03\/Banner-cabezera-1-768x207.png 768w, https:\/\/chrismathsdesignstore.com\/wp-content\/uploads\/2026\/03\/Banner-cabezera-1-1536x414.png 1536w, https:\/\/chrismathsdesignstore.com\/wp-content\/uploads\/2026\/03\/Banner-cabezera-1-2048x551.png 2048w, https:\/\/chrismathsdesignstore.com\/wp-content\/uploads\/2026\/03\/Banner-cabezera-1-18x5.png 18w, https:\/\/chrismathsdesignstore.com\/wp-content\/uploads\/2026\/03\/Banner-cabezera-1-600x162.png 600w\" sizes=\"(max-width: 2560px) 100vw, 2560px\" \/>\t\t\t\t\t\t\t\t\t\t\t\t\t\t\t<\/div>\n\t\t\t\t<\/div>\n\t\t\t\t\t<\/div>\n\t\t<\/div>\n\t\t\t\t\t<\/div>\n\t\t<\/section>\n\t\t\t\t<section class=\"elementor-section elementor-top-section elementor-element elementor-element-a2452e4 elementor-section-boxed elementor-section-height-default elementor-section-height-default\" data-id=\"a2452e4\" data-element_type=\"section\">\n\t\t\t\t\t\t<div class=\"elementor-container elementor-column-gap-default\">\n\t\t\t\t\t<div class=\"elementor-column elementor-col-100 elementor-top-column elementor-element elementor-element-a96da8c\" data-id=\"a96da8c\" data-element_type=\"column\">\n\t\t\t<div class=\"elementor-widget-wrap elementor-element-populated\">\n\t\t\t\t\t\t<div class=\"elementor-element elementor-element-27f620a elementor-widget elementor-widget-heading\" data-id=\"27f620a\" data-element_type=\"widget\" data-widget_type=\"heading.default\">\n\t\t\t\t<div class=\"elementor-widget-container\">\n\t\t\t\t\t<h1 class=\"elementor-heading-title elementor-size-default\">Cita a Ciegas con Dios<\/h1>\t\t\t\t<\/div>\n\t\t\t\t<\/div>\n\t\t\t\t\t<\/div>\n\t\t<\/div>\n\t\t\t\t\t<\/div>\n\t\t<\/section>\n\t\t\t\t<section class=\"elementor-section elementor-top-section elementor-element elementor-element-3d210fb elementor-section-boxed elementor-section-height-default elementor-section-height-default\" data-id=\"3d210fb\" data-element_type=\"section\">\n\t\t\t\t\t\t<div class=\"elementor-container elementor-column-gap-default\">\n\t\t\t\t\t<div class=\"elementor-column elementor-col-100 elementor-top-column elementor-element elementor-element-af8a478\" data-id=\"af8a478\" data-element_type=\"column\">\n\t\t\t<div class=\"elementor-widget-wrap elementor-element-populated\">\n\t\t\t\t\t\t<div class=\"elementor-element elementor-element-39c7ab6 elementor-widget elementor-widget-text-editor\" data-id=\"39c7ab6\" data-element_type=\"widget\" data-widget_type=\"text-editor.default\">\n\t\t\t\t<div class=\"elementor-widget-container\">\n\t\t\t\t\t\t\t\t\t<h4 data-start=\"659\" data-end=\"756\">Una experiencia creada para acercarte a Dios de una manera \u00edntima, personal y llena de prop\u00f3sito.<\/h4><h5 data-start=\"758\" data-end=\"914\">Cada detalle ha sido preparado con amor para guiarte a un momento especial con \u00c9l, donde podr\u00e1s encontrar paz, direcci\u00f3n y un recordatorio de cu\u00e1nto te ama.<\/h5><h5>\u00a0<\/h5><h5 data-start=\"916\" data-end=\"1020\"><strong>\u2728 Un encuentro que puede<\/strong><strong> transformar tu d\u00eda\u2026 o tu vida<\/strong><\/h5><h5 data-start=\"916\" data-end=\"1020\"><br data-start=\"970\" data-end=\"973\" \/><strong>\u2728 Dise\u00f1ado para fortalecer tu fe y tu coraz\u00f3n<\/strong><\/h5><h5>\u00a0<\/h5><h5 data-start=\"1022\" data-end=\"1125\">Perfecto para regalarte a ti o sorprender a alguien muy especial con un detalle lleno de prop\u00f3sito.<\/h5><h5 data-start=\"1127\" data-end=\"1217\"><em><strong>\u00a0 \u00a0 \u00a0 \u00a0 \u00a0 \u00a0 \u00a0 \u00a0 \u00a0 \u00a0 \u00a0 \u00a0 \u00a0 \u00a0 \u00a0 \u00a0 \u00a0 \u00a0 \u00a0 \u00a0 \u00a0 \u00a0 \u00a0 \u00a0 \u00a0 \u00a0 \u00a0 \u00a0 \u00a0 \u00a0 \u00a0 \u00a0 \u00a0 \u00a0 \u00a0 \u00a0 No sabes lo que recibir\u00e1s\u2026<\/strong><\/em><br \/><em><strong>\u00a0 \u00a0 \u00a0 \u00a0 \u00a0 \u00a0 \u00a0 \u00a0 \u00a0 \u00a0 \u00a0 \u00a0 \u00a0 \u00a0 \u00a0 \u00a0 \u00a0 \u00a0 \u00a0 \u00a0pero puedes confiar en que Dios s\u00ed sabe lo que necesitas.\u00a0<br \/><br \/><\/strong><\/em><\/h5><p data-start=\"798\" data-end=\"930\"><strong data-start=\"801\" data-end=\"930\">Cada edici\u00f3n puede incluir art\u00edculos como:<br data-start=\"845\" data-end=\"848\" \/>devocionales, libretas, marcap\u00e1ginas, accesorios y detalles inspirados en la fe.<\/strong><\/p><p>\u00a0<\/p>\t\t\t\t\t\t\t\t<\/div>\n\t\t\t\t<\/div>\n\t\t\t\t\t<\/div>\n\t\t<\/div>\n\t\t\t\t\t<\/div>\n\t\t<\/section>\n\t\t\t\t<section class=\"elementor-section elementor-top-section elementor-element elementor-element-75fca53a elementor-section-boxed elementor-section-height-default elementor-section-height-default\" data-id=\"75fca53a\" data-element_type=\"section\">\n\t\t\t\t\t\t<div class=\"elementor-container elementor-column-gap-default\">\n\t\t\t\t\t<div class=\"elementor-column elementor-col-100 elementor-top-column elementor-element elementor-element-681a2a1a\" data-id=\"681a2a1a\" data-element_type=\"column\">\n\t\t\t<div class=\"elementor-widget-wrap elementor-element-populated\">\n\t\t\t\t\t\t\t<\/div>\n\t\t<\/div>\n\t\t\t\t\t<\/div>\n\t\t<\/section>\n\t\t\t\t<section class=\"elementor-section elementor-top-section elementor-element elementor-element-22876e27 elementor-section-boxed elementor-section-height-default elementor-section-height-default\" data-id=\"22876e27\" data-element_type=\"section\">\n\t\t\t\t\t\t<div class=\"elementor-container elementor-column-gap-default\">\n\t\t\t\t\t<div class=\"elementor-column elementor-col-100 elementor-top-column elementor-element elementor-element-78919133\" data-id=\"78919133\" data-element_type=\"column\">\n\t\t\t<div class=\"elementor-widget-wrap elementor-element-populated\">\n\t\t\t\t\t\t\t<\/div>\n\t\t<\/div>\n\t\t\t\t\t<\/div>\n\t\t<\/section>\n\t\t\t\t<section class=\"elementor-section elementor-top-section elementor-element elementor-element-ec0c231 elementor-section-boxed elementor-section-height-default elementor-section-height-default\" data-id=\"ec0c231\" data-element_type=\"section\">\n\t\t\t\t\t\t<div class=\"elementor-container elementor-column-gap-default\">\n\t\t\t\t\t<div class=\"elementor-column elementor-col-100 elementor-top-column elementor-element elementor-element-0de6430\" data-id=\"0de6430\" data-element_type=\"column\">\n\t\t\t<div class=\"elementor-widget-wrap elementor-element-populated\">\n\t\t\t\t\t\t<div class=\"elementor-element elementor-element-36059fe elementor-widget elementor-widget-text-editor\" data-id=\"36059fe\" data-element_type=\"widget\" data-widget_type=\"text-editor.default\">\n\t\t\t\t<div class=\"elementor-widget-container\">\n\t\t\t\t\t\t\t\t\t<h2><em><strong>Elige la edici\u00f3n perfecta para ti o para esa persona especial<\/strong><\/em><\/h2>\t\t\t\t\t\t\t\t<\/div>\n\t\t\t\t<\/div>\n\t\t\t\t\t<\/div>\n\t\t<\/div>\n\t\t\t\t\t<\/div>\n\t\t<\/section>\n\t\t\t\t<section class=\"elementor-section elementor-top-section elementor-element elementor-element-16f3cddd elementor-section-boxed elementor-section-height-default elementor-section-height-default\" data-id=\"16f3cddd\" data-element_type=\"section\">\n\t\t\t\t\t\t<div class=\"elementor-container elementor-column-gap-default\">\n\t\t\t\t\t<div class=\"elementor-column elementor-col-100 elementor-top-column elementor-element elementor-element-3411c27e\" data-id=\"3411c27e\" data-element_type=\"column\">\n\t\t\t<div class=\"elementor-widget-wrap elementor-element-populated\">\n\t\t\t\t\t\t<div class=\"elementor-element elementor-element-16180423 elementor-grid-4 elementor-grid-tablet-3 elementor-grid-mobile-2 elementor-products-grid elementor-wc-products elementor-show-pagination-border-yes elementor-widget elementor-widget-woocommerce-products\" data-id=\"16180423\" data-element_type=\"widget\" data-widget_type=\"woocommerce-products.default\">\n\t\t\t\t<div class=\"elementor-widget-container\">\n\t\t\t\t\t<div class=\"woocommerce columns-4\"><div class=\"woocommerce-notices-wrapper\"><\/div><p class=\"woocommerce-result-count\" role=\"alert\" aria-relevant=\"all\" data-is-sorted-by=\"true\">\n\tShowing all 6 results<span class=\"screen-reader-text\" data-no-translation=\"\" data-trp-gettext=\"\">Sorted by latest<\/span><\/p>\n<ul class=\"products elementor-grid columns-4\">\n<li class=\"product type-product post-10071 status-publish first instock product_cat-regalos has-post-thumbnail featured shipping-taxable purchasable product-type-variable\">\n\t<a href=\"https:\/\/chrismathsdesignstore.com\/en\/product\/cita-a-ciegas-con-dios-edicion-pequenos-pasos-de-fe-para-ninos\/\" class=\"woocommerce-LoopProduct-link woocommerce-loop-product__link\"><img decoding=\"async\" width=\"300\" height=\"300\" src=\"https:\/\/chrismathsdesignstore.com\/wp-content\/uploads\/2026\/03\/12aefd79-4f22-4a25-bae7-815c0efaf287-300x300.png\" class=\"attachment-woocommerce_thumbnail size-woocommerce_thumbnail\" alt=\"Cita a Ciegas con Dios \u2013 Edici\u00f3n: \u201cPeque\u00f1os Pasos de Fe\u201d (Para ni\u00f1os)\" srcset=\"https:\/\/chrismathsdesignstore.com\/wp-content\/uploads\/2026\/03\/12aefd79-4f22-4a25-bae7-815c0efaf287-300x300.png 300w, https:\/\/chrismathsdesignstore.com\/wp-content\/uploads\/2026\/03\/12aefd79-4f22-4a25-bae7-815c0efaf287-150x150.png 150w, https:\/\/chrismathsdesignstore.com\/wp-content\/uploads\/2026\/03\/12aefd79-4f22-4a25-bae7-815c0efaf287-768x768.png 768w, https:\/\/chrismathsdesignstore.com\/wp-content\/uploads\/2026\/03\/12aefd79-4f22-4a25-bae7-815c0efaf287-12x12.png 12w, https:\/\/chrismathsdesignstore.com\/wp-content\/uploads\/2026\/03\/12aefd79-4f22-4a25-bae7-815c0efaf287-600x600.png 600w, https:\/\/chrismathsdesignstore.com\/wp-content\/uploads\/2026\/03\/12aefd79-4f22-4a25-bae7-815c0efaf287-100x100.png 100w, https:\/\/chrismathsdesignstore.com\/wp-content\/uploads\/2026\/03\/12aefd79-4f22-4a25-bae7-815c0efaf287.png 1024w\" sizes=\"(max-width: 300px) 100vw, 300px\" \/><h2 class=\"woocommerce-loop-product__title\">Cita a Ciegas con Dios \u2013 Edici\u00f3n: \u201cPeque\u00f1os Pasos de Fe\u201d (Para ni\u00f1os)<\/h2>\n\t<span class=\"price\">From&nbsp;<span class=\"woocommerce-Price-amount amount\"><bdi><span class=\"woocommerce-Price-currencySymbol\">&#36;<\/span>27.00<\/bdi><\/span><\/span>\n<\/a><a href=\"https:\/\/chrismathsdesignstore.com\/en\/product\/cita-a-ciegas-con-dios-edicion-pequenos-pasos-de-fe-para-ninos\/\" aria-describedby=\"woocommerce_loop_add_to_cart_link_describedby_10071\" data-quantity=\"1\" class=\"button product_type_variable add_to_cart_button cfvsw_ajax_add_to_cart\" data-product_id=\"10071\" data-product_sku=\"\" aria-label=\"Select options for \u201cCita a Ciegas con Dios \u2013 Edici\u00f3n: \u201cPeque\u00f1os Pasos de Fe\u201d (Para ni\u00f1os)\u201d\" rel=\"nofollow\" data-add_to_cart_text=\"Add to Cart\" data-select_options_text=\"Select options\" data-no-translation-aria-label=\"\">Select options<\/a>\t<span id=\"woocommerce_loop_add_to_cart_link_describedby_10071\" class=\"screen-reader-text\">\n\t\tThis product has multiple variants. The options may be chosen on the product page\t<\/span>\n<\/li>\n<li class=\"product type-product post-10044 status-publish instock product_cat-regalos has-post-thumbnail featured shipping-taxable purchasable product-type-simple\">\n\t<a href=\"https:\/\/chrismathsdesignstore.com\/en\/product\/cita-a-ciegas-con-dios-edicion-coloreando-mi-fe\/\" class=\"woocommerce-LoopProduct-link woocommerce-loop-product__link\"><img decoding=\"async\" width=\"300\" height=\"300\" src=\"https:\/\/chrismathsdesignstore.com\/wp-content\/uploads\/2026\/03\/CITA-A-CIEGAS-CON-DIOS-CON-UN-LIBRO-300x300.png\" class=\"attachment-woocommerce_thumbnail size-woocommerce_thumbnail\" alt=\"CITA A CIEGAS CON DIOS CON UN LIBRO PARA COLOREAR\" srcset=\"https:\/\/chrismathsdesignstore.com\/wp-content\/uploads\/2026\/03\/CITA-A-CIEGAS-CON-DIOS-CON-UN-LIBRO-300x300.png 300w, https:\/\/chrismathsdesignstore.com\/wp-content\/uploads\/2026\/03\/CITA-A-CIEGAS-CON-DIOS-CON-UN-LIBRO-150x150.png 150w, https:\/\/chrismathsdesignstore.com\/wp-content\/uploads\/2026\/03\/CITA-A-CIEGAS-CON-DIOS-CON-UN-LIBRO-768x768.png 768w, https:\/\/chrismathsdesignstore.com\/wp-content\/uploads\/2026\/03\/CITA-A-CIEGAS-CON-DIOS-CON-UN-LIBRO-12x12.png 12w, https:\/\/chrismathsdesignstore.com\/wp-content\/uploads\/2026\/03\/CITA-A-CIEGAS-CON-DIOS-CON-UN-LIBRO-600x600.png 600w, https:\/\/chrismathsdesignstore.com\/wp-content\/uploads\/2026\/03\/CITA-A-CIEGAS-CON-DIOS-CON-UN-LIBRO-100x100.png 100w, https:\/\/chrismathsdesignstore.com\/wp-content\/uploads\/2026\/03\/CITA-A-CIEGAS-CON-DIOS-CON-UN-LIBRO.png 1000w\" sizes=\"(max-width: 300px) 100vw, 300px\" \/><h2 class=\"woocommerce-loop-product__title\">Cita a Ciegas con Dios \u2013 Edici\u00f3n:  \u201cColoreando mi Fe\u201d<\/h2>\n\t<span class=\"price\"><span class=\"woocommerce-Price-amount amount\"><bdi><span class=\"woocommerce-Price-currencySymbol\">&#36;<\/span>34.50<\/bdi><\/span><\/span>\n<\/a><a href=\"https:\/\/chrismathsdesignstore.com\/en\/product\/cita-a-ciegas-con-dios-edicion-coloreando-mi-fe\/\" aria-describedby=\"woocommerce_loop_add_to_cart_link_describedby_10044\" data-quantity=\"1\" class=\"button product_type_simple add_to_cart_button\" data-product_id=\"10044\" data-product_sku=\"\" aria-label=\"Add to cart: \u201cCita a Ciegas con Dios \u2013 Edici\u00f3n:  \u201cColoreando mi Fe\u201d\u201d\" rel=\"nofollow\" data-success_message=\"\u201cCita a Ciegas con Dios \u2013 Edici\u00f3n:  \u201cColoreando mi Fe\u201d\u201d has been added to your cart\" data-no-translation-aria-label=\"\" data-no-translation-data-success_message=\"\">Select options<\/a>\t<span id=\"woocommerce_loop_add_to_cart_link_describedby_10044\" class=\"screen-reader-text\">\n\t\t\t<\/span>\n<\/li>\n<li class=\"product type-product post-7793 status-publish instock product_cat-libretas product_cat-navidad has-post-thumbnail featured shipping-taxable purchasable product-type-variable\">\n\t<a href=\"https:\/\/chrismathsdesignstore.com\/en\/product\/cita-a-ciegas-con-dios-edicion-pequenos-comienzos\/\" class=\"woocommerce-LoopProduct-link woocommerce-loop-product__link\"><img loading=\"lazy\" decoding=\"async\" width=\"300\" height=\"300\" src=\"https:\/\/chrismathsdesignstore.com\/wp-content\/uploads\/2026\/02\/8afff07e-3743-41d8-81a1-e469106bdc45-300x300.png\" class=\"attachment-woocommerce_thumbnail size-woocommerce_thumbnail\" alt=\"Cita a Ciegas con Dios \u2013 Edici\u00f3n \u201cPeque\u00f1os Comienzos\u201d\" srcset=\"https:\/\/chrismathsdesignstore.com\/wp-content\/uploads\/2026\/02\/8afff07e-3743-41d8-81a1-e469106bdc45-300x300.png 300w, https:\/\/chrismathsdesignstore.com\/wp-content\/uploads\/2026\/02\/8afff07e-3743-41d8-81a1-e469106bdc45-150x150.png 150w, https:\/\/chrismathsdesignstore.com\/wp-content\/uploads\/2026\/02\/8afff07e-3743-41d8-81a1-e469106bdc45-100x100.png 100w\" sizes=\"(max-width: 300px) 100vw, 300px\" \/><h2 class=\"woocommerce-loop-product__title\">Cita a Ciegas con Dios \u2013 Edici\u00f3n \u201cPeque\u00f1os Comienzos\u201d<\/h2>\n\t<span class=\"price\">From&nbsp;<span class=\"woocommerce-Price-amount amount\"><bdi><span class=\"woocommerce-Price-currencySymbol\">&#36;<\/span>39.00<\/bdi><\/span><\/span>\n<\/a><a href=\"https:\/\/chrismathsdesignstore.com\/en\/product\/cita-a-ciegas-con-dios-edicion-pequenos-comienzos\/\" aria-describedby=\"woocommerce_loop_add_to_cart_link_describedby_7793\" data-quantity=\"1\" class=\"button product_type_variable add_to_cart_button cfvsw_ajax_add_to_cart\" data-product_id=\"7793\" data-product_sku=\"\" aria-label=\"Select options for \u201cCita a Ciegas con Dios \u2013 Edici\u00f3n \u201cPeque\u00f1os Comienzos\u201d\u201d\" rel=\"nofollow\" data-add_to_cart_text=\"Add to Cart\" data-select_options_text=\"Select options\" data-no-translation-aria-label=\"\">Select options<\/a>\t<span id=\"woocommerce_loop_add_to_cart_link_describedby_7793\" class=\"screen-reader-text\">\n\t\tThis product has multiple variants. The options may be chosen on the product page\t<\/span>\n<\/li>\n<li class=\"product type-product post-6946 status-publish last instock product_cat-libretas product_cat-navidad has-post-thumbnail featured shipping-taxable purchasable product-type-simple\">\n\t<a href=\"https:\/\/chrismathsdesignstore.com\/en\/product\/cita-a-ciegas-con-dios-edicion-semilla-de-fe\/\" class=\"woocommerce-LoopProduct-link woocommerce-loop-product__link\"><img loading=\"lazy\" decoding=\"async\" width=\"300\" height=\"300\" src=\"https:\/\/chrismathsdesignstore.com\/wp-content\/uploads\/2026\/01\/CITA-A-CIEGAS-CON-DIOS-28-1-300x300.png\" class=\"attachment-woocommerce_thumbnail size-woocommerce_thumbnail\" alt=\"Cita a Ciegas con Dios \u2013 Edici\u00f3n Semilla de Fe\" srcset=\"https:\/\/chrismathsdesignstore.com\/wp-content\/uploads\/2026\/01\/CITA-A-CIEGAS-CON-DIOS-28-1-300x300.png 300w, https:\/\/chrismathsdesignstore.com\/wp-content\/uploads\/2026\/01\/CITA-A-CIEGAS-CON-DIOS-28-1-1024x1024.png 1024w, https:\/\/chrismathsdesignstore.com\/wp-content\/uploads\/2026\/01\/CITA-A-CIEGAS-CON-DIOS-28-1-150x150.png 150w, https:\/\/chrismathsdesignstore.com\/wp-content\/uploads\/2026\/01\/CITA-A-CIEGAS-CON-DIOS-28-1-768x768.png 768w, https:\/\/chrismathsdesignstore.com\/wp-content\/uploads\/2026\/01\/CITA-A-CIEGAS-CON-DIOS-28-1-600x600.png 600w, https:\/\/chrismathsdesignstore.com\/wp-content\/uploads\/2026\/01\/CITA-A-CIEGAS-CON-DIOS-28-1-100x100.png 100w, https:\/\/chrismathsdesignstore.com\/wp-content\/uploads\/2026\/01\/CITA-A-CIEGAS-CON-DIOS-28-1.png 1500w\" sizes=\"(max-width: 300px) 100vw, 300px\" \/><h2 class=\"woocommerce-loop-product__title\">Cita a Ciegas con Dios \u2013 Edici\u00f3n Semilla de Fe<\/h2>\n\t<span class=\"price\"><span class=\"woocommerce-Price-amount amount\"><bdi><span class=\"woocommerce-Price-currencySymbol\">&#36;<\/span>28.50<\/bdi><\/span><\/span>\n<\/a><a href=\"https:\/\/chrismathsdesignstore.com\/en\/product\/cita-a-ciegas-con-dios-edicion-semilla-de-fe\/\" aria-describedby=\"woocommerce_loop_add_to_cart_link_describedby_6946\" data-quantity=\"1\" class=\"button product_type_simple add_to_cart_button\" data-product_id=\"6946\" data-product_sku=\"\" aria-label=\"Add to cart: \u201cCita a Ciegas con Dios \u2013 Edici\u00f3n Semilla de Fe\u201d\" rel=\"nofollow\" data-success_message=\"\u201cCita a Ciegas con Dios \u2013 Edici\u00f3n Semilla de Fe\u201d has been added to your cart\" data-no-translation-aria-label=\"\" data-no-translation-data-success_message=\"\">Select options<\/a>\t<span id=\"woocommerce_loop_add_to_cart_link_describedby_6946\" class=\"screen-reader-text\">\n\t\t\t<\/span>\n<\/li>\n<li class=\"product type-product post-6754 status-publish first instock product_cat-regalos has-post-thumbnail featured shipping-taxable purchasable product-type-variable\">\n\t<a href=\"https:\/\/chrismathsdesignstore.com\/en\/product\/cita-a-ciegas-con-dios\/\" class=\"woocommerce-LoopProduct-link woocommerce-loop-product__link\"><img loading=\"lazy\" decoding=\"async\" width=\"300\" height=\"300\" src=\"https:\/\/chrismathsdesignstore.com\/wp-content\/uploads\/2025\/12\/39245555-0cb4-4bb4-a9e9-e9a1c330d44d-300x300.png\" class=\"attachment-woocommerce_thumbnail size-woocommerce_thumbnail\" alt=\"Cita a Ciegas con Dios \u2013 Edici\u00f3n Refugio en \u00c9l\" srcset=\"https:\/\/chrismathsdesignstore.com\/wp-content\/uploads\/2025\/12\/39245555-0cb4-4bb4-a9e9-e9a1c330d44d-300x300.png 300w, https:\/\/chrismathsdesignstore.com\/wp-content\/uploads\/2025\/12\/39245555-0cb4-4bb4-a9e9-e9a1c330d44d-150x150.png 150w, https:\/\/chrismathsdesignstore.com\/wp-content\/uploads\/2025\/12\/39245555-0cb4-4bb4-a9e9-e9a1c330d44d-100x100.png 100w\" sizes=\"(max-width: 300px) 100vw, 300px\" \/><h2 class=\"woocommerce-loop-product__title\">Cita a Ciegas con Dios \u2013 Edici\u00f3n Refugio en \u00c9l<\/h2>\n\t<span class=\"price\">From&nbsp;<span class=\"woocommerce-Price-amount amount\"><bdi><span class=\"woocommerce-Price-currencySymbol\">&#36;<\/span>35.00<\/bdi><\/span><\/span>\n<\/a><a href=\"https:\/\/chrismathsdesignstore.com\/en\/product\/cita-a-ciegas-con-dios\/\" aria-describedby=\"woocommerce_loop_add_to_cart_link_describedby_6754\" data-quantity=\"1\" class=\"button product_type_variable add_to_cart_button cfvsw_ajax_add_to_cart\" data-product_id=\"6754\" data-product_sku=\"\" aria-label=\"Select options for \u201cCita a Ciegas con Dios \u2013 Edici\u00f3n Refugio en \u00c9l\u201d\" rel=\"nofollow\" data-add_to_cart_text=\"Add to Cart\" data-select_options_text=\"Select options\" data-no-translation-aria-label=\"\">Select options<\/a>\t<span id=\"woocommerce_loop_add_to_cart_link_describedby_6754\" class=\"screen-reader-text\">\n\t\tThis product has multiple variants. The options may be chosen on the product page\t<\/span>\n<\/li>\n<li class=\"product type-product post-6706 status-publish instock product_cat-libretas product_cat-navidad has-post-thumbnail featured shipping-taxable purchasable product-type-variable\">\n\t<a href=\"https:\/\/chrismathsdesignstore.com\/en\/product\/cita-a-ciegas-con-dios-set-de-regalo\/\" class=\"woocommerce-LoopProduct-link woocommerce-loop-product__link\"><img loading=\"lazy\" decoding=\"async\" width=\"300\" height=\"300\" src=\"https:\/\/chrismathsdesignstore.com\/wp-content\/uploads\/2025\/11\/18e0a495-9c6e-48e4-af7e-2abad0714b81-300x300.png\" class=\"attachment-woocommerce_thumbnail size-woocommerce_thumbnail\" alt=\"Cita a Ciegas con Dios \u2013 Edici\u00f3n Peque\u00f1os Comienzos\" srcset=\"https:\/\/chrismathsdesignstore.com\/wp-content\/uploads\/2025\/11\/18e0a495-9c6e-48e4-af7e-2abad0714b81-300x300.png 300w, https:\/\/chrismathsdesignstore.com\/wp-content\/uploads\/2025\/11\/18e0a495-9c6e-48e4-af7e-2abad0714b81-150x150.png 150w, https:\/\/chrismathsdesignstore.com\/wp-content\/uploads\/2025\/11\/18e0a495-9c6e-48e4-af7e-2abad0714b81-100x100.png 100w\" sizes=\"(max-width: 300px) 100vw, 300px\" \/><h2 class=\"woocommerce-loop-product__title\">Blind Date with God - \u201cLove at First Faith\u201d Edition\u201d<\/h2>\n\t<span class=\"price\">From&nbsp;<span class=\"woocommerce-Price-amount amount\"><bdi><span class=\"woocommerce-Price-currencySymbol\">&#36;<\/span>45.50<\/bdi><\/span><\/span>\n<\/a><a href=\"https:\/\/chrismathsdesignstore.com\/en\/product\/cita-a-ciegas-con-dios-set-de-regalo\/\" aria-describedby=\"woocommerce_loop_add_to_cart_link_describedby_6706\" data-quantity=\"1\" class=\"button product_type_variable add_to_cart_button cfvsw_ajax_add_to_cart\" data-product_id=\"6706\" data-product_sku=\"\" aria-label=\"Select options for \u201cCita a Ciegas con Dios \u2013 Edici\u00f3n \u201cAmor a Primera Fe\u201d\u201d\" rel=\"nofollow\" data-add_to_cart_text=\"Add to Cart\" data-select_options_text=\"Select options\" data-no-translation-aria-label=\"\">Select options<\/a>\t<span id=\"woocommerce_loop_add_to_cart_link_describedby_6706\" class=\"screen-reader-text\">\n\t\tThis product has multiple variants. The options may be chosen on the product page\t<\/span>\n<\/li>\n<\/ul>\n<\/div>\t\t\t\t<\/div>\n\t\t\t\t<\/div>\n\t\t\t\t\t<\/div>\n\t\t<\/div>\n\t\t\t\t\t<\/div>\n\t\t<\/section>\n\t\t\t\t<section class=\"elementor-section elementor-top-section elementor-element elementor-element-eb8e1a3 elementor-section-boxed elementor-section-height-default elementor-section-height-default\" data-id=\"eb8e1a3\" data-element_type=\"section\">\n\t\t\t\t\t\t<div class=\"elementor-container elementor-column-gap-default\">\n\t\t\t\t\t<div class=\"elementor-column elementor-col-100 elementor-top-column elementor-element elementor-element-4af08a6\" data-id=\"4af08a6\" data-element_type=\"column\">\n\t\t\t<div class=\"elementor-widget-wrap elementor-element-populated\">\n\t\t\t\t\t\t\t<\/div>\n\t\t<\/div>\n\t\t\t\t\t<\/div>\n\t\t<\/section>\n\t\t\t\t<\/div>","protected":false},"excerpt":{"rendered":"<p>Cita a Ciegas con Dios Una experiencia creada para acercarte a Dios de una manera \u00edntima, personal y llena de prop\u00f3sito. Cada detalle ha sido preparado con amor para guiarte a un momento especial con \u00c9l, donde podr\u00e1s encontrar paz, direcci\u00f3n y un recordatorio de cu\u00e1nto te ama. \u00a0 \u2728 Un encuentro que puede transformar [&hellip;]<\/p>\n","protected":false},"author":1,"featured_media":0,"parent":0,"menu_order":0,"comment_status":"closed","ping_status":"closed","template":"","meta":{"_monsterinsights_skip_tracking":false,"_monsterinsights_sitenote_active":false,"_monsterinsights_sitenote_note":"","_monsterinsights_sitenote_category":0,"footnotes":""},"class_list":["post-6827","page","type-page","status-publish","hentry"],"aioseo_notices":[],"jetpack_sharing_enabled":true,"_links":{"self":[{"href":"https:\/\/chrismathsdesignstore.com\/en\/wp-json\/wp\/v2\/pages\/6827","targetHints":{"allow":["GET"]}}],"collection":[{"href":"https:\/\/chrismathsdesignstore.com\/en\/wp-json\/wp\/v2\/pages"}],"about":[{"href":"https:\/\/chrismathsdesignstore.com\/en\/wp-json\/wp\/v2\/types\/page"}],"author":[{"embeddable":true,"href":"https:\/\/chrismathsdesignstore.com\/en\/wp-json\/wp\/v2\/users\/1"}],"replies":[{"embeddable":true,"href":"https:\/\/chrismathsdesignstore.com\/en\/wp-json\/wp\/v2\/comments?post=6827"}],"version-history":[{"count":88,"href":"https:\/\/chrismathsdesignstore.com\/en\/wp-json\/wp\/v2\/pages\/6827\/revisions"}],"predecessor-version":[{"id":10218,"href":"https:\/\/chrismathsdesignstore.com\/en\/wp-json\/wp\/v2\/pages\/6827\/revisions\/10218"}],"wp:attachment":[{"href":"https:\/\/chrismathsdesignstore.com\/en\/wp-json\/wp\/v2\/media?parent=6827"}],"curies":[{"name":"wp","href":"https:\/\/api.w.org\/{rel}","templated":true}]}}